{"id":1422,"date":"2025-12-29T11:21:22","date_gmt":"2025-12-29T11:21:22","guid":{"rendered":"https:\/\/spinwinera.org\/app-2\/"},"modified":"2025-12-29T13:50:47","modified_gmt":"2025-12-29T13:50:47","slug":"app","status":"publish","type":"page","link":"https:\/\/spinwinera.org\/de\/app\/","title":{"rendered":"App"},"content":{"rendered":"<h1>Spinwinera auf Mobilger\u00e4ten<\/h1>\n<p>Die Spinwinera App f\u00fcr Android und iOS bietet Zugriff auf den Spielkatalog und die Kontofunktionen der Plattform auf mobilen Ger\u00e4ten. Der Dienst funktioniert auf modernen Smartphones und Tablets und passt sich unterschiedlichen Bildschirmformaten an.<\/p>\n<p>Die mobile Version umfasst dieselben Funktionen wie die Desktop-Website. Das Casino wird als Progressive Web App (PWA) betrieben, sodass keine Dateien von Drittanbietern installiert werden m\u00fcssen, um darauf zuzugreifen.<\/p>\n<div class=\"banner-wrap\" aria-label=\"Banner\"><img src=\"https:\/\/spinwinera.org\/wp-content\/uploads\/2025\/12\/Spinwinera-bonus-desktop.webp\" class=\"w-100 d-none d-lg-block img-pc main-banner-img\" alt=\"Spinwinera bonus desktop\" fetchpriority=\"high\" decoding=\"async\"><img src=\"https:\/\/spinwinera.org\/wp-content\/uploads\/2025\/12\/Spinwinera-bonus-mobile.webp\" class=\"w-100 d-none d-md-block d-lg-none main-banner-img\" alt=\"Spinwinera bonus mobile\" fetchpriority=\"high\" decoding=\"async\"><img src=\"https:\/\/spinwinera.org\/wp-content\/uploads\/2025\/12\/Spinwinera-bonus-mobile.webp\" class=\"w-100 d-md-none\" alt=\"Spinwinera bonus mobile\" fetchpriority=\"high\" decoding=\"async\"><div class=\"banner-description\">\n<div class=\"banner-title\">Willkommensboni<\/div>\n<p class=\"banner-header-title\">1500 \u20ac<\/p>\n<div class=\"banner-header-AdditionalText\">+ 250 Freispiele<\/div>\n<button data-item=\"homepage_banner_link\" class=\"goto m-button m-gradient-border m-button--primary m-button--large banner-button btn-orange\">\n            <div class=\"m-button-content\">\n                <span>Jetzt anmelden<\/span>\n                <span><\/span>\n            <\/div>\n        <\/button>\n<\/div>\n<div class=\"WelcomePack\">\n<p><img loading=\"lazy\" decoding=\"async\" class=\"alignnone size-full wp-image-1338\" src=\"https:\/\/spinwinera.org\/wp-content\/uploads\/2025\/12\/welcome-crown.svg\" alt=\"crown\" width=\"25\" height=\"26\" \/><\/p>\n<div class=\"WelcomePack-Info\">W\u00f6chentlicher Cashback von bis zu 25 %<\/div>\n<p><img loading=\"lazy\" decoding=\"async\" class=\"alignnone size-full wp-image-1338\" src=\"https:\/\/spinwinera.org\/wp-content\/uploads\/2025\/12\/welcome-crown.svg\" alt=\"crown\" width=\"25\" height=\"26\" \/><\/p>\n<\/div>\n<\/div>\n<h2>Spinwinera Casino auf Mobilger\u00e4ten<\/h2>\n<p>Wie die meisten modernen Online-Plattformen bietet auch das Spinwinera Casino eine mobile Version, die mit Android- und iOS-Ger\u00e4ten kompatibel ist. Die Benutzeroberfl\u00e4che ist f\u00fcr kleinere Bildschirme optimiert und auf einfache Navigation ausgelegt.<\/p>\n<p>Die mobile Plattform bietet Zugriff auf den vollst\u00e4ndigen Spielkatalog mit \u00fcber 6.000 Titeln, verschiedene Zahlungsmethoden, Bonusprogramme sowie den Kundensupport. Die Daten\u00fcbertragung wird durch SSL-Verschl\u00fcsselung gesch\u00fctzt.<\/p>\n<p>Nachfolgend sind die wichtigsten Merkmale der mobilen Version von Spinwinera im Vergleich zur Desktop-Variante aufgef\u00fchrt.<\/p>\n<table>\n<tbody>\n<tr>\n<td>Funktion<\/td>\n<td>Mobile software<\/td>\n<td>PC-Version<\/td>\n<\/tr>\n<tr>\n<td>Barrierefreiheit<\/td>\n<td>Sie k\u00f6nnen jederzeit und \u00fcberall von Ihrem Smartphone oder Tablet aus spielen.<\/td>\n<td>Es ist ein Desktop-PC oder Laptop erforderlich.<\/td>\n<\/tr>\n<tr>\n<td>Benachrichtigungen<\/td>\n<td>Benutzer erhalten Push-Benachrichtigungen zu Boni, Turnieren und Freispielen.<\/td>\n<td>Es gibt keine Echtzeit-Benachrichtigungen, es sei denn, Sie melden sich an.<\/td>\n<\/tr>\n<tr>\n<td>Sicherheit<\/td>\n<td>Sie k\u00f6nnen sich f\u00fcr zus\u00e4tzliche Sicherheit biometrisch anmelden (Face ID\/Fingerabdruck).<\/td>\n<td>Es basiert ausschlie\u00dflich auf einer Passwortanmeldung.<\/td>\n<\/tr>\n<tr>\n<td>Offline-Zugriff<\/td>\n<td>Einige Spiele oder Kontoaktionen funktionieren auch ohne vollst\u00e4ndige Internetverbindung.<\/td>\n<td>Diese Version erfordert jederzeit eine stabile Verbindung.<\/td>\n<\/tr>\n<\/tbody>\n<\/table>\n<p><div class=\"scrollable-content-wrap my-5\"><div class=\"scrollable-content-inner\"><h2>Spinwinera App f\u00fcr Android-Ger\u00e4te<\/h2>\n<p>Die mobile Version von Spinwinera erm\u00f6glicht den Zugriff auf die Plattform von verschiedenen Orten und Ger\u00e4ten aus. F\u00fcr Android-Nutzer steht eine Progressive Web App (PWA) zur Verf\u00fcgung. Diese funktioniert auf modernen Smartphones und Tablets, ohne dass externe APK-Dateien aus unbekannten Quellen installiert werden m\u00fcssen.<\/p>\n<p>Die mobile Benutzeroberfl\u00e4che entspricht in Aufbau und Funktionen der Desktop-Version, ist jedoch an Touch-Navigation und kleinere Bildschirme angepasst.<\/p>\n<p>So f\u00fcgen Sie das Spinwinera-App-Symbol auf einem Android-Ger\u00e4t hinzu:<\/p>\n<ol>\n<li>Besuchen Sie die offizielle Website.<\/li>\n<li>Scrollen Sie bis zum Seitenende und w\u00e4hlen Sie die Option \u201eCasino App\u201c.<\/li>\n<li>Best\u00e4tigen Sie die Installationsaufforderung.<\/li>\n<li>Das Spinwinera-Symbol erscheint anschlie\u00dfend auf dem Startbildschirm Ihres Ger\u00e4ts.<\/li>\n<\/ol>\n<p>Nutzer, die die App nicht installieren m\u00f6chten, k\u00f6nnen die Plattform \u00fcber jeden mobilen Browser aufrufen. Viele Browser bieten au\u00dferdem die M\u00f6glichkeit, eine Verkn\u00fcpfung auf dem Startbildschirm zu erstellen, um schnellen Zugriff zu erhalten.<\/p>\n<p><img loading=\"lazy\" decoding=\"async\" src=\"https:\/\/spinwinera.org\/wp-content\/uploads\/2025\/12\/Spinwinera-Android-App.webp\" alt=\"Spinwinera Android App\" width=\"1248\" height=\"536\" \/><\/p>\n<\/div><\/div><div style=\"clear: both\"><\/div><div class=\"d-flex justify-content-center\"><button data-item=\"decouvrez_link\" data-group=\"website_links\" class=\"goto fw-bold rounded-pill btn btn-orange\" aria-label=\"Laden Sie die Spinwinera-App herunter\" >Laden Sie die Spinwinera-App herunter<\/button><\/div><div class=\"scrollable-content-wrap my-5\"><div class=\"scrollable-content-inner\"><h2>Spinwinera App f\u00fcr iOS-Ger\u00e4te<\/h2>\n<p>Die mobile Plattform von Spinwinera ist auch f\u00fcr iOS verf\u00fcgbar und funktioniert auf allen aktuellen iPhone- und iPad-Modellen. Die Benutzeroberfl\u00e4che passt sich unterschiedlichen Bildschirmgr\u00f6\u00dfen an und unterst\u00fctzt dieselben Hauptfunktionen wie die Desktop-Version, einschlie\u00dflich Zugriff auf Slots, Tischspiele und Live-Dealer-Titel.Die Installation auf iOS erfolgt nach denselben Schritten wie bei Android.<\/p>\n<p>Spinwinera kann au\u00dferdem \u00fcber jeden mobilen Browser genutzt werden. Die Browserversion beh\u00e4lt den gleichen Aufbau und die gleichen Funktionen wie die Desktop-Website bei und ist f\u00fcr Touch-Steuerung optimiert.<\/p>\n<p>Nutzer, die einen schnelleren Zugriff bevorzugen, k\u00f6nnen eine Verkn\u00fcpfung auf dem Startbildschirm erstellen, indem sie die folgenden Schritte ausf\u00fchren:<\/p>\n<ol>\n<li>\u00d6ffnen Sie die Kurzbefehle-App (Shortcuts) auf dem Ger\u00e4t.<\/li>\n<li>Tippen Sie auf das + Symbol, um einen neuen Kurzbefehl zu erstellen.<\/li>\n<li>W\u00e4hlen Sie Aktion hinzuf\u00fcgen und geben Sie die Adresse der Spinwinera-Website ein.<\/li>\n<li>Tippen Sie auf den Pfeil neben dem Namen des Kurzbefehls und w\u00e4hlen Sie Zum Startbildschirm hinzuf\u00fcgen.<\/li>\n<li>Geben Sie dem Kurzbefehl optional einen eigenen Namen und best\u00e4tigen Sie mit Hinzuf\u00fcgen.<\/li>\n<\/ol>\n<p><img loading=\"lazy\" decoding=\"async\" src=\"https:\/\/spinwinera.org\/wp-content\/uploads\/2025\/12\/Spinwinera-iOS-App.webp\" alt=\"Spinwinera iOS App\" width=\"1248\" height=\"536\" \/><\/p>\n<\/div><\/div><div style=\"clear: both\"><\/div><div class=\"d-flex justify-content-center\"><button data-item=\"decouvrez_link\" data-group=\"website_links\" class=\"goto fw-bold rounded-pill btn btn-orange\" aria-label=\"Spinwinera herunterladen\" >Spinwinera herunterladen<\/button><\/div><div class=\"scrollable-content-wrap my-5\"><div class=\"scrollable-content-inner\"><h2>Zugriff auf Spinwinera unter Windows- und macOS-Ger\u00e4ten<\/h2>\n<p>Das Spinwinera Casino ist auch f\u00fcr Desktop-Nutzer verf\u00fcgbar, die lieber am Computer spielen. Die Plattform kann \u00fcber jeden modernen Webbrowser aufgerufen werden, indem die Website-Adresse eingegeben wird.<\/p>\n<p>F\u00fcr einen schnelleren Zugriff kann \u00fcber das Browsermen\u00fc die Option \u201eZum Startbildschirm hinzuf\u00fcgen\u201c gew\u00e4hlt werden, um eine Verkn\u00fcpfung auf dem Desktop oder dem Home-Bildschirm zu erstellen.<\/p>\n<p>Bei Fragen oder Problemen steht der Kundensupport rund um die Uhr (24\/7) \u00fcber Live-Chat oder E-Mail zur Verf\u00fcgung.<\/p>\n<p><img loading=\"lazy\" decoding=\"async\" src=\"https:\/\/spinwinera.org\/wp-content\/uploads\/2025\/12\/Spinwinera-PC.webp\" alt=\"Spinwinera desktop\" width=\"1248\" height=\"536\" \/><\/p>\n<\/div><\/div><div style=\"clear: both\"><\/div><div class=\"d-flex justify-content-center\"><button data-item=\"decouvrez_link\" data-group=\"website_links\" class=\"goto fw-bold rounded-pill btn btn-orange\" aria-label=\"Laden Sie die Spinwinera-App herunter\" >Laden Sie die Spinwinera-App herunter<\/button><\/div><div class=\"scrollable-content-wrap my-5\"><div class=\"scrollable-content-inner\"><h2>FAQ<\/h2>\n<h3>Gibt es im Spinwinera Casino App einen Kundensupport?<\/h3>\n<p>Die mobile Version von Spinwinera bietet denselben Funktionsumfang wie die Desktop-Plattform, einschlie\u00dflich des Kundensupports \u00fcber den Live-Chat. Unterst\u00fctzung ist au\u00dferdem per E-Mail von jedem Ger\u00e4t aus verf\u00fcgbar. Die Support-Services stehen rund um die Uhr (24\/7) zur Verf\u00fcgung.<\/p>\n<h3>Ben\u00f6tige ich ein Konto, um die Spinwinera App zu nutzen?<\/h3>\n<p>Ja, f\u00fcr die Nutzung der Spinwinera App und den Zugriff auf Funktionen wie Spiele, Zahlungsmethoden und Kundensupport ist ein Konto erforderlich. Die Registrierung dauert nur wenige Minuten und erfordert die Eingabe grundlegender Benutzerdaten. Nach Abschluss der Anmeldung stehen alle Funktionen der Plattform innerhalb der App zur Verf\u00fcgung.<\/p>\n<h3>Kann ich Ein- und Auszahlungen direkt in der App vornehmen?<\/h3>\n<p>Ja, Ein- und Auszahlungen k\u00f6nnen \u00fcber die Spinwinera App mit denselben Zahlungsmethoden wie in der Desktop-Version durchgef\u00fchrt werden. Vor der ersten Auszahlung kann eine Identit\u00e4ts\u00fcberpr\u00fcfung erforderlich sein. Alle Transaktionen werden gem\u00e4\u00df den Standardrichtlinien der Plattform verarbeitet.<\/p>\n<\/div><\/div><\/p>\n","protected":false},"excerpt":{"rendered":"<p>Spinwinera auf Mobilger\u00e4ten Die Spinwinera App f\u00fcr Android und iOS bietet Zugriff auf den Spielkatalog und die Kontofunktionen der Plattform auf mobilen Ger\u00e4ten. Der Dienst funktioniert auf modernen Smartphones und Tablets und passt sich unterschiedlichen Bildschirmformaten an. Die mobile Version umfasst dieselben Funktionen wie die Desktop-Website. Das Casino wird als Progressive Web App (PWA) betrieben, [&hellip;]<\/p>\n","protected":false},"author":1,"featured_media":0,"parent":0,"menu_order":0,"comment_status":"closed","ping_status":"closed","template":"template-builder.php","meta":{"_acf_changed":false,"inline_featured_image":false,"footnotes":""},"class_list":["post-1422","page","type-page","status-publish","hentry"],"acf":[],"yoast_head":"<!-- This site is optimized with the Yoast SEO plugin v27.3 - https:\/\/yoast.com\/product\/yoast-seo-wordpress\/ -->\n<title>Spinwinera Mobile Casino | Android- und iOS-App<\/title>\n<meta name=\"description\" content=\"Die Spinwinera-App bietet nahtloses Casino-Gaming auf Android-, iOS-, Windows- und macOS-Plattformen mit synchronisierten Konten, regelm\u00e4\u00dfigen Updates und integriertem Kundensupport f\u00fcr ununterbrochenes Spielvergn\u00fcgen.\" \/>\n<meta name=\"robots\" content=\"index, follow, max-snippet:-1, max-image-preview:large, max-video-preview:-1\" \/>\n<link rel=\"canonical\" href=\"https:\/\/spinwinera.org\/de\/app\/\" \/>\n<meta property=\"og:locale\" content=\"de_DE\" \/>\n<meta property=\"og:type\" content=\"article\" \/>\n<meta property=\"og:title\" content=\"Spinwinera Mobile Casino | Android- und iOS-App\" \/>\n<meta property=\"og:description\" content=\"Die Spinwinera-App bietet nahtloses Casino-Gaming auf Android-, iOS-, Windows- und macOS-Plattformen mit synchronisierten Konten, regelm\u00e4\u00dfigen Updates und integriertem Kundensupport f\u00fcr ununterbrochenes Spielvergn\u00fcgen.\" \/>\n<meta property=\"og:url\" content=\"https:\/\/spinwinera.org\/de\/app\/\" \/>\n<meta property=\"og:site_name\" content=\"spinwinera\" \/>\n<meta property=\"article:modified_time\" content=\"2025-12-29T13:50:47+00:00\" \/>\n<meta name=\"twitter:card\" content=\"summary_large_image\" \/>\n<meta name=\"twitter:label1\" content=\"Gesch\u00e4tzte Lesezeit\" \/>\n\t<meta name=\"twitter:data1\" content=\"2\u00a0Minuten\" \/>\n<script type=\"application\/ld+json\" class=\"yoast-schema-graph\">{\"@context\":\"https:\\\/\\\/schema.org\",\"@graph\":[{\"@type\":\"WebPage\",\"@id\":\"https:\\\/\\\/spinwinera.org\\\/de\\\/app\\\/\",\"url\":\"https:\\\/\\\/spinwinera.org\\\/de\\\/app\\\/\",\"name\":\"Spinwinera Mobile Casino | Android- und iOS-App\",\"isPartOf\":{\"@id\":\"https:\\\/\\\/spinwinera.org\\\/de\\\/#website\"},\"datePublished\":\"2025-12-29T11:21:22+00:00\",\"dateModified\":\"2025-12-29T13:50:47+00:00\",\"description\":\"Die Spinwinera-App bietet nahtloses Casino-Gaming auf Android-, iOS-, Windows- und macOS-Plattformen mit synchronisierten Konten, regelm\u00e4\u00dfigen Updates und integriertem Kundensupport f\u00fcr ununterbrochenes Spielvergn\u00fcgen.\",\"breadcrumb\":{\"@id\":\"https:\\\/\\\/spinwinera.org\\\/de\\\/app\\\/#breadcrumb\"},\"inLanguage\":\"de\",\"potentialAction\":[{\"@type\":\"ReadAction\",\"target\":[\"https:\\\/\\\/spinwinera.org\\\/de\\\/app\\\/\"]}]},{\"@type\":\"BreadcrumbList\",\"@id\":\"https:\\\/\\\/spinwinera.org\\\/de\\\/app\\\/#breadcrumb\",\"itemListElement\":[{\"@type\":\"ListItem\",\"position\":1,\"name\":\"Spinwinera\",\"item\":\"https:\\\/\\\/spinwinera.org\\\/de\\\/\"},{\"@type\":\"ListItem\",\"position\":2,\"name\":\"App\"}]},{\"@type\":\"WebSite\",\"@id\":\"https:\\\/\\\/spinwinera.org\\\/de\\\/#website\",\"url\":\"https:\\\/\\\/spinwinera.org\\\/de\\\/\",\"name\":\"Spinwinera\",\"description\":\"\",\"publisher\":{\"@id\":\"https:\\\/\\\/spinwinera.org\\\/de\\\/#organization\"},\"potentialAction\":[{\"@type\":\"SearchAction\",\"target\":{\"@type\":\"EntryPoint\",\"urlTemplate\":\"https:\\\/\\\/spinwinera.org\\\/de\\\/?s={search_term_string}\"},\"query-input\":{\"@type\":\"PropertyValueSpecification\",\"valueRequired\":true,\"valueName\":\"search_term_string\"}}],\"inLanguage\":\"de\"},{\"@type\":\"Organization\",\"@id\":\"https:\\\/\\\/spinwinera.org\\\/de\\\/#organization\",\"name\":\"Spinwinera\",\"url\":\"https:\\\/\\\/spinwinera.org\\\/de\\\/\",\"logo\":{\"@type\":\"ImageObject\",\"inLanguage\":\"de\",\"@id\":\"https:\\\/\\\/spinwinera.org\\\/de\\\/#\\\/schema\\\/logo\\\/image\\\/\",\"url\":\"https:\\\/\\\/spinwinera.org\\\/wp-content\\\/uploads\\\/2025\\\/12\\\/Spinwinera-logo-Mobile.png\",\"contentUrl\":\"https:\\\/\\\/spinwinera.org\\\/wp-content\\\/uploads\\\/2025\\\/12\\\/Spinwinera-logo-Mobile.png\",\"width\":87,\"height\":34,\"caption\":\"Spinwinera\"},\"image\":{\"@id\":\"https:\\\/\\\/spinwinera.org\\\/de\\\/#\\\/schema\\\/logo\\\/image\\\/\"}}]}<\/script>\n<!-- \/ Yoast SEO plugin. -->","yoast_head_json":{"title":"Spinwinera Mobile Casino | Android- und iOS-App","description":"Die Spinwinera-App bietet nahtloses Casino-Gaming auf Android-, iOS-, Windows- und macOS-Plattformen mit synchronisierten Konten, regelm\u00e4\u00dfigen Updates und integriertem Kundensupport f\u00fcr ununterbrochenes Spielvergn\u00fcgen.","robots":{"index":"index","follow":"follow","max-snippet":"max-snippet:-1","max-image-preview":"max-image-preview:large","max-video-preview":"max-video-preview:-1"},"canonical":"https:\/\/spinwinera.org\/de\/app\/","og_locale":"de_DE","og_type":"article","og_title":"Spinwinera Mobile Casino | Android- und iOS-App","og_description":"Die Spinwinera-App bietet nahtloses Casino-Gaming auf Android-, iOS-, Windows- und macOS-Plattformen mit synchronisierten Konten, regelm\u00e4\u00dfigen Updates und integriertem Kundensupport f\u00fcr ununterbrochenes Spielvergn\u00fcgen.","og_url":"https:\/\/spinwinera.org\/de\/app\/","og_site_name":"spinwinera","article_modified_time":"2025-12-29T13:50:47+00:00","twitter_card":"summary_large_image","twitter_misc":{"Gesch\u00e4tzte Lesezeit":"2\u00a0Minuten"},"schema":{"@context":"https:\/\/schema.org","@graph":[{"@type":"WebPage","@id":"https:\/\/spinwinera.org\/de\/app\/","url":"https:\/\/spinwinera.org\/de\/app\/","name":"Spinwinera Mobile Casino | Android- und iOS-App","isPartOf":{"@id":"https:\/\/spinwinera.org\/de\/#website"},"datePublished":"2025-12-29T11:21:22+00:00","dateModified":"2025-12-29T13:50:47+00:00","description":"Die Spinwinera-App bietet nahtloses Casino-Gaming auf Android-, iOS-, Windows- und macOS-Plattformen mit synchronisierten Konten, regelm\u00e4\u00dfigen Updates und integriertem Kundensupport f\u00fcr ununterbrochenes Spielvergn\u00fcgen.","breadcrumb":{"@id":"https:\/\/spinwinera.org\/de\/app\/#breadcrumb"},"inLanguage":"de","potentialAction":[{"@type":"ReadAction","target":["https:\/\/spinwinera.org\/de\/app\/"]}]},{"@type":"BreadcrumbList","@id":"https:\/\/spinwinera.org\/de\/app\/#breadcrumb","itemListElement":[{"@type":"ListItem","position":1,"name":"Spinwinera","item":"https:\/\/spinwinera.org\/de\/"},{"@type":"ListItem","position":2,"name":"App"}]},{"@type":"WebSite","@id":"https:\/\/spinwinera.org\/de\/#website","url":"https:\/\/spinwinera.org\/de\/","name":"Spinwinera","description":"","publisher":{"@id":"https:\/\/spinwinera.org\/de\/#organization"},"potentialAction":[{"@type":"SearchAction","target":{"@type":"EntryPoint","urlTemplate":"https:\/\/spinwinera.org\/de\/?s={search_term_string}"},"query-input":{"@type":"PropertyValueSpecification","valueRequired":true,"valueName":"search_term_string"}}],"inLanguage":"de"},{"@type":"Organization","@id":"https:\/\/spinwinera.org\/de\/#organization","name":"Spinwinera","url":"https:\/\/spinwinera.org\/de\/","logo":{"@type":"ImageObject","inLanguage":"de","@id":"https:\/\/spinwinera.org\/de\/#\/schema\/logo\/image\/","url":"https:\/\/spinwinera.org\/wp-content\/uploads\/2025\/12\/Spinwinera-logo-Mobile.png","contentUrl":"https:\/\/spinwinera.org\/wp-content\/uploads\/2025\/12\/Spinwinera-logo-Mobile.png","width":87,"height":34,"caption":"Spinwinera"},"image":{"@id":"https:\/\/spinwinera.org\/de\/#\/schema\/logo\/image\/"}}]}},"_links":{"self":[{"href":"https:\/\/spinwinera.org\/de\/wp-json\/wp\/v2\/pages\/1422","targetHints":{"allow":["GET"]}}],"collection":[{"href":"https:\/\/spinwinera.org\/de\/wp-json\/wp\/v2\/pages"}],"about":[{"href":"https:\/\/spinwinera.org\/de\/wp-json\/wp\/v2\/types\/page"}],"author":[{"embeddable":true,"href":"https:\/\/spinwinera.org\/de\/wp-json\/wp\/v2\/users\/1"}],"replies":[{"embeddable":true,"href":"https:\/\/spinwinera.org\/de\/wp-json\/wp\/v2\/comments?post=1422"}],"version-history":[{"count":2,"href":"https:\/\/spinwinera.org\/de\/wp-json\/wp\/v2\/pages\/1422\/revisions"}],"predecessor-version":[{"id":1613,"href":"https:\/\/spinwinera.org\/de\/wp-json\/wp\/v2\/pages\/1422\/revisions\/1613"}],"wp:attachment":[{"href":"https:\/\/spinwinera.org\/de\/wp-json\/wp\/v2\/media?parent=1422"}],"curies":[{"name":"wp","href":"https:\/\/api.w.org\/{rel}","templated":true}]}}