{"id":1434,"date":"2025-12-29T12:04:44","date_gmt":"2025-12-29T12:04:44","guid":{"rendered":"https:\/\/spinwinera.org\/bonus\/"},"modified":"2025-12-29T13:57:03","modified_gmt":"2025-12-29T13:57:03","slug":"aktionen","status":"publish","type":"page","link":"https:\/\/spinwinera.org\/de\/aktionen\/","title":{"rendered":"Aktionen"},"content":{"rendered":"<h1>Spinwinera Bonusprogramme<\/h1>\n<p>Spinwinera bietet ein Bonusprogramm, das ein Willkommenspaket von bis zu 1.500 \u20ac und 250 Freispielen umfasst, die \u00fcber die ersten drei Einzahlungen neuer Nutzer verteilt werden.<\/p>\n<p>Zus\u00e4tzliche Promotions k\u00f6nnen Cashback-, Rakeback-Angebote, Turniere und weitere laufende Aktionen beinhalten.<\/p>\n<p>Details und Bedingungen finden Sie im Promotionsbereich der Plattform.<\/p>\n<p><div class=\"banner-wrap\" aria-label=\"Banner\"><img src=\"https:\/\/spinwinera.org\/wp-content\/uploads\/2025\/12\/Spinwinera-bonus-desktop.webp\" class=\"w-100 d-none d-lg-block img-pc main-banner-img\" alt=\"Spinwinera bonus desktop\" fetchpriority=\"high\" decoding=\"async\"><img src=\"https:\/\/spinwinera.org\/wp-content\/uploads\/2025\/12\/Spinwinera-bonus-mobile.webp\" class=\"w-100 d-none d-md-block d-lg-none main-banner-img\" alt=\"Spinwinera bonus mobile\" fetchpriority=\"high\" decoding=\"async\"><img src=\"https:\/\/spinwinera.org\/wp-content\/uploads\/2025\/12\/Spinwinera-bonus-mobile.webp\" class=\"w-100 d-md-none\" alt=\"Spinwinera bonus mobile\" fetchpriority=\"high\" decoding=\"async\"><div class=\"banner-description\">\n<div class=\"banner-title\">Willkommensboni<\/div>\n<p class=\"banner-header-title\">1500 \u20ac<\/p>\n<div class=\"banner-header-AdditionalText\">+ 250 Freispiele<\/div>\n<button data-item=\"homepage_banner_link\" class=\"goto m-button m-gradient-border m-button--primary m-button--large banner-button btn-orange\">\n            <div class=\"m-button-content\">\n                <span>Jetzt anmelden<\/span>\n                <span><\/span>\n            <\/div>\n        <\/button>\n<\/div>\n<div class=\"WelcomePack\">\n<p><img loading=\"lazy\" decoding=\"async\" class=\"alignnone size-full wp-image-1338\" src=\"https:\/\/spinwinera.org\/wp-content\/uploads\/2025\/12\/welcome-crown.svg\" alt=\"crown\" width=\"25\" height=\"26\" \/><\/p>\n<div class=\"WelcomePack-Info\">W\u00f6chentlicher Cashback von bis zu 25 %<\/div>\n<p><img loading=\"lazy\" decoding=\"async\" class=\"alignnone size-full wp-image-1338\" src=\"https:\/\/spinwinera.org\/wp-content\/uploads\/2025\/12\/welcome-crown.svg\" alt=\"crown\" width=\"25\" height=\"26\" \/><\/p>\n<\/div>\n<\/div><div class=\"promotions-wrap\"><div class=\"promotion-card\" style=\"background-image: url(https:\/\/spinwinera.org\/wp-content\/uploads\/2025\/12\/first-deposit.webp);\"><h2 class=\"promotion-card__title\">Erste Einzahlung<\/h2><label class=\"promotion-card__offer\">100 % Bonus bis zu 500 \u20ac + 150 Freispiele<\/label><label class=\"promotion-card__description\"><\/label><div class=\"promotion-card__actions\"><button data-item=\"payments_link\" data-group=\"website_links\" class=\"goto btn btn-orange rounded-pill fw-bold px-4 m-button m-gradient-border m-button--primary m-button--large promotion-button promotion-card__action-btn\" aria-label=\"Anmelden\"><div class=\"m-button-content\"><span class=\"promotion-button__content\">Anmelden<\/span><\/div><\/button><button data-item=\"http:\/\/bonus_link\" data-group=\"website_links\" class=\"goto m-button m-gradient-border m-button--secondary m-button--medium promotion-card__info-btn\" aria-label=\"More information\"><div class=\"m-button-content\"><svg viewBox=\"0 0 24 24\" fill=\"none\" xmlns=\"http:\/\/www.w3.org\/2000\/svg\" class=\"m-icon m-icon-loadable\" name=\"Attention\" loading=\"false\" aria-hidden=\"true\"><path d=\"M12 22C6.477 22 2 17.522 2 12S6.477 2 12 2s10 4.478 10 10-4.477 10-10 10m-.002-13.004a.999.999 0 1 0 0-1.997.999.999 0 0 0 0 1.997M12 17a1 1 0 0 0 .993-.884L13 16l-.002-5.001-.007-.117a1 1 0 0 0-1.986 0l-.007.117L11 16l.007.117A1 1 0 0 0 12 17\" fill=\"currentColor\"><\/path><\/svg><\/div><\/button><\/div><\/div><div class=\"promotion-card\" style=\"background-image: url(https:\/\/spinwinera.org\/wp-content\/uploads\/2025\/12\/second-deposit.webp);\"><h2 class=\"promotion-card__title\">Zweite Einzahlung<\/h2><label class=\"promotion-card__offer\">55 % Bonus bis zu 500 \u20ac + 100 Freispiele<\/label><label class=\"promotion-card__description\"><\/label><div class=\"promotion-card__actions\"><button data-item=\"payments_link\" data-group=\"website_links\" class=\"goto btn btn-orange rounded-pill fw-bold px-4 m-button m-gradient-border m-button--primary m-button--large promotion-button promotion-card__action-btn\" aria-label=\"Anmelden\"><div class=\"m-button-content\"><span class=\"promotion-button__content\">Anmelden<\/span><\/div><\/button><button data-item=\"http:\/\/bonus_link\" data-group=\"website_links\" class=\"goto m-button m-gradient-border m-button--secondary m-button--medium promotion-card__info-btn\" aria-label=\"More information\"><div class=\"m-button-content\"><svg viewBox=\"0 0 24 24\" fill=\"none\" xmlns=\"http:\/\/www.w3.org\/2000\/svg\" class=\"m-icon m-icon-loadable\" name=\"Attention\" loading=\"false\" aria-hidden=\"true\"><path d=\"M12 22C6.477 22 2 17.522 2 12S6.477 2 12 2s10 4.478 10 10-4.477 10-10 10m-.002-13.004a.999.999 0 1 0 0-1.997.999.999 0 0 0 0 1.997M12 17a1 1 0 0 0 .993-.884L13 16l-.002-5.001-.007-.117a1 1 0 0 0-1.986 0l-.007.117L11 16l.007.117A1 1 0 0 0 12 17\" fill=\"currentColor\"><\/path><\/svg><\/div><\/button><\/div><\/div><div class=\"promotion-card\" style=\"background-image: url(https:\/\/spinwinera.org\/wp-content\/uploads\/2025\/12\/third-deposit.webp);\"><h2 class=\"promotion-card__title\">Dritte Einzahlung<\/h2><label class=\"promotion-card__offer\">100 % Bonus bis zu 500 \u20ac<\/label><label class=\"promotion-card__description\"><\/label><div class=\"promotion-card__actions\"><button data-item=\"payments_link\" data-group=\"website_links\" class=\"goto btn btn-orange rounded-pill fw-bold px-4 m-button m-gradient-border m-button--primary m-button--large promotion-button promotion-card__action-btn\" aria-label=\"Anmelden\"><div class=\"m-button-content\"><span class=\"promotion-button__content\">Anmelden<\/span><\/div><\/button><button data-item=\"http:\/\/bonus_link\" data-group=\"website_links\" class=\"goto m-button m-gradient-border m-button--secondary m-button--medium promotion-card__info-btn\" aria-label=\"More information\"><div class=\"m-button-content\"><svg viewBox=\"0 0 24 24\" fill=\"none\" xmlns=\"http:\/\/www.w3.org\/2000\/svg\" class=\"m-icon m-icon-loadable\" name=\"Attention\" loading=\"false\" aria-hidden=\"true\"><path d=\"M12 22C6.477 22 2 17.522 2 12S6.477 2 12 2s10 4.478 10 10-4.477 10-10 10m-.002-13.004a.999.999 0 1 0 0-1.997.999.999 0 0 0 0 1.997M12 17a1 1 0 0 0 .993-.884L13 16l-.002-5.001-.007-.117a1 1 0 0 0-1.986 0l-.007.117L11 16l.007.117A1 1 0 0 0 12 17\" fill=\"currentColor\"><\/path><\/svg><\/div><\/button><\/div><\/div><div class=\"promotion-card\" style=\"background-image: url(https:\/\/spinwinera.org\/wp-content\/uploads\/2025\/12\/cashback.webp);\"><h2 class=\"promotion-card__title\">W\u00f6chentliches Cashback<\/h2><label class=\"promotion-card__offer\">bis zu 25 %<\/label><label class=\"promotion-card__description\"><\/label><div class=\"promotion-card__actions\"><button data-item=\"payments_link\" data-group=\"website_links\" class=\"goto btn btn-orange rounded-pill fw-bold px-4 m-button m-gradient-border m-button--primary m-button--large promotion-button promotion-card__action-btn\" aria-label=\"Anmelden\"><div class=\"m-button-content\"><span class=\"promotion-button__content\">Anmelden<\/span><\/div><\/button><button data-item=\"http:\/\/bonus_link\" data-group=\"website_links\" class=\"goto m-button m-gradient-border m-button--secondary m-button--medium promotion-card__info-btn\" aria-label=\"More information\"><div class=\"m-button-content\"><svg viewBox=\"0 0 24 24\" fill=\"none\" xmlns=\"http:\/\/www.w3.org\/2000\/svg\" class=\"m-icon m-icon-loadable\" name=\"Attention\" loading=\"false\" aria-hidden=\"true\"><path d=\"M12 22C6.477 22 2 17.522 2 12S6.477 2 12 2s10 4.478 10 10-4.477 10-10 10m-.002-13.004a.999.999 0 1 0 0-1.997.999.999 0 0 0 0 1.997M12 17a1 1 0 0 0 .993-.884L13 16l-.002-5.001-.007-.117a1 1 0 0 0-1.986 0l-.007.117L11 16l.007.117A1 1 0 0 0 12 17\" fill=\"currentColor\"><\/path><\/svg><\/div><\/button><\/div><\/div><div class=\"promotion-card\" style=\"background-image: url(https:\/\/spinwinera.org\/wp-content\/uploads\/2025\/12\/sunday-reload.webp);\"><h2 class=\"promotion-card__title\">Sonntags-Reload-Bonus<\/h2><label class=\"promotion-card__offer\">25 % bis zu 100 \u20ac<\/label><label class=\"promotion-card__description\"><\/label><div class=\"promotion-card__actions\"><button data-item=\"payments_link\" data-group=\"website_links\" class=\"goto btn btn-orange rounded-pill fw-bold px-4 m-button m-gradient-border m-button--primary m-button--large promotion-button promotion-card__action-btn\" aria-label=\"Anmelden\"><div class=\"m-button-content\"><span class=\"promotion-button__content\">Anmelden<\/span><\/div><\/button><button data-item=\"http:\/\/bonus_link\" data-group=\"website_links\" class=\"goto m-button m-gradient-border m-button--secondary m-button--medium promotion-card__info-btn\" aria-label=\"More information\"><div class=\"m-button-content\"><svg viewBox=\"0 0 24 24\" fill=\"none\" xmlns=\"http:\/\/www.w3.org\/2000\/svg\" class=\"m-icon m-icon-loadable\" name=\"Attention\" loading=\"false\" aria-hidden=\"true\"><path d=\"M12 22C6.477 22 2 17.522 2 12S6.477 2 12 2s10 4.478 10 10-4.477 10-10 10m-.002-13.004a.999.999 0 1 0 0-1.997.999.999 0 0 0 0 1.997M12 17a1 1 0 0 0 .993-.884L13 16l-.002-5.001-.007-.117a1 1 0 0 0-1.986 0l-.007.117L11 16l.007.117A1 1 0 0 0 12 17\" fill=\"currentColor\"><\/path><\/svg><\/div><\/button><\/div><\/div><div class=\"promotion-card\" style=\"background-image: url(https:\/\/spinwinera.org\/wp-content\/uploads\/2025\/12\/rakeback.webp);\"><h2 class=\"promotion-card__title\">Rakeback<\/h2><label class=\"promotion-card__offer\">bis zu 17 %<\/label><label class=\"promotion-card__description\"><\/label><div class=\"promotion-card__actions\"><button data-item=\"payments_link\" data-group=\"website_links\" class=\"goto btn btn-orange rounded-pill fw-bold px-4 m-button m-gradient-border m-button--primary m-button--large promotion-button promotion-card__action-btn\" aria-label=\"Anmelden\"><div class=\"m-button-content\"><span class=\"promotion-button__content\">Anmelden<\/span><\/div><\/button><button data-item=\"http:\/\/bonus_link\" data-group=\"website_links\" class=\"goto m-button m-gradient-border m-button--secondary m-button--medium promotion-card__info-btn\" aria-label=\"More information\"><div class=\"m-button-content\"><svg viewBox=\"0 0 24 24\" fill=\"none\" xmlns=\"http:\/\/www.w3.org\/2000\/svg\" class=\"m-icon m-icon-loadable\" name=\"Attention\" loading=\"false\" aria-hidden=\"true\"><path d=\"M12 22C6.477 22 2 17.522 2 12S6.477 2 12 2s10 4.478 10 10-4.477 10-10 10m-.002-13.004a.999.999 0 1 0 0-1.997.999.999 0 0 0 0 1.997M12 17a1 1 0 0 0 .993-.884L13 16l-.002-5.001-.007-.117a1 1 0 0 0-1.986 0l-.007.117L11 16l.007.117A1 1 0 0 0 12 17\" fill=\"currentColor\"><\/path><\/svg><\/div><\/button><\/div><\/div><div class=\"promotion-card\" style=\"background-image: url(https:\/\/spinwinera.org\/wp-content\/uploads\/2025\/12\/High-Roller-Bonus.webp);\"><h2 class=\"promotion-card__title\">High-Roller-Bonus<\/h2><label class=\"promotion-card__offer\">50 % bis zu 500 \u20ac<\/label><label class=\"promotion-card__description\"><\/label><div class=\"promotion-card__actions\"><button data-item=\"payments_link\" data-group=\"website_links\" class=\"goto btn btn-orange rounded-pill fw-bold px-4 m-button m-gradient-border m-button--primary m-button--large promotion-button promotion-card__action-btn\" aria-label=\"Anmelden\"><div class=\"m-button-content\"><span class=\"promotion-button__content\">Anmelden<\/span><\/div><\/button><button data-item=\"http:\/\/bonus_link\" data-group=\"website_links\" class=\"goto m-button m-gradient-border m-button--secondary m-button--medium promotion-card__info-btn\" aria-label=\"More information\"><div class=\"m-button-content\"><svg viewBox=\"0 0 24 24\" fill=\"none\" xmlns=\"http:\/\/www.w3.org\/2000\/svg\" class=\"m-icon m-icon-loadable\" name=\"Attention\" loading=\"false\" aria-hidden=\"true\"><path d=\"M12 22C6.477 22 2 17.522 2 12S6.477 2 12 2s10 4.478 10 10-4.477 10-10 10m-.002-13.004a.999.999 0 1 0 0-1.997.999.999 0 0 0 0 1.997M12 17a1 1 0 0 0 .993-.884L13 16l-.002-5.001-.007-.117a1 1 0 0 0-1.986 0l-.007.117L11 16l.007.117A1 1 0 0 0 12 17\" fill=\"currentColor\"><\/path><\/svg><\/div><\/button><\/div><\/div><\/div><div class=\"scrollable-content-wrap my-5\"><div class=\"scrollable-content-inner\"><h2>Spinwinera Aktionen<\/h2>\n<p>Bei der Auswahl einer Online-Gl\u00fccksspielplattform pr\u00fcfen viele Nutzer die verf\u00fcgbaren Promotions.Das Bonusprogramm von Spinwinera umfasst verschiedene Angebote, die auf unterschiedliche Spielvorlieben und Budgets abgestimmt sind.<\/p>\n<p>Aktuelle Aktionen umfassen:<\/p>\n<ul>\n<li>Willkommenspaket von bis zu 1.500 \u20ac und 250 Freispielen \u00fcber die ersten drei Einzahlungen<\/li>\n<li>W\u00f6chentliches Cashback von bis zu 25 % auf Nettoverluste<\/li>\n<li>Sonntags-Reload-Bonus von 25 % bis zu 100 \u20ac<\/li>\n<li>Rakeback von 17 % auf Eins\u00e4tze in ausgew\u00e4hlten Spielen<\/li>\n<li>High-Roller-Bonus von 50 % bis zu 500 \u20ac<\/li>\n<li>VIP-Programm mit stufenbasierten Belohnungen, erh\u00f6hten Cashback-Raten und pers\u00f6nlichem Support<\/li>\n<\/ul>\n<h2>Spinwinera Wettbewerbsbelohnungen<\/h2>\n<p>Spinwinera veranstaltet regelm\u00e4\u00dfig Turniere, bei denen Teilnehmer um festgelegte Preispools spielen, die von mehreren Tausend bis zu Millionen Euro reichen k\u00f6nnen.<\/p>\n<p>Die Events umfassen in der Regel Slot-Spiele und Live-Dealer-Games, wobei die Platzierungen auf der Leistung der Spieler in den ausgew\u00e4hlten Spielen basieren.<\/p>\n<p>Die Teilnehmer werden gem\u00e4\u00df den Turnierregeln und Bewertungskriterien auf einer Bestenliste (Leaderboard) eingeordnet.<\/p>\n<table>\n<tbody>\n<tr>\n<td>Turnier<\/td>\n<td>Preispool<\/td>\n<td>Details<\/td>\n<\/tr>\n<tr>\n<td>T\u00e4gliches Bronze-Turnier<\/td>\n<td>\u20ac2,500<\/td>\n<td>Spiele ausgew\u00e4hlte beliebte Slots, sammle Punkte f\u00fcr Gewinne und teile dir t\u00e4gliche Geldpreise mit den besten Spielern.<\/td>\n<\/tr>\n<tr>\n<td>Spinoleague<\/td>\n<td>\u20ac12,000,000<\/td>\n<td>Tritt auf Pragmatic-Play-Slots wie Sweet Bonanza, Gates of Olympus und Big Bass Bonanza an \u2013 jeder Spin z\u00e4hlt.<\/td>\n<\/tr>\n<tr>\n<td>BGaming Drops Frenzy<\/td>\n<td>ab \u20ac660.000<\/td>\n<td>Dynamische Promotion, bei der w\u00e4hrend des Spiels auf bestimmten BGaming-Slots zuf\u00e4llige Geldpreise ausgesch\u00fcttet werden; der Preispool w\u00e4chst mit der Teilnahme.<\/td>\n<\/tr>\n<tr>\n<td>Live-Turnier<\/td>\n<td>\u20ac10,000<\/td>\n<td>W\u00f6chentliches Event mit Live-Dealer-Spielen in Echtzeit um Bargeldpreise<\/td>\n<\/tr>\n<\/tbody>\n<\/table>\n<h2>Details zum Willkommensbonus im Spinwinera Casino<\/h2>\n<p>Spinwinera Casino bietet neuen registrierten Nutzern ein Willkommenspaket von bis zu 1.500 \u20ac und 250 Freispiele. Der Bonus wird auf die ersten drei Einzahlungen wie folgt verteilt:<\/p>\n<ul>\n<li>Erste Einzahlung: 100 % Bonus bis zu 500 \u20ac + 150 Freispiele<\/li>\n<li>Zweite Einzahlung: 55 % Bonus bis zu 500 \u20ac + 100 Freispiele<\/li>\n<li>Dritte Einzahlung: 100 % Bonus bis zu 500 \u20ac<\/li>\n<\/ul>\n<p>Die Mindesteinzahlung zur Teilnahme betr\u00e4gt 20 \u20ac. Das Willkommensangebot bleibt sieben Tage nach der Aktivierung g\u00fcltig. Freispiele werden in Paketen von 50 pro Tag gutgeschrieben. F\u00fcr den Bonus gilt eine 35-fache Umsatzbedingung.<br \/>\nDie vollst\u00e4ndigen Bonusbedingungen sind auf der Aktionsseite verf\u00fcgbar.<\/p>\n<h2>Bonusbedingungen<\/h2>\n<p>Jeder Bonus bei Spinwinera unterliegt eigenen Bedingungen, die sich von denen anderer Plattformen unterscheiden k\u00f6nnen. Die meisten Aktionen sind 7 bis 14 Tage g\u00fcltig und erfordern einen 35-fachen Umsatz. Die Mindesteinzahlung zur Aktivierung der meisten Boni betr\u00e4gt 20 \u20ac.<\/p>\n<p>Es kann immer nur ein aktiver Einzahlungsbonus gleichzeitig genutzt werden. Ein laufender Bonus muss abgeschlossen oder storniert werden, bevor ein neuer aktiviert werden kann. Turnierboni und -belohnungen sind davon ausgenommen und werden unabh\u00e4ngig verwaltet.<\/p>\n<h2>FAQ<\/h2>\n<h3>Wie kann ich den Willkommensbonus im Spinwinera Casino erhalten?<\/h3>\n<p>Um den Spinwinera-Willkommensbonus zu erhalten, m\u00fcssen Sie lediglich den Registrierungsprozess abschlie\u00dfen. Das Willkommenspaket im Wert von bis zu 1.500 \u20ac + 250 Freispiele wird automatisch Ihrem Konto gutgeschrieben \u2013 kein Promo-Code erforderlich.<\/p>\n<p>Stellen Sie nur sicher, dass jede Einzahlung mindestens 20 \u20ac betr\u00e4gt, um den Bonus zu aktivieren.<\/p>\n<h3>Gibt es eine zeitliche Begrenzung f\u00fcr die Nutzung der Boni im Spinwinera Casino?<\/h3>\n<p>Ja, die Boni bei Spinwinera haben eine zeitliche Begrenzung. In der Regel laufen alle Aktionen 7 bis 14 Tage nach der Aktivierung ab. Die genaue G\u00fcltigkeitsdauer und die jeweiligen Bedingungen finden Sie in den Allgemeinen Gesch\u00e4ftsbedingungen des jeweiligen Angebots.<\/p>\n<p>Es ist wichtig, den Bonus innerhalb dieses Zeitraums zu verwenden, um zu vermeiden, dass er verf\u00e4llt.<\/p>\n<\/div><\/div><\/p>\n","protected":false},"excerpt":{"rendered":"<p>Spinwinera Bonusprogramme Spinwinera bietet ein Bonusprogramm, das ein Willkommenspaket von bis zu 1.500 \u20ac und 250 Freispielen umfasst, die \u00fcber die ersten drei Einzahlungen neuer Nutzer verteilt werden. Zus\u00e4tzliche Promotions k\u00f6nnen Cashback-, Rakeback-Angebote, Turniere und weitere laufende Aktionen beinhalten. Details und Bedingungen finden Sie im Promotionsbereich der Plattform.<\/p>\n","protected":false},"author":1,"featured_media":0,"parent":0,"menu_order":0,"comment_status":"closed","ping_status":"closed","template":"template-builder.php","meta":{"_acf_changed":false,"inline_featured_image":false,"footnotes":""},"class_list":["post-1434","page","type-page","status-publish","hentry"],"acf":[],"yoast_head":"<!-- This site is optimized with the Yoast SEO plugin v27.3 - https:\/\/yoast.com\/product\/yoast-seo-wordpress\/ -->\n<title>Spinwinera Casino Bonus | Willkommensangebote &amp; Aktionen<\/title>\n<meta name=\"description\" content=\"Entdecken Sie die Boni von Spinwinera Casino: Willkommensangebote, Einzahlungsboni, laufende Aktionen und spannende Turniere. Hier finden Sie alle Bonusbedingungen und Informationen dazu, wie Sie diese in Anspruch nehmen k\u00f6nnen.\" \/>\n<meta name=\"robots\" content=\"index, follow, max-snippet:-1, max-image-preview:large, max-video-preview:-1\" \/>\n<link rel=\"canonical\" href=\"https:\/\/spinwinera.org\/de\/aktionen\/\" \/>\n<meta property=\"og:locale\" content=\"de_DE\" \/>\n<meta property=\"og:type\" content=\"article\" \/>\n<meta property=\"og:title\" content=\"Spinwinera Casino Bonus | Willkommensangebote &amp; Aktionen\" \/>\n<meta property=\"og:description\" content=\"Entdecken Sie die Boni von Spinwinera Casino: Willkommensangebote, Einzahlungsboni, laufende Aktionen und spannende Turniere. Hier finden Sie alle Bonusbedingungen und Informationen dazu, wie Sie diese in Anspruch nehmen k\u00f6nnen.\" \/>\n<meta property=\"og:url\" content=\"https:\/\/spinwinera.org\/de\/aktionen\/\" \/>\n<meta property=\"og:site_name\" content=\"spinwinera\" \/>\n<meta property=\"article:modified_time\" content=\"2025-12-29T13:57:03+00:00\" \/>\n<meta name=\"twitter:card\" content=\"summary_large_image\" \/>\n<meta name=\"twitter:label1\" content=\"Gesch\u00e4tzte Lesezeit\" \/>\n\t<meta name=\"twitter:data1\" content=\"1\u00a0Minute\" \/>\n<script type=\"application\/ld+json\" class=\"yoast-schema-graph\">{\"@context\":\"https:\\\/\\\/schema.org\",\"@graph\":[{\"@type\":\"WebPage\",\"@id\":\"https:\\\/\\\/spinwinera.org\\\/de\\\/aktionen\\\/\",\"url\":\"https:\\\/\\\/spinwinera.org\\\/de\\\/aktionen\\\/\",\"name\":\"Spinwinera Casino Bonus | Willkommensangebote & Aktionen\",\"isPartOf\":{\"@id\":\"https:\\\/\\\/spinwinera.org\\\/de\\\/#website\"},\"datePublished\":\"2025-12-29T12:04:44+00:00\",\"dateModified\":\"2025-12-29T13:57:03+00:00\",\"description\":\"Entdecken Sie die Boni von Spinwinera Casino: Willkommensangebote, Einzahlungsboni, laufende Aktionen und spannende Turniere. Hier finden Sie alle Bonusbedingungen und Informationen dazu, wie Sie diese in Anspruch nehmen k\u00f6nnen.\",\"breadcrumb\":{\"@id\":\"https:\\\/\\\/spinwinera.org\\\/de\\\/aktionen\\\/#breadcrumb\"},\"inLanguage\":\"de\",\"potentialAction\":[{\"@type\":\"ReadAction\",\"target\":[\"https:\\\/\\\/spinwinera.org\\\/de\\\/aktionen\\\/\"]}]},{\"@type\":\"BreadcrumbList\",\"@id\":\"https:\\\/\\\/spinwinera.org\\\/de\\\/aktionen\\\/#breadcrumb\",\"itemListElement\":[{\"@type\":\"ListItem\",\"position\":1,\"name\":\"Spinwinera\",\"item\":\"https:\\\/\\\/spinwinera.org\\\/de\\\/\"},{\"@type\":\"ListItem\",\"position\":2,\"name\":\"Aktionen\"}]},{\"@type\":\"WebSite\",\"@id\":\"https:\\\/\\\/spinwinera.org\\\/de\\\/#website\",\"url\":\"https:\\\/\\\/spinwinera.org\\\/de\\\/\",\"name\":\"Spinwinera\",\"description\":\"\",\"publisher\":{\"@id\":\"https:\\\/\\\/spinwinera.org\\\/de\\\/#organization\"},\"potentialAction\":[{\"@type\":\"SearchAction\",\"target\":{\"@type\":\"EntryPoint\",\"urlTemplate\":\"https:\\\/\\\/spinwinera.org\\\/de\\\/?s={search_term_string}\"},\"query-input\":{\"@type\":\"PropertyValueSpecification\",\"valueRequired\":true,\"valueName\":\"search_term_string\"}}],\"inLanguage\":\"de\"},{\"@type\":\"Organization\",\"@id\":\"https:\\\/\\\/spinwinera.org\\\/de\\\/#organization\",\"name\":\"Spinwinera\",\"url\":\"https:\\\/\\\/spinwinera.org\\\/de\\\/\",\"logo\":{\"@type\":\"ImageObject\",\"inLanguage\":\"de\",\"@id\":\"https:\\\/\\\/spinwinera.org\\\/de\\\/#\\\/schema\\\/logo\\\/image\\\/\",\"url\":\"https:\\\/\\\/spinwinera.org\\\/wp-content\\\/uploads\\\/2025\\\/12\\\/Spinwinera-logo-Mobile.png\",\"contentUrl\":\"https:\\\/\\\/spinwinera.org\\\/wp-content\\\/uploads\\\/2025\\\/12\\\/Spinwinera-logo-Mobile.png\",\"width\":87,\"height\":34,\"caption\":\"Spinwinera\"},\"image\":{\"@id\":\"https:\\\/\\\/spinwinera.org\\\/de\\\/#\\\/schema\\\/logo\\\/image\\\/\"}}]}<\/script>\n<!-- \/ Yoast SEO plugin. -->","yoast_head_json":{"title":"Spinwinera Casino Bonus | Willkommensangebote & Aktionen","description":"Entdecken Sie die Boni von Spinwinera Casino: Willkommensangebote, Einzahlungsboni, laufende Aktionen und spannende Turniere. Hier finden Sie alle Bonusbedingungen und Informationen dazu, wie Sie diese in Anspruch nehmen k\u00f6nnen.","robots":{"index":"index","follow":"follow","max-snippet":"max-snippet:-1","max-image-preview":"max-image-preview:large","max-video-preview":"max-video-preview:-1"},"canonical":"https:\/\/spinwinera.org\/de\/aktionen\/","og_locale":"de_DE","og_type":"article","og_title":"Spinwinera Casino Bonus | Willkommensangebote & Aktionen","og_description":"Entdecken Sie die Boni von Spinwinera Casino: Willkommensangebote, Einzahlungsboni, laufende Aktionen und spannende Turniere. Hier finden Sie alle Bonusbedingungen und Informationen dazu, wie Sie diese in Anspruch nehmen k\u00f6nnen.","og_url":"https:\/\/spinwinera.org\/de\/aktionen\/","og_site_name":"spinwinera","article_modified_time":"2025-12-29T13:57:03+00:00","twitter_card":"summary_large_image","twitter_misc":{"Gesch\u00e4tzte Lesezeit":"1\u00a0Minute"},"schema":{"@context":"https:\/\/schema.org","@graph":[{"@type":"WebPage","@id":"https:\/\/spinwinera.org\/de\/aktionen\/","url":"https:\/\/spinwinera.org\/de\/aktionen\/","name":"Spinwinera Casino Bonus | Willkommensangebote & Aktionen","isPartOf":{"@id":"https:\/\/spinwinera.org\/de\/#website"},"datePublished":"2025-12-29T12:04:44+00:00","dateModified":"2025-12-29T13:57:03+00:00","description":"Entdecken Sie die Boni von Spinwinera Casino: Willkommensangebote, Einzahlungsboni, laufende Aktionen und spannende Turniere. Hier finden Sie alle Bonusbedingungen und Informationen dazu, wie Sie diese in Anspruch nehmen k\u00f6nnen.","breadcrumb":{"@id":"https:\/\/spinwinera.org\/de\/aktionen\/#breadcrumb"},"inLanguage":"de","potentialAction":[{"@type":"ReadAction","target":["https:\/\/spinwinera.org\/de\/aktionen\/"]}]},{"@type":"BreadcrumbList","@id":"https:\/\/spinwinera.org\/de\/aktionen\/#breadcrumb","itemListElement":[{"@type":"ListItem","position":1,"name":"Spinwinera","item":"https:\/\/spinwinera.org\/de\/"},{"@type":"ListItem","position":2,"name":"Aktionen"}]},{"@type":"WebSite","@id":"https:\/\/spinwinera.org\/de\/#website","url":"https:\/\/spinwinera.org\/de\/","name":"Spinwinera","description":"","publisher":{"@id":"https:\/\/spinwinera.org\/de\/#organization"},"potentialAction":[{"@type":"SearchAction","target":{"@type":"EntryPoint","urlTemplate":"https:\/\/spinwinera.org\/de\/?s={search_term_string}"},"query-input":{"@type":"PropertyValueSpecification","valueRequired":true,"valueName":"search_term_string"}}],"inLanguage":"de"},{"@type":"Organization","@id":"https:\/\/spinwinera.org\/de\/#organization","name":"Spinwinera","url":"https:\/\/spinwinera.org\/de\/","logo":{"@type":"ImageObject","inLanguage":"de","@id":"https:\/\/spinwinera.org\/de\/#\/schema\/logo\/image\/","url":"https:\/\/spinwinera.org\/wp-content\/uploads\/2025\/12\/Spinwinera-logo-Mobile.png","contentUrl":"https:\/\/spinwinera.org\/wp-content\/uploads\/2025\/12\/Spinwinera-logo-Mobile.png","width":87,"height":34,"caption":"Spinwinera"},"image":{"@id":"https:\/\/spinwinera.org\/de\/#\/schema\/logo\/image\/"}}]}},"_links":{"self":[{"href":"https:\/\/spinwinera.org\/de\/wp-json\/wp\/v2\/pages\/1434","targetHints":{"allow":["GET"]}}],"collection":[{"href":"https:\/\/spinwinera.org\/de\/wp-json\/wp\/v2\/pages"}],"about":[{"href":"https:\/\/spinwinera.org\/de\/wp-json\/wp\/v2\/types\/page"}],"author":[{"embeddable":true,"href":"https:\/\/spinwinera.org\/de\/wp-json\/wp\/v2\/users\/1"}],"replies":[{"embeddable":true,"href":"https:\/\/spinwinera.org\/de\/wp-json\/wp\/v2\/comments?post=1434"}],"version-history":[{"count":2,"href":"https:\/\/spinwinera.org\/de\/wp-json\/wp\/v2\/pages\/1434\/revisions"}],"predecessor-version":[{"id":1616,"href":"https:\/\/spinwinera.org\/de\/wp-json\/wp\/v2\/pages\/1434\/revisions\/1616"}],"wp:attachment":[{"href":"https:\/\/spinwinera.org\/de\/wp-json\/wp\/v2\/media?parent=1434"}],"curies":[{"name":"wp","href":"https:\/\/api.w.org\/{rel}","templated":true}]}}