{"id":1463,"date":"2025-12-29T11:25:00","date_gmt":"2025-12-29T11:25:00","guid":{"rendered":"https:\/\/spinwinera.org\/login-and-registration\/"},"modified":"2025-12-29T13:53:27","modified_gmt":"2025-12-29T13:53:27","slug":"anmeldung-und-registrierung","status":"publish","type":"page","link":"https:\/\/spinwinera.org\/de\/anmeldung-und-registrierung\/","title":{"rendered":"Anmeldung und Registrierung"},"content":{"rendered":"<h1>Spinwinera Login, Registrierung und Kontoverwaltung<\/h1>\n<p>Um auf Spiele und andere Plattformfunktionen zuzugreifen, m\u00fcssen sich Benutzer \u00fcber den Spinwinera Login anmelden. Die Registrierung steht Personen ab 18 Jahren offen. Pro Person ist nur ein Konto erlaubt \u2013 das Erstellen mehrerer Konten ist gem\u00e4\u00df den Nutzungsbedingungen der Plattform untersagt.Der Login-Vorgang erfordert die Eingabe der registrierten Zugangsdaten, um auf das Benutzerprofil und die verf\u00fcgbaren Dienste zuzugreifen.<\/p>\n<p><div class=\"banner-wrap\" aria-label=\"Banner\"><img src=\"https:\/\/spinwinera.org\/wp-content\/uploads\/2025\/12\/Spinwinera-bonus-desktop.webp\" class=\"w-100 d-none d-lg-block img-pc main-banner-img\" alt=\"Spinwinera bonus desktop\" fetchpriority=\"high\" decoding=\"async\"><img src=\"https:\/\/spinwinera.org\/wp-content\/uploads\/2025\/12\/Spinwinera-bonus-mobile.webp\" class=\"w-100 d-none d-md-block d-lg-none main-banner-img\" alt=\"Spinwinera bonus mobile\" fetchpriority=\"high\" decoding=\"async\"><img src=\"https:\/\/spinwinera.org\/wp-content\/uploads\/2025\/12\/Spinwinera-bonus-mobile.webp\" class=\"w-100 d-md-none\" alt=\"Spinwinera bonus mobile\" fetchpriority=\"high\" decoding=\"async\"><div class=\"banner-description\">\n<div class=\"banner-title\">Willkommensboni<\/div>\n<p class=\"banner-header-title\">1500 \u20ac<\/p>\n<div class=\"banner-header-AdditionalText\">+ 250 Freispiele<\/div>\n<button data-item=\"homepage_banner_link\" class=\"goto m-button m-gradient-border m-button--primary m-button--large banner-button btn-orange\">\n            <div class=\"m-button-content\">\n                <span>Jetzt anmelden<\/span>\n                <span><\/span>\n            <\/div>\n        <\/button>\n<\/div>\n<div class=\"WelcomePack\">\n<p><img loading=\"lazy\" decoding=\"async\" class=\"alignnone size-full wp-image-1338\" src=\"https:\/\/spinwinera.org\/wp-content\/uploads\/2025\/12\/welcome-crown.svg\" alt=\"crown\" width=\"25\" height=\"26\" \/><\/p>\n<div class=\"WelcomePack-Info\">W\u00f6chentlicher Cashback von bis zu 25 %<\/div>\n<p><img loading=\"lazy\" decoding=\"async\" class=\"alignnone size-full wp-image-1338\" src=\"https:\/\/spinwinera.org\/wp-content\/uploads\/2025\/12\/welcome-crown.svg\" alt=\"crown\" width=\"25\" height=\"26\" \/><\/p>\n<\/div>\n<\/div><div class=\"scrollable-content-wrap my-5\"><div class=\"scrollable-content-inner\"><h2>Spinwinera Casino Registrierung<\/h2>\n<p>Die Erstellung eines Kontos im Spinwinera Casino dauert nur wenige Minuten und erm\u00f6glicht den Zugang zu allen Funktionen der Plattform. Nach der Registrierung k\u00f6nnen Benutzer Einzahlungen t\u00e4tigen, an Promotions teilnehmen, \u00fcber 6.000 Spiele spielen und Auszahlungsantr\u00e4ge stellen.<\/p>\n<p>Um zu beginnen, \u00f6ffnen Sie die Website in einem modernen Browser auf dem Computer oder Mobilger\u00e4t und klicken Sie auf die Schaltfl\u00e4che \u201eSign Up\u201c in der oberen rechten Ecke der Startseite. Neue Benutzer m\u00fcssen ihre E-Mail-Adresse eingeben und ein Passwort mit mindestens sechs Zeichen erstellen. Au\u00dferdem ist die Best\u00e4tigung des Alters (18+) sowie die Zustimmung zu den allgemeinen Gesch\u00e4ftsbedingungen erforderlich.<\/p>\n<p>Im n\u00e4chsten Schritt muss das Registrierungsformular mit pers\u00f6nlichen Angaben wie Name, Adresse und Kontaktdaten ausgef\u00fcllt werden. Nach Abschluss aller Schritte wird der Benutzer automatisch in sein Konto eingeloggt. Von dort aus kann eine erste Einzahlung vorgenommen oder Spiele im Demomodus getestet werden. F\u00fcr zuk\u00fcnftige Besuche erfolgt der Zugriff \u00fcber die Spinwinera Login-Seite.<\/p>\n<h2>Zugriff und Verwaltung des Spinwinera-Kontos<\/h2>\n<p>Durch den Spinwinera-Login erhalten Benutzer Zugriff auf alle Plattformfunktionen, einschlie\u00dflich der Spielbibliothek mit \u00fcber 6.000 Titeln, Zahlungsmethoden und dem mehrsprachigen Kundensupport. Zum Anmelden geben Benutzer die E-Mail-Adresse und das w\u00e4hrend der Registrierung erstellte Passwort ein.<\/p>\n<p>Im pers\u00f6nlichen Kontobereich k\u00f6nnen Einzahlungen und Auszahlungen verwaltet, Bonusinformationen eingesehen und pers\u00f6nliche Daten aktualisiert werden. Diese Funktionen dienen der einfachen Kontoverwaltung und einer reibungslosen Nutzung der Plattform.<\/p>\n<table>\n<tbody>\n<tr>\n<td>Funktion<\/td>\n<td>Details<\/td>\n<\/tr>\n<tr>\n<td>Transaktionsverlauf<\/td>\n<td>Die vollst\u00e4ndige Einzahlungs-, Auszahlungs- und Wettgeschichte ist hier verf\u00fcgbar.<\/td>\n<\/tr>\n<tr>\n<td>Identit\u00e4tspr\u00fcfung (KYC)<\/td>\n<td>In Ihrem pers\u00f6nlichen Konto laden Sie Ausweisdokumente hoch, um Ihr Konto zu verifizieren und Auszahlungen zu erm\u00f6glichen.<\/td>\n<\/tr>\n<tr>\n<td>Tools f\u00fcr verantwortungsbewusstes Spielen<\/td>\n<td>Sie k\u00f6nnen Limits f\u00fcr Einzahlungen, Verluste oder die Sitzungsdauer festlegen. Dar\u00fcber hinaus ist es m\u00f6glich, bei Bedarf eine Selbstsperre zu aktivieren.<\/td>\n<\/tr>\n<tr>\n<td>Verwaltung personenbezogener Daten<\/td>\n<td>Benutzer haben die M\u00f6glichkeit, pers\u00f6nliche Daten wie E-Mail-Adresse, Anschrift oder Passwort sicher zu aktualisieren.<\/td>\n<\/tr>\n<tr>\n<td>Sicherheitseinstellungen<\/td>\n<td>Sie haben die M\u00f6glichkeit, die Zwei-Faktor-Authentifizierung oder die biometrische Anmeldung f\u00fcr zus\u00e4tzlichen Schutz zu aktivieren.<\/td>\n<\/tr>\n<\/tbody>\n<\/table>\n<h3>Passwort vergessen?<\/h3>\n<p>Wenn das Spinwinera-Passwort vergessen wurde, kann es \u00fcber die standardm\u00e4\u00dfige Wiederherstellungsoption auf der Anmeldeseite zur\u00fcckgesetzt werden. Klicken Sie auf den Link \u201ePasswort vergessen?\u201c und geben Sie die mit dem Konto verkn\u00fcpfte E-Mail-Adresse ein. Ein Link zum Zur\u00fccksetzen des Passworts wird an diese E-Mail-Adresse gesendet, \u00fcber den Sie ein neues Passwort erstellen und den Zugang zu Ihrem Konto wiederherstellen k\u00f6nnen.<\/p>\n<h3>Kontobest\u00e4tigungsprozess im Spinwinera Casino<\/h3>\n<p>Spinwinera verlangt eine Kontoverifizierung, um den Sicherheits- und Betrugspr\u00e4ventionsstandards zu entsprechen. Laut den Plattformregeln ist nur ein Konto pro Person erlaubt.<\/p>\n<p>Die Verifizierung muss vor der ersten Auszahlung abgeschlossen werden. Der Prozess beinhaltet das Einreichen klarer Kopien oder Fotos pers\u00f6nlicher Dokumente. Die \u00dcberpr\u00fcfung erfolgt in der Regel innerhalb von 48 Stunden, und die Nutzer werden nach Abschluss des Verfahrens benachrichtigt.<\/p>\n<p>In der Regel werden die folgenden Dokumente angefordert:<\/p>\n<ul>\n<li>Ein g\u00fcltiger Reisepass, Personalausweis oder F\u00fchrerschein<\/li>\n<li>Eine Versorgungsrechnung oder Kontoauszug, der\/die nicht \u00e4lter als 6 Monate ist<\/li>\n<li>Ein Screenshot oder eine offizielle Best\u00e4tigung, die den Besitz der gew\u00e4hlten Zahlungsmethode nachweist<\/li>\n<\/ul>\n<h2>FAQ<\/h2>\n<h3>Wie kann ich mein Konto verifizieren?<\/h3>\n<p>Die Verifizierung eines Spinwinera-Kontos muss abgeschlossen werden, bevor die erste Auszahlungsanfrage eingereicht werden kann.Der Vorgang erfordert das Hochladen pers\u00f6nlicher Dokumente, um Identit\u00e4t, Adresse und Eigentum an der verwendeten Zahlungsmethode zu best\u00e4tigen.<\/p>\n<p>Zu den \u00fcblichen Dokumenten geh\u00f6ren:<\/p>\n<ul>\n<li>Ein Reisepass oder F\u00fchrerschein<\/li>\n<li>Eine aktuelle Versorgungsrechnung oder ein Kontoauszug<\/li>\n<li>Ein Nachweis \u00fcber die verwendete Zahlungsmethode<\/li>\n<\/ul>\n<p>Die \u00dcberpr\u00fcfung dauert in der Regel bis zu 48 Stunden.<\/p>\n<h3>Kann ich mein Passwort oder meine E-Mail-Adresse \u00e4ndern?<\/h3>\n<p>Ja, Sie k\u00f6nnen Ihr Passwort oder Ihre E-Mail-Adresse jederzeit aktualisieren.<\/p>\n<p>Gehen Sie einfach zu den Kontoeinstellungen, wo Sie Ihre pers\u00f6nlichen Daten und Zahlungsinformationen einfach und sicher verwalten oder \u00e4ndern k\u00f6nnen.<\/p>\n<h3>Was soll ich tun, wenn mein Konto gesperrt ist?<\/h3>\n<p>Wenn Ihr Spinwinera-Konto gesperrt wurde, pr\u00fcfen Sie bitte zun\u00e4chst Ihre E-Mails auf eine Nachricht mit dem Grund der Sperrung und weiteren Anweisungen.<\/p>\n<p>Sollten Sie keine E-Mail erhalten haben, wenden Sie sich bitte an unser Kundensupport-Team \u00fcber den Live-Chat oder per E-Mail.<\/p>\n<p>Unser Support hilft Ihnen, das Problem zu l\u00f6sen und den Zugang zu Ihrem Konto wiederherzustellen.<\/p>\n<h3>Wie kann ich mein Konto schlie\u00dfen oder vor\u00fcbergehend sperren?<\/h3>\n<p>Um Ihr Spinwinera-Konto zu schlie\u00dfen oder vor\u00fcbergehend zu sperren, wenden Sie sich bitte an unser Support-Team \u00fcber den Live-Chat oder per E-Mail.<\/p>\n<p>Unsere Mitarbeiter besprechen die Gr\u00fcnde mit Ihnen und f\u00fchren Sie durch die notwendigen Schritte.<\/p>\n<p>Der Support steht Ihnen rund um die Uhr zur Verf\u00fcgung, um Sie schnell und professionell zu unterst\u00fctzen.<\/p>\n<\/div><\/div><\/p>\n","protected":false},"excerpt":{"rendered":"<p>Spinwinera Login, Registrierung und Kontoverwaltung Um auf Spiele und andere Plattformfunktionen zuzugreifen, m\u00fcssen sich Benutzer \u00fcber den Spinwinera Login anmelden. Die Registrierung steht Personen ab 18 Jahren offen. Pro Person ist nur ein Konto erlaubt \u2013 das Erstellen mehrerer Konten ist gem\u00e4\u00df den Nutzungsbedingungen der Plattform untersagt.Der Login-Vorgang erfordert die Eingabe der registrierten Zugangsdaten, um [&hellip;]<\/p>\n","protected":false},"author":1,"featured_media":0,"parent":0,"menu_order":0,"comment_status":"closed","ping_status":"closed","template":"template-builder.php","meta":{"_acf_changed":false,"inline_featured_image":false,"footnotes":""},"class_list":["post-1463","page","type-page","status-publish","hentry"],"acf":[],"yoast_head":"<!-- This site is optimized with the Yoast SEO plugin v27.3 - https:\/\/yoast.com\/product\/yoast-seo-wordpress\/ -->\n<title>Spinwinera Login \u2013 Registrierung und Zugang zum Konto<\/title>\n<meta name=\"description\" content=\"Registrieren, verwalten und verifizieren Sie Ihr Spinwinera Casino-Konto ganz einfach. Erstellen, wiederherstellen oder schlie\u00dfen Sie Ihr Konto schnell und sicher \u00fcber Spinwinera Login.\" \/>\n<meta name=\"robots\" content=\"index, follow, max-snippet:-1, max-image-preview:large, max-video-preview:-1\" \/>\n<link rel=\"canonical\" href=\"https:\/\/spinwinera.org\/de\/anmeldung-und-registrierung\/\" \/>\n<meta property=\"og:locale\" content=\"de_DE\" \/>\n<meta property=\"og:type\" content=\"article\" \/>\n<meta property=\"og:title\" content=\"Spinwinera Login \u2013 Registrierung und Zugang zum Konto\" \/>\n<meta property=\"og:description\" content=\"Registrieren, verwalten und verifizieren Sie Ihr Spinwinera Casino-Konto ganz einfach. Erstellen, wiederherstellen oder schlie\u00dfen Sie Ihr Konto schnell und sicher \u00fcber Spinwinera Login.\" \/>\n<meta property=\"og:url\" content=\"https:\/\/spinwinera.org\/de\/anmeldung-und-registrierung\/\" \/>\n<meta property=\"og:site_name\" content=\"spinwinera\" \/>\n<meta property=\"article:modified_time\" content=\"2025-12-29T13:53:27+00:00\" \/>\n<meta name=\"twitter:card\" content=\"summary_large_image\" \/>\n<meta name=\"twitter:label1\" content=\"Gesch\u00e4tzte Lesezeit\" \/>\n\t<meta name=\"twitter:data1\" content=\"1\u00a0Minute\" \/>\n<script type=\"application\/ld+json\" class=\"yoast-schema-graph\">{\"@context\":\"https:\\\/\\\/schema.org\",\"@graph\":[{\"@type\":\"WebPage\",\"@id\":\"https:\\\/\\\/spinwinera.org\\\/de\\\/anmeldung-und-registrierung\\\/\",\"url\":\"https:\\\/\\\/spinwinera.org\\\/de\\\/anmeldung-und-registrierung\\\/\",\"name\":\"Spinwinera Login \u2013 Registrierung und Zugang zum Konto\",\"isPartOf\":{\"@id\":\"https:\\\/\\\/spinwinera.org\\\/de\\\/#website\"},\"datePublished\":\"2025-12-29T11:25:00+00:00\",\"dateModified\":\"2025-12-29T13:53:27+00:00\",\"description\":\"Registrieren, verwalten und verifizieren Sie Ihr Spinwinera Casino-Konto ganz einfach. Erstellen, wiederherstellen oder schlie\u00dfen Sie Ihr Konto schnell und sicher \u00fcber Spinwinera Login.\",\"breadcrumb\":{\"@id\":\"https:\\\/\\\/spinwinera.org\\\/de\\\/anmeldung-und-registrierung\\\/#breadcrumb\"},\"inLanguage\":\"de\",\"potentialAction\":[{\"@type\":\"ReadAction\",\"target\":[\"https:\\\/\\\/spinwinera.org\\\/de\\\/anmeldung-und-registrierung\\\/\"]}]},{\"@type\":\"BreadcrumbList\",\"@id\":\"https:\\\/\\\/spinwinera.org\\\/de\\\/anmeldung-und-registrierung\\\/#breadcrumb\",\"itemListElement\":[{\"@type\":\"ListItem\",\"position\":1,\"name\":\"Spinwinera\",\"item\":\"https:\\\/\\\/spinwinera.org\\\/de\\\/\"},{\"@type\":\"ListItem\",\"position\":2,\"name\":\"Anmeldung und Registrierung\"}]},{\"@type\":\"WebSite\",\"@id\":\"https:\\\/\\\/spinwinera.org\\\/de\\\/#website\",\"url\":\"https:\\\/\\\/spinwinera.org\\\/de\\\/\",\"name\":\"Spinwinera\",\"description\":\"\",\"publisher\":{\"@id\":\"https:\\\/\\\/spinwinera.org\\\/de\\\/#organization\"},\"potentialAction\":[{\"@type\":\"SearchAction\",\"target\":{\"@type\":\"EntryPoint\",\"urlTemplate\":\"https:\\\/\\\/spinwinera.org\\\/de\\\/?s={search_term_string}\"},\"query-input\":{\"@type\":\"PropertyValueSpecification\",\"valueRequired\":true,\"valueName\":\"search_term_string\"}}],\"inLanguage\":\"de\"},{\"@type\":\"Organization\",\"@id\":\"https:\\\/\\\/spinwinera.org\\\/de\\\/#organization\",\"name\":\"Spinwinera\",\"url\":\"https:\\\/\\\/spinwinera.org\\\/de\\\/\",\"logo\":{\"@type\":\"ImageObject\",\"inLanguage\":\"de\",\"@id\":\"https:\\\/\\\/spinwinera.org\\\/de\\\/#\\\/schema\\\/logo\\\/image\\\/\",\"url\":\"https:\\\/\\\/spinwinera.org\\\/wp-content\\\/uploads\\\/2025\\\/12\\\/Spinwinera-logo-Mobile.png\",\"contentUrl\":\"https:\\\/\\\/spinwinera.org\\\/wp-content\\\/uploads\\\/2025\\\/12\\\/Spinwinera-logo-Mobile.png\",\"width\":87,\"height\":34,\"caption\":\"Spinwinera\"},\"image\":{\"@id\":\"https:\\\/\\\/spinwinera.org\\\/de\\\/#\\\/schema\\\/logo\\\/image\\\/\"}}]}<\/script>\n<!-- \/ Yoast SEO plugin. -->","yoast_head_json":{"title":"Spinwinera Login \u2013 Registrierung und Zugang zum Konto","description":"Registrieren, verwalten und verifizieren Sie Ihr Spinwinera Casino-Konto ganz einfach. Erstellen, wiederherstellen oder schlie\u00dfen Sie Ihr Konto schnell und sicher \u00fcber Spinwinera Login.","robots":{"index":"index","follow":"follow","max-snippet":"max-snippet:-1","max-image-preview":"max-image-preview:large","max-video-preview":"max-video-preview:-1"},"canonical":"https:\/\/spinwinera.org\/de\/anmeldung-und-registrierung\/","og_locale":"de_DE","og_type":"article","og_title":"Spinwinera Login \u2013 Registrierung und Zugang zum Konto","og_description":"Registrieren, verwalten und verifizieren Sie Ihr Spinwinera Casino-Konto ganz einfach. Erstellen, wiederherstellen oder schlie\u00dfen Sie Ihr Konto schnell und sicher \u00fcber Spinwinera Login.","og_url":"https:\/\/spinwinera.org\/de\/anmeldung-und-registrierung\/","og_site_name":"spinwinera","article_modified_time":"2025-12-29T13:53:27+00:00","twitter_card":"summary_large_image","twitter_misc":{"Gesch\u00e4tzte Lesezeit":"1\u00a0Minute"},"schema":{"@context":"https:\/\/schema.org","@graph":[{"@type":"WebPage","@id":"https:\/\/spinwinera.org\/de\/anmeldung-und-registrierung\/","url":"https:\/\/spinwinera.org\/de\/anmeldung-und-registrierung\/","name":"Spinwinera Login \u2013 Registrierung und Zugang zum Konto","isPartOf":{"@id":"https:\/\/spinwinera.org\/de\/#website"},"datePublished":"2025-12-29T11:25:00+00:00","dateModified":"2025-12-29T13:53:27+00:00","description":"Registrieren, verwalten und verifizieren Sie Ihr Spinwinera Casino-Konto ganz einfach. Erstellen, wiederherstellen oder schlie\u00dfen Sie Ihr Konto schnell und sicher \u00fcber Spinwinera Login.","breadcrumb":{"@id":"https:\/\/spinwinera.org\/de\/anmeldung-und-registrierung\/#breadcrumb"},"inLanguage":"de","potentialAction":[{"@type":"ReadAction","target":["https:\/\/spinwinera.org\/de\/anmeldung-und-registrierung\/"]}]},{"@type":"BreadcrumbList","@id":"https:\/\/spinwinera.org\/de\/anmeldung-und-registrierung\/#breadcrumb","itemListElement":[{"@type":"ListItem","position":1,"name":"Spinwinera","item":"https:\/\/spinwinera.org\/de\/"},{"@type":"ListItem","position":2,"name":"Anmeldung und Registrierung"}]},{"@type":"WebSite","@id":"https:\/\/spinwinera.org\/de\/#website","url":"https:\/\/spinwinera.org\/de\/","name":"Spinwinera","description":"","publisher":{"@id":"https:\/\/spinwinera.org\/de\/#organization"},"potentialAction":[{"@type":"SearchAction","target":{"@type":"EntryPoint","urlTemplate":"https:\/\/spinwinera.org\/de\/?s={search_term_string}"},"query-input":{"@type":"PropertyValueSpecification","valueRequired":true,"valueName":"search_term_string"}}],"inLanguage":"de"},{"@type":"Organization","@id":"https:\/\/spinwinera.org\/de\/#organization","name":"Spinwinera","url":"https:\/\/spinwinera.org\/de\/","logo":{"@type":"ImageObject","inLanguage":"de","@id":"https:\/\/spinwinera.org\/de\/#\/schema\/logo\/image\/","url":"https:\/\/spinwinera.org\/wp-content\/uploads\/2025\/12\/Spinwinera-logo-Mobile.png","contentUrl":"https:\/\/spinwinera.org\/wp-content\/uploads\/2025\/12\/Spinwinera-logo-Mobile.png","width":87,"height":34,"caption":"Spinwinera"},"image":{"@id":"https:\/\/spinwinera.org\/de\/#\/schema\/logo\/image\/"}}]}},"_links":{"self":[{"href":"https:\/\/spinwinera.org\/de\/wp-json\/wp\/v2\/pages\/1463","targetHints":{"allow":["GET"]}}],"collection":[{"href":"https:\/\/spinwinera.org\/de\/wp-json\/wp\/v2\/pages"}],"about":[{"href":"https:\/\/spinwinera.org\/de\/wp-json\/wp\/v2\/types\/page"}],"author":[{"embeddable":true,"href":"https:\/\/spinwinera.org\/de\/wp-json\/wp\/v2\/users\/1"}],"replies":[{"embeddable":true,"href":"https:\/\/spinwinera.org\/de\/wp-json\/wp\/v2\/comments?post=1463"}],"version-history":[{"count":1,"href":"https:\/\/spinwinera.org\/de\/wp-json\/wp\/v2\/pages\/1463\/revisions"}],"predecessor-version":[{"id":1614,"href":"https:\/\/spinwinera.org\/de\/wp-json\/wp\/v2\/pages\/1463\/revisions\/1614"}],"wp:attachment":[{"href":"https:\/\/spinwinera.org\/de\/wp-json\/wp\/v2\/media?parent=1463"}],"curies":[{"name":"wp","href":"https:\/\/api.w.org\/{rel}","templated":true}]}}