{"id":1429,"date":"2025-12-29T11:21:22","date_gmt":"2025-12-29T11:21:22","guid":{"rendered":"https:\/\/spinwinera.org\/app-2\/"},"modified":"2025-12-29T15:17:56","modified_gmt":"2025-12-29T15:17:56","slug":"aplicacion","status":"publish","type":"page","link":"https:\/\/spinwinera.org\/es\/aplicacion\/","title":{"rendered":"Aplicaci\u00f3n"},"content":{"rendered":"<h1>Spinwinera en Dispositivos M\u00f3viles<\/h1>\n<p>Spinwinera app para Android e iOS ofrece acceso al cat\u00e1logo de juegos y a las funciones de cuenta directamente desde dispositivos m\u00f3viles.<\/p>\n<p>El servicio funciona perfectamente en smartphones y tabletas modernas, adapt\u00e1ndose a diferentes tama\u00f1os de pantalla.<\/p>\n<p>La versi\u00f3n m\u00f3vil incluye las mismas funciones que el sitio web de escritorio.<\/p>\n<p>El casino opera como una aplicaci\u00f3n web progresiva (PWA), por lo que los usuarios no necesitan instalar archivos de terceros para acceder a la plataforma.<\/p>\n<div class=\"banner-wrap\" aria-label=\"Banner\"><img src=\"https:\/\/spinwinera.org\/wp-content\/uploads\/2025\/12\/Spinwinera-bonus-desktop.webp\" class=\"w-100 d-none d-lg-block img-pc main-banner-img\" alt=\"Spinwinera bonus desktop\" fetchpriority=\"high\" decoding=\"async\"><img src=\"https:\/\/spinwinera.org\/wp-content\/uploads\/2025\/12\/Spinwinera-bonus-mobile.webp\" class=\"w-100 d-none d-md-block d-lg-none main-banner-img\" alt=\"Spinwinera bonus mobile\" fetchpriority=\"high\" decoding=\"async\"><img src=\"https:\/\/spinwinera.org\/wp-content\/uploads\/2025\/12\/Spinwinera-bonus-mobile.webp\" class=\"w-100 d-md-none\" alt=\"Spinwinera bonus mobile\" fetchpriority=\"high\" decoding=\"async\"><div class=\"banner-description\">\n<div class=\"banner-title\">Bonos de bienvenida<\/div>\n<p class=\"banner-header-title\">1500 \u20ac<\/p>\n<div class=\"banner-header-AdditionalText\">+ 250 Tiradas gratis<\/div>\n<button data-item=\"homepage_banner_link\" class=\"goto m-button m-gradient-border m-button--primary m-button--large banner-button btn-orange\">\n            <div class=\"m-button-content\">\n                <span>Reg\u00edstrate ahora<\/span>\n                <span><\/span>\n            <\/div>\n        <\/button>\n<\/div>\n<div class=\"WelcomePack\">\n<p><img loading=\"lazy\" decoding=\"async\" class=\"alignnone size-full wp-image-1338\" src=\"https:\/\/spinwinera.org\/wp-content\/uploads\/2025\/12\/welcome-crown.svg\" alt=\"crown\" width=\"25\" height=\"26\" \/><\/p>\n<div class=\"WelcomePack-Info\">Reembolso semanal de hasta el 25 %<\/div>\n<p><img loading=\"lazy\" decoding=\"async\" class=\"alignnone size-full wp-image-1338\" src=\"https:\/\/spinwinera.org\/wp-content\/uploads\/2025\/12\/welcome-crown.svg\" alt=\"crown\" width=\"25\" height=\"26\" \/><\/p>\n<\/div>\n<\/div>\n<h2>Spinwinera Casino en Dispositivos M\u00f3viles<\/h2>\n<p>Como la mayor\u00eda de las plataformas modernas, Spinwinera Casino ofrece una versi\u00f3n m\u00f3vil totalmente compatible con Android e iOS. La interfaz est\u00e1 optimizada para pantallas peque\u00f1as y dise\u00f1ada para una navegaci\u00f3n intuitiva y fluida.<\/p>\n<p>La versi\u00f3n m\u00f3vil permite acceder a todo el cat\u00e1logo de m\u00e1s de 6.000 juegos, as\u00ed como a los m\u00e9todos de pago, programas de bonificaci\u00f3n y servicio de atenci\u00f3n al cliente. La transmisi\u00f3n de datos est\u00e1 protegida mediante cifrado SSL, garantizando una experiencia segura y estable.<\/p>\n<p>A continuaci\u00f3n, se presentan los aspectos clave de la experiencia m\u00f3vil de Spinwinera en comparaci\u00f3n con la versi\u00f3n de escritorio.<\/p>\n<table>\n<tbody>\n<tr>\n<td>Caracter\u00edstica<\/td>\n<td>Software m\u00f3vil<\/td>\n<td>Versi\u00f3n para PC<\/td>\n<\/tr>\n<tr>\n<td>Accesibilidad<\/td>\n<td>Puedes jugar en cualquier lugar y en cualquier momento desde tu smartphone o tableta.<\/td>\n<td>Se necesita un ordenador de sobremesa o port\u00e1til.<\/td>\n<\/tr>\n<tr>\n<td>Notificaciones<\/td>\n<td>Los usuarios reciben notificaciones push sobre bonificaciones, torneos y giros gratis.<\/td>\n<td>No hay notificaciones en tiempo real a menos que inicies sesi\u00f3n.<\/td>\n<\/tr>\n<tr>\n<td>Seguridad<\/td>\n<td>Puedes utilizar un inicio de sesi\u00f3n biom\u00e9trico (Face ID \/ huella dactilar) para mayor seguridad.<\/td>\n<td>Solo se basa en un inicio de sesi\u00f3n con contrase\u00f1a.<\/td>\n<\/tr>\n<tr>\n<td>Acceso sin conexi\u00f3n<\/td>\n<td>Algunos juegos o acciones de la cuenta funcionan incluso sin una conexi\u00f3n completa a Internet.<\/td>\n<td>Esta versi\u00f3n requiere una conexi\u00f3n estable en todo momento.<\/td>\n<\/tr>\n<\/tbody>\n<\/table>\n<p><div class=\"scrollable-content-wrap my-5\"><div class=\"scrollable-content-inner\"><h2>Aplicaci\u00f3n Spinwinera para Dispositivos Android<\/h2>\n<p>La versi\u00f3n m\u00f3vil de Spinwinera permite acceder a la plataforma desde distintos lugares y dispositivos. Para los usuarios de Android, est\u00e1 disponible una aplicaci\u00f3n web progresiva (PWA) que funciona en smartphones y tabletas modernas sin necesidad de instalar archivos APK externos de fuentes desconocidas.<\/p>\n<p>La interfaz m\u00f3vil reproduce la estructura y las funciones del sitio de escritorio, adaptadas para la navegaci\u00f3n t\u00e1ctil y pantallas m\u00e1s peque\u00f1as. Para a\u00f1adir el icono de la aplicaci\u00f3n Spinwinera en un dispositivo Android, sigue estos pasos:<\/p>\n<ol>\n<li>Visita el sitio web oficial.<\/li>\n<li>Despl\u00e1zate hasta el pie de p\u00e1gina y selecciona la opci\u00f3n \u201cCasino App\u201d.<\/li>\n<li>Confirma el mensaje de instalaci\u00f3n.<\/li>\n<li>El icono de Spinwinera aparecer\u00e1 en la pantalla de inicio del dispositivo.<\/li>\n<\/ol>\n<p>Los usuarios que prefieran no instalar la aplicaci\u00f3n pueden acceder a la plataforma desde cualquier navegador m\u00f3vil. Muchos navegadores tambi\u00e9n permiten a\u00f1adir un acceso directo a la pantalla de inicio para un acceso m\u00e1s r\u00e1pido.<\/p>\n<p><img loading=\"lazy\" decoding=\"async\" src=\"https:\/\/spinwinera.org\/wp-content\/uploads\/2025\/12\/Spinwinera-Android-App.webp\" alt=\"Spinwinera Android App\" width=\"1248\" height=\"536\" \/><\/p>\n<\/div><\/div><div style=\"clear: both\"><\/div><div class=\"d-flex justify-content-center\"><button data-item=\"decouvrez_link\" data-group=\"website_links\" class=\"goto fw-bold rounded-pill btn btn-orange\" aria-label=\"Descarga la aplicaci\u00f3n Spinwinera\" >Descarga la aplicaci\u00f3n Spinwinera<\/button><\/div><div class=\"scrollable-content-wrap my-5\"><div class=\"scrollable-content-inner\"><h2>Aplicaci\u00f3n Spinwinera para Dispositivos iOS<\/h2>\n<p>La plataforma m\u00f3vil de Spinwinera est\u00e1 disponible para iOS y es compatible con todos los modelos actuales de iPhone y iPad.La interfaz se adapta autom\u00e1ticamente al tama\u00f1o de pantalla y mantiene las mismas funciones que la versi\u00f3n de escritorio, incluyendo el acceso a tragaperras, juegos de mesa y t\u00edtulos con crupier en vivo.La instalaci\u00f3n en iOS se realiza de la misma manera que en Android.<\/p>\n<p>Tambi\u00e9n puedes acceder a Spinwinera desde cualquier navegador m\u00f3vil.La versi\u00f3n del navegador conserva la estructura y caracter\u00edsticas del sitio de escritorio y est\u00e1 optimizada para controles t\u00e1ctiles.Si prefieres tener un acceso directo en la pantalla de inicio, sigue estos pasos:<\/p>\n<ol>\n<li>Abre la aplicaci\u00f3n Atajos (Shortcuts) en tu dispositivo.<\/li>\n<li>Toca el icono \u201c+\u201d para crear un nuevo acceso directo.<\/li>\n<li>Selecciona \u201cA\u00f1adir acci\u00f3n\u201d e introduce la direcci\u00f3n del sitio web de Spinwinera.<\/li>\n<li>Pulsa la flecha hacia abajo junto al nombre del acceso directo y selecciona \u201cA\u00f1adir a pantalla de inicio\u201d.<\/li>\n<li>Cambia el nombre si lo deseas y confirma tocando \u201cA\u00f1adir\u201d.<\/li>\n<\/ol>\n<p><img loading=\"lazy\" decoding=\"async\" src=\"https:\/\/spinwinera.org\/wp-content\/uploads\/2025\/12\/Spinwinera-iOS-App.webp\" alt=\"Spinwinera iOS App\" width=\"1248\" height=\"536\" \/><\/p>\n<\/div><\/div><div style=\"clear: both\"><\/div><div class=\"d-flex justify-content-center\"><button data-item=\"decouvrez_link\" data-group=\"website_links\" class=\"goto fw-bold rounded-pill btn btn-orange\" aria-label=\"Descargar Spinwinera\" >Descargar Spinwinera<\/button><\/div><div class=\"scrollable-content-wrap my-5\"><div class=\"scrollable-content-inner\"><h2>Acceso a Spinwinera en Dispositivos Windows y macOS<\/h2>\n<p>Spinwinera Casino tambi\u00e9n est\u00e1 disponible para usuarios de escritorio que prefieren jugar desde un ordenador.Puedes acceder a la plataforma desde cualquier navegador web moderno introduciendo la direcci\u00f3n del sitio.<\/p>\n<p>Para un acceso m\u00e1s r\u00e1pido, puedes a\u00f1adir un acceso directo al escritorio o a la pantalla de inicio desde el men\u00fa del navegador utilizando la opci\u00f3n \u201cA\u00f1adir a pantalla de inicio\u201d.Si necesitas ayuda, el servicio de atenci\u00f3n al cliente est\u00e1 disponible las 24 horas, los 7 d\u00edas de la semana, por chat en vivo o correo electr\u00f3nico.<\/p>\n<p><img loading=\"lazy\" decoding=\"async\" src=\"https:\/\/spinwinera.org\/wp-content\/uploads\/2025\/12\/Spinwinera-PC.webp\" alt=\"Spinwinera desktop\" width=\"1248\" height=\"536\" \/><\/p>\n<\/div><\/div><div style=\"clear: both\"><\/div><div class=\"d-flex justify-content-center\"><button data-item=\"decouvrez_link\" data-group=\"website_links\" class=\"goto fw-bold rounded-pill btn btn-orange\" aria-label=\"Descarga la aplicaci\u00f3n Spinwinera\" >Descarga la aplicaci\u00f3n Spinwinera<\/button><\/div><div class=\"scrollable-content-wrap my-5\"><div class=\"scrollable-content-inner\"><h2>FAQ<\/h2>\n<h3>\u00bfHay Atenci\u00f3n al Cliente en la Aplicaci\u00f3n Spinwinera Casino?<\/h3>\n<p>La versi\u00f3n m\u00f3vil de Spinwinera ofrece el mismo nivel de funcionalidad que la plataforma de escritorio, incluyendo el acceso al servicio de atenci\u00f3n al cliente mediante chat en vivo.Tambi\u00e9n es posible recibir asistencia por correo electr\u00f3nico desde cualquier dispositivo.Los servicios de soporte est\u00e1n disponibles las 24 horas del d\u00eda, los 7 d\u00edas de la semana.<\/p>\n<h3>\u00bfNecesito una Cuenta para Usar la Aplicaci\u00f3n Spinwinera?<\/h3>\n<p>S\u00ed, es necesario tener una cuenta para utilizar la aplicaci\u00f3n de Spinwinera y acceder a funciones como los juegos, m\u00e9todos de pago y atenci\u00f3n al cliente.<\/p>\n<p>El proceso de registro es r\u00e1pido y solo requiere introducir informaci\u00f3n b\u00e1sica del usuario.<\/p>\n<p>Una vez completado el registro, todas las funciones de la plataforma estar\u00e1n disponibles dentro de la aplicaci\u00f3n.<\/p>\n<h3>\u00bfPuedo Realizar Dep\u00f3sitos y Retiros Directamente en la Aplicaci\u00f3n?<\/h3>\n<p>S\u00ed, los dep\u00f3sitos y retiros pueden realizarse directamente desde la aplicaci\u00f3n Spinwinera, utilizando los mismos m\u00e9todos de pago disponibles en la versi\u00f3n de escritorio.<\/p>\n<p>Antes de procesar el primer retiro, puede ser necesario verificar tu identidad.<\/p>\n<p>Todos los procedimientos de transacci\u00f3n siguen las pol\u00edticas est\u00e1ndar de la plataforma, garantizando seguridad y rapidez en cada operaci\u00f3n.<\/p>\n<\/div><\/div><\/p>\n","protected":false},"excerpt":{"rendered":"<p>Spinwinera en Dispositivos M\u00f3viles Spinwinera app para Android e iOS ofrece acceso al cat\u00e1logo de juegos y a las funciones de cuenta directamente desde dispositivos m\u00f3viles. El servicio funciona perfectamente en smartphones y tabletas modernas, adapt\u00e1ndose a diferentes tama\u00f1os de pantalla. La versi\u00f3n m\u00f3vil incluye las mismas funciones que el sitio web de escritorio. El [&hellip;]<\/p>\n","protected":false},"author":1,"featured_media":0,"parent":0,"menu_order":0,"comment_status":"closed","ping_status":"closed","template":"template-builder.php","meta":{"_acf_changed":false,"inline_featured_image":false,"footnotes":""},"class_list":["post-1429","page","type-page","status-publish","hentry"],"acf":[],"yoast_head":"<!-- This site is optimized with the Yoast SEO plugin v27.3 - https:\/\/yoast.com\/product\/yoast-seo-wordpress\/ -->\n<title>Spinwinera m\u00f3vil Casino | Aplicaci\u00f3n para Android e iOS<\/title>\n<meta name=\"description\" content=\"La aplicaci\u00f3n Spinwinera ofrece juegos de casino sin interrupciones en las plataformas Android, iOS, Windows y macOS, con cuentas sincronizadas, actualizaciones frecuentes y atenci\u00f3n al cliente integrada para una experiencia de juego ininterrumpida.\" \/>\n<meta name=\"robots\" content=\"index, follow, max-snippet:-1, max-image-preview:large, max-video-preview:-1\" \/>\n<link rel=\"canonical\" href=\"https:\/\/spinwinera.org\/es\/aplicacion\/\" \/>\n<meta property=\"og:locale\" content=\"es_ES\" \/>\n<meta property=\"og:type\" content=\"article\" \/>\n<meta property=\"og:title\" content=\"Spinwinera m\u00f3vil Casino | Aplicaci\u00f3n para Android e iOS\" \/>\n<meta property=\"og:description\" content=\"La aplicaci\u00f3n Spinwinera ofrece juegos de casino sin interrupciones en las plataformas Android, iOS, Windows y macOS, con cuentas sincronizadas, actualizaciones frecuentes y atenci\u00f3n al cliente integrada para una experiencia de juego ininterrumpida.\" \/>\n<meta property=\"og:url\" content=\"https:\/\/spinwinera.org\/es\/aplicacion\/\" \/>\n<meta property=\"og:site_name\" content=\"spinwinera\" \/>\n<meta property=\"article:modified_time\" content=\"2025-12-29T15:17:56+00:00\" \/>\n<meta name=\"twitter:card\" content=\"summary_large_image\" \/>\n<meta name=\"twitter:label1\" content=\"Est. reading time\" \/>\n\t<meta name=\"twitter:data1\" content=\"2 minutos\" \/>\n<script type=\"application\/ld+json\" class=\"yoast-schema-graph\">{\"@context\":\"https:\\\/\\\/schema.org\",\"@graph\":[{\"@type\":\"WebPage\",\"@id\":\"https:\\\/\\\/spinwinera.org\\\/es\\\/aplicacion\\\/\",\"url\":\"https:\\\/\\\/spinwinera.org\\\/es\\\/aplicacion\\\/\",\"name\":\"Spinwinera m\u00f3vil Casino | Aplicaci\u00f3n para Android e iOS\",\"isPartOf\":{\"@id\":\"https:\\\/\\\/spinwinera.org\\\/es\\\/#website\"},\"datePublished\":\"2025-12-29T11:21:22+00:00\",\"dateModified\":\"2025-12-29T15:17:56+00:00\",\"description\":\"La aplicaci\u00f3n Spinwinera ofrece juegos de casino sin interrupciones en las plataformas Android, iOS, Windows y macOS, con cuentas sincronizadas, actualizaciones frecuentes y atenci\u00f3n al cliente integrada para una experiencia de juego ininterrumpida.\",\"breadcrumb\":{\"@id\":\"https:\\\/\\\/spinwinera.org\\\/es\\\/aplicacion\\\/#breadcrumb\"},\"inLanguage\":\"es\",\"potentialAction\":[{\"@type\":\"ReadAction\",\"target\":[\"https:\\\/\\\/spinwinera.org\\\/es\\\/aplicacion\\\/\"]}]},{\"@type\":\"BreadcrumbList\",\"@id\":\"https:\\\/\\\/spinwinera.org\\\/es\\\/aplicacion\\\/#breadcrumb\",\"itemListElement\":[{\"@type\":\"ListItem\",\"position\":1,\"name\":\"Spinwinera\",\"item\":\"https:\\\/\\\/spinwinera.org\\\/es\\\/\"},{\"@type\":\"ListItem\",\"position\":2,\"name\":\"Aplicaci\u00f3n\"}]},{\"@type\":\"WebSite\",\"@id\":\"https:\\\/\\\/spinwinera.org\\\/es\\\/#website\",\"url\":\"https:\\\/\\\/spinwinera.org\\\/es\\\/\",\"name\":\"Spinwinera\",\"description\":\"\",\"publisher\":{\"@id\":\"https:\\\/\\\/spinwinera.org\\\/es\\\/#organization\"},\"potentialAction\":[{\"@type\":\"SearchAction\",\"target\":{\"@type\":\"EntryPoint\",\"urlTemplate\":\"https:\\\/\\\/spinwinera.org\\\/es\\\/?s={search_term_string}\"},\"query-input\":{\"@type\":\"PropertyValueSpecification\",\"valueRequired\":true,\"valueName\":\"search_term_string\"}}],\"inLanguage\":\"es\"},{\"@type\":\"Organization\",\"@id\":\"https:\\\/\\\/spinwinera.org\\\/es\\\/#organization\",\"name\":\"Spinwinera\",\"url\":\"https:\\\/\\\/spinwinera.org\\\/es\\\/\",\"logo\":{\"@type\":\"ImageObject\",\"inLanguage\":\"es\",\"@id\":\"https:\\\/\\\/spinwinera.org\\\/es\\\/#\\\/schema\\\/logo\\\/image\\\/\",\"url\":\"https:\\\/\\\/spinwinera.org\\\/wp-content\\\/uploads\\\/2025\\\/12\\\/Spinwinera-logo-Mobile.png\",\"contentUrl\":\"https:\\\/\\\/spinwinera.org\\\/wp-content\\\/uploads\\\/2025\\\/12\\\/Spinwinera-logo-Mobile.png\",\"width\":87,\"height\":34,\"caption\":\"Spinwinera\"},\"image\":{\"@id\":\"https:\\\/\\\/spinwinera.org\\\/es\\\/#\\\/schema\\\/logo\\\/image\\\/\"}}]}<\/script>\n<!-- \/ Yoast SEO plugin. -->","yoast_head_json":{"title":"Spinwinera m\u00f3vil Casino | Aplicaci\u00f3n para Android e iOS","description":"La aplicaci\u00f3n Spinwinera ofrece juegos de casino sin interrupciones en las plataformas Android, iOS, Windows y macOS, con cuentas sincronizadas, actualizaciones frecuentes y atenci\u00f3n al cliente integrada para una experiencia de juego ininterrumpida.","robots":{"index":"index","follow":"follow","max-snippet":"max-snippet:-1","max-image-preview":"max-image-preview:large","max-video-preview":"max-video-preview:-1"},"canonical":"https:\/\/spinwinera.org\/es\/aplicacion\/","og_locale":"es_ES","og_type":"article","og_title":"Spinwinera m\u00f3vil Casino | Aplicaci\u00f3n para Android e iOS","og_description":"La aplicaci\u00f3n Spinwinera ofrece juegos de casino sin interrupciones en las plataformas Android, iOS, Windows y macOS, con cuentas sincronizadas, actualizaciones frecuentes y atenci\u00f3n al cliente integrada para una experiencia de juego ininterrumpida.","og_url":"https:\/\/spinwinera.org\/es\/aplicacion\/","og_site_name":"spinwinera","article_modified_time":"2025-12-29T15:17:56+00:00","twitter_card":"summary_large_image","twitter_misc":{"Est. reading time":"2 minutos"},"schema":{"@context":"https:\/\/schema.org","@graph":[{"@type":"WebPage","@id":"https:\/\/spinwinera.org\/es\/aplicacion\/","url":"https:\/\/spinwinera.org\/es\/aplicacion\/","name":"Spinwinera m\u00f3vil Casino | Aplicaci\u00f3n para Android e iOS","isPartOf":{"@id":"https:\/\/spinwinera.org\/es\/#website"},"datePublished":"2025-12-29T11:21:22+00:00","dateModified":"2025-12-29T15:17:56+00:00","description":"La aplicaci\u00f3n Spinwinera ofrece juegos de casino sin interrupciones en las plataformas Android, iOS, Windows y macOS, con cuentas sincronizadas, actualizaciones frecuentes y atenci\u00f3n al cliente integrada para una experiencia de juego ininterrumpida.","breadcrumb":{"@id":"https:\/\/spinwinera.org\/es\/aplicacion\/#breadcrumb"},"inLanguage":"es","potentialAction":[{"@type":"ReadAction","target":["https:\/\/spinwinera.org\/es\/aplicacion\/"]}]},{"@type":"BreadcrumbList","@id":"https:\/\/spinwinera.org\/es\/aplicacion\/#breadcrumb","itemListElement":[{"@type":"ListItem","position":1,"name":"Spinwinera","item":"https:\/\/spinwinera.org\/es\/"},{"@type":"ListItem","position":2,"name":"Aplicaci\u00f3n"}]},{"@type":"WebSite","@id":"https:\/\/spinwinera.org\/es\/#website","url":"https:\/\/spinwinera.org\/es\/","name":"Spinwinera","description":"","publisher":{"@id":"https:\/\/spinwinera.org\/es\/#organization"},"potentialAction":[{"@type":"SearchAction","target":{"@type":"EntryPoint","urlTemplate":"https:\/\/spinwinera.org\/es\/?s={search_term_string}"},"query-input":{"@type":"PropertyValueSpecification","valueRequired":true,"valueName":"search_term_string"}}],"inLanguage":"es"},{"@type":"Organization","@id":"https:\/\/spinwinera.org\/es\/#organization","name":"Spinwinera","url":"https:\/\/spinwinera.org\/es\/","logo":{"@type":"ImageObject","inLanguage":"es","@id":"https:\/\/spinwinera.org\/es\/#\/schema\/logo\/image\/","url":"https:\/\/spinwinera.org\/wp-content\/uploads\/2025\/12\/Spinwinera-logo-Mobile.png","contentUrl":"https:\/\/spinwinera.org\/wp-content\/uploads\/2025\/12\/Spinwinera-logo-Mobile.png","width":87,"height":34,"caption":"Spinwinera"},"image":{"@id":"https:\/\/spinwinera.org\/es\/#\/schema\/logo\/image\/"}}]}},"_links":{"self":[{"href":"https:\/\/spinwinera.org\/es\/wp-json\/wp\/v2\/pages\/1429","targetHints":{"allow":["GET"]}}],"collection":[{"href":"https:\/\/spinwinera.org\/es\/wp-json\/wp\/v2\/pages"}],"about":[{"href":"https:\/\/spinwinera.org\/es\/wp-json\/wp\/v2\/types\/page"}],"author":[{"embeddable":true,"href":"https:\/\/spinwinera.org\/es\/wp-json\/wp\/v2\/users\/1"}],"replies":[{"embeddable":true,"href":"https:\/\/spinwinera.org\/es\/wp-json\/wp\/v2\/comments?post=1429"}],"version-history":[{"count":2,"href":"https:\/\/spinwinera.org\/es\/wp-json\/wp\/v2\/pages\/1429\/revisions"}],"predecessor-version":[{"id":1792,"href":"https:\/\/spinwinera.org\/es\/wp-json\/wp\/v2\/pages\/1429\/revisions\/1792"}],"wp:attachment":[{"href":"https:\/\/spinwinera.org\/es\/wp-json\/wp\/v2\/media?parent=1429"}],"curies":[{"name":"wp","href":"https:\/\/api.w.org\/{rel}","templated":true}]}}