{"id":1441,"date":"2025-12-29T12:04:44","date_gmt":"2025-12-29T12:04:44","guid":{"rendered":"https:\/\/spinwinera.org\/bonus-2\/"},"modified":"2025-12-29T15:22:23","modified_gmt":"2025-12-29T15:22:23","slug":"bonificacion","status":"publish","type":"page","link":"https:\/\/spinwinera.org\/es\/bonificacion\/","title":{"rendered":"Bonificaci\u00f3n"},"content":{"rendered":"<h1>Programas de Spinwinera Bonus<\/h1>\n<p>Spinwinera ofrece un completo programa de bonificaciones que incluye un paquete de bienvenida de hasta 1.500 \u20ac y 250 tiradas gratis, distribuidas entre los tres primeros dep\u00f3sitos de los nuevos usuarios.<\/p>\n<p>Adem\u00e1s, la plataforma cuenta con otras promociones adicionales, como cashback, rakeback, torneos y diversas ofertas continuas.<\/p>\n<p>Los detalles y las condiciones de cada promoci\u00f3n se pueden consultar en la secci\u00f3n de promociones del sitio web.<\/p>\n<p><div class=\"banner-wrap\" aria-label=\"Banner\"><img src=\"https:\/\/spinwinera.org\/wp-content\/uploads\/2025\/12\/Spinwinera-bonus-desktop.webp\" class=\"w-100 d-none d-lg-block img-pc main-banner-img\" alt=\"Spinwinera bonus desktop\" fetchpriority=\"high\" decoding=\"async\"><img src=\"https:\/\/spinwinera.org\/wp-content\/uploads\/2025\/12\/Spinwinera-bonus-mobile.webp\" class=\"w-100 d-none d-md-block d-lg-none main-banner-img\" alt=\"Spinwinera bonus mobile\" fetchpriority=\"high\" decoding=\"async\"><img src=\"https:\/\/spinwinera.org\/wp-content\/uploads\/2025\/12\/Spinwinera-bonus-mobile.webp\" class=\"w-100 d-md-none\" alt=\"Spinwinera bonus mobile\" fetchpriority=\"high\" decoding=\"async\"><div class=\"banner-description\">\n<div class=\"banner-title\">Bonos de bienvenida<\/div>\n<p class=\"banner-header-title\">1500 \u20ac<\/p>\n<div class=\"banner-header-AdditionalText\">+ 250 Tiradas gratis<\/div>\n<button data-item=\"homepage_banner_link\" class=\"goto m-button m-gradient-border m-button--primary m-button--large banner-button btn-orange\">\n            <div class=\"m-button-content\">\n                <span>Reg\u00edstrate ahora<\/span>\n                <span><\/span>\n            <\/div>\n        <\/button>\n<\/div>\n<div class=\"WelcomePack\">\n<p><img loading=\"lazy\" decoding=\"async\" class=\"alignnone size-full wp-image-1338\" src=\"https:\/\/spinwinera.org\/wp-content\/uploads\/2025\/12\/welcome-crown.svg\" alt=\"crown\" width=\"25\" height=\"26\" \/><\/p>\n<div class=\"WelcomePack-Info\">Reembolso semanal de hasta el 25 %<\/div>\n<p><img loading=\"lazy\" decoding=\"async\" class=\"alignnone size-full wp-image-1338\" src=\"https:\/\/spinwinera.org\/wp-content\/uploads\/2025\/12\/welcome-crown.svg\" alt=\"crown\" width=\"25\" height=\"26\" \/><\/p>\n<\/div>\n<\/div><div class=\"promotions-wrap\"><div class=\"promotion-card\" style=\"background-image: url(https:\/\/spinwinera.org\/wp-content\/uploads\/2025\/12\/first-deposit.webp);\"><h2 class=\"promotion-card__title\">Primer dep\u00f3sito<\/h2><label class=\"promotion-card__offer\">100 % hasta 500 \u20ac + 150 tiradas gratis<\/label><label class=\"promotion-card__description\"><\/label><div class=\"promotion-card__actions\"><button data-item=\"payments_link\" data-group=\"website_links\" class=\"goto btn btn-orange rounded-pill fw-bold px-4 m-button m-gradient-border m-button--primary m-button--large promotion-button promotion-card__action-btn\" aria-label=\"Registrarse\"><div class=\"m-button-content\"><span class=\"promotion-button__content\">Registrarse<\/span><\/div><\/button><button data-item=\"http:\/\/bonus_link\" data-group=\"website_links\" class=\"goto m-button m-gradient-border m-button--secondary m-button--medium promotion-card__info-btn\" aria-label=\"More information\"><div class=\"m-button-content\"><svg viewBox=\"0 0 24 24\" fill=\"none\" xmlns=\"http:\/\/www.w3.org\/2000\/svg\" class=\"m-icon m-icon-loadable\" name=\"Attention\" loading=\"false\" aria-hidden=\"true\"><path d=\"M12 22C6.477 22 2 17.522 2 12S6.477 2 12 2s10 4.478 10 10-4.477 10-10 10m-.002-13.004a.999.999 0 1 0 0-1.997.999.999 0 0 0 0 1.997M12 17a1 1 0 0 0 .993-.884L13 16l-.002-5.001-.007-.117a1 1 0 0 0-1.986 0l-.007.117L11 16l.007.117A1 1 0 0 0 12 17\" fill=\"currentColor\"><\/path><\/svg><\/div><\/button><\/div><\/div><div class=\"promotion-card\" style=\"background-image: url(https:\/\/spinwinera.org\/wp-content\/uploads\/2025\/12\/second-deposit.webp);\"><h2 class=\"promotion-card__title\">Segundo dep\u00f3sito<\/h2><label class=\"promotion-card__offer\">55 % hasta 500 \u20ac + 100 tiradas gratis<\/label><label class=\"promotion-card__description\"><\/label><div class=\"promotion-card__actions\"><button data-item=\"payments_link\" data-group=\"website_links\" class=\"goto btn btn-orange rounded-pill fw-bold px-4 m-button m-gradient-border m-button--primary m-button--large promotion-button promotion-card__action-btn\" aria-label=\"Registrarse\"><div class=\"m-button-content\"><span class=\"promotion-button__content\">Registrarse<\/span><\/div><\/button><button data-item=\"http:\/\/bonus_link\" data-group=\"website_links\" class=\"goto m-button m-gradient-border m-button--secondary m-button--medium promotion-card__info-btn\" aria-label=\"More information\"><div class=\"m-button-content\"><svg viewBox=\"0 0 24 24\" fill=\"none\" xmlns=\"http:\/\/www.w3.org\/2000\/svg\" class=\"m-icon m-icon-loadable\" name=\"Attention\" loading=\"false\" aria-hidden=\"true\"><path d=\"M12 22C6.477 22 2 17.522 2 12S6.477 2 12 2s10 4.478 10 10-4.477 10-10 10m-.002-13.004a.999.999 0 1 0 0-1.997.999.999 0 0 0 0 1.997M12 17a1 1 0 0 0 .993-.884L13 16l-.002-5.001-.007-.117a1 1 0 0 0-1.986 0l-.007.117L11 16l.007.117A1 1 0 0 0 12 17\" fill=\"currentColor\"><\/path><\/svg><\/div><\/button><\/div><\/div><div class=\"promotion-card\" style=\"background-image: url(https:\/\/spinwinera.org\/wp-content\/uploads\/2025\/12\/third-deposit.webp);\"><h2 class=\"promotion-card__title\">Tercer dep\u00f3sito<\/h2><label class=\"promotion-card__offer\">100 % hasta 500 \u20ac<\/label><label class=\"promotion-card__description\"><\/label><div class=\"promotion-card__actions\"><button data-item=\"payments_link\" data-group=\"website_links\" class=\"goto btn btn-orange rounded-pill fw-bold px-4 m-button m-gradient-border m-button--primary m-button--large promotion-button promotion-card__action-btn\" aria-label=\"Registrarse\"><div class=\"m-button-content\"><span class=\"promotion-button__content\">Registrarse<\/span><\/div><\/button><button data-item=\"http:\/\/bonus_link\" data-group=\"website_links\" class=\"goto m-button m-gradient-border m-button--secondary m-button--medium promotion-card__info-btn\" aria-label=\"More information\"><div class=\"m-button-content\"><svg viewBox=\"0 0 24 24\" fill=\"none\" xmlns=\"http:\/\/www.w3.org\/2000\/svg\" class=\"m-icon m-icon-loadable\" name=\"Attention\" loading=\"false\" aria-hidden=\"true\"><path d=\"M12 22C6.477 22 2 17.522 2 12S6.477 2 12 2s10 4.478 10 10-4.477 10-10 10m-.002-13.004a.999.999 0 1 0 0-1.997.999.999 0 0 0 0 1.997M12 17a1 1 0 0 0 .993-.884L13 16l-.002-5.001-.007-.117a1 1 0 0 0-1.986 0l-.007.117L11 16l.007.117A1 1 0 0 0 12 17\" fill=\"currentColor\"><\/path><\/svg><\/div><\/button><\/div><\/div><div class=\"promotion-card\" style=\"background-image: url(https:\/\/spinwinera.org\/wp-content\/uploads\/2025\/12\/cashback.webp);\"><h2 class=\"promotion-card__title\">Cashback semanal<\/h2><label class=\"promotion-card__offer\"> hasta el 25 %<\/label><label class=\"promotion-card__description\"><\/label><div class=\"promotion-card__actions\"><button data-item=\"payments_link\" data-group=\"website_links\" class=\"goto btn btn-orange rounded-pill fw-bold px-4 m-button m-gradient-border m-button--primary m-button--large promotion-button promotion-card__action-btn\" aria-label=\"Registrarse\"><div class=\"m-button-content\"><span class=\"promotion-button__content\">Registrarse<\/span><\/div><\/button><button data-item=\"http:\/\/bonus_link\" data-group=\"website_links\" class=\"goto m-button m-gradient-border m-button--secondary m-button--medium promotion-card__info-btn\" aria-label=\"More information\"><div class=\"m-button-content\"><svg viewBox=\"0 0 24 24\" fill=\"none\" xmlns=\"http:\/\/www.w3.org\/2000\/svg\" class=\"m-icon m-icon-loadable\" name=\"Attention\" loading=\"false\" aria-hidden=\"true\"><path d=\"M12 22C6.477 22 2 17.522 2 12S6.477 2 12 2s10 4.478 10 10-4.477 10-10 10m-.002-13.004a.999.999 0 1 0 0-1.997.999.999 0 0 0 0 1.997M12 17a1 1 0 0 0 .993-.884L13 16l-.002-5.001-.007-.117a1 1 0 0 0-1.986 0l-.007.117L11 16l.007.117A1 1 0 0 0 12 17\" fill=\"currentColor\"><\/path><\/svg><\/div><\/button><\/div><\/div><div class=\"promotion-card\" style=\"background-image: url(https:\/\/spinwinera.org\/wp-content\/uploads\/2025\/12\/sunday-reload.webp);\"><h2 class=\"promotion-card__title\">Bono de recarga dominical<\/h2><label class=\"promotion-card__offer\">25 % hasta 100 \u20ac<\/label><label class=\"promotion-card__description\"><\/label><div class=\"promotion-card__actions\"><button data-item=\"payments_link\" data-group=\"website_links\" class=\"goto btn btn-orange rounded-pill fw-bold px-4 m-button m-gradient-border m-button--primary m-button--large promotion-button promotion-card__action-btn\" aria-label=\"Registrarse\"><div class=\"m-button-content\"><span class=\"promotion-button__content\">Registrarse<\/span><\/div><\/button><button data-item=\"http:\/\/bonus_link\" data-group=\"website_links\" class=\"goto m-button m-gradient-border m-button--secondary m-button--medium promotion-card__info-btn\" aria-label=\"More information\"><div class=\"m-button-content\"><svg viewBox=\"0 0 24 24\" fill=\"none\" xmlns=\"http:\/\/www.w3.org\/2000\/svg\" class=\"m-icon m-icon-loadable\" name=\"Attention\" loading=\"false\" aria-hidden=\"true\"><path d=\"M12 22C6.477 22 2 17.522 2 12S6.477 2 12 2s10 4.478 10 10-4.477 10-10 10m-.002-13.004a.999.999 0 1 0 0-1.997.999.999 0 0 0 0 1.997M12 17a1 1 0 0 0 .993-.884L13 16l-.002-5.001-.007-.117a1 1 0 0 0-1.986 0l-.007.117L11 16l.007.117A1 1 0 0 0 12 17\" fill=\"currentColor\"><\/path><\/svg><\/div><\/button><\/div><\/div><div class=\"promotion-card\" style=\"background-image: url(https:\/\/spinwinera.org\/wp-content\/uploads\/2025\/12\/rakeback.webp);\"><h2 class=\"promotion-card__title\">Rakeback<\/h2><label class=\"promotion-card__offer\"> hasta el 17 %<\/label><label class=\"promotion-card__description\"><\/label><div class=\"promotion-card__actions\"><button data-item=\"payments_link\" data-group=\"website_links\" class=\"goto btn btn-orange rounded-pill fw-bold px-4 m-button m-gradient-border m-button--primary m-button--large promotion-button promotion-card__action-btn\" aria-label=\"Registrarse\"><div class=\"m-button-content\"><span class=\"promotion-button__content\">Registrarse<\/span><\/div><\/button><button data-item=\"http:\/\/bonus_link\" data-group=\"website_links\" class=\"goto m-button m-gradient-border m-button--secondary m-button--medium promotion-card__info-btn\" aria-label=\"More information\"><div class=\"m-button-content\"><svg viewBox=\"0 0 24 24\" fill=\"none\" xmlns=\"http:\/\/www.w3.org\/2000\/svg\" class=\"m-icon m-icon-loadable\" name=\"Attention\" loading=\"false\" aria-hidden=\"true\"><path d=\"M12 22C6.477 22 2 17.522 2 12S6.477 2 12 2s10 4.478 10 10-4.477 10-10 10m-.002-13.004a.999.999 0 1 0 0-1.997.999.999 0 0 0 0 1.997M12 17a1 1 0 0 0 .993-.884L13 16l-.002-5.001-.007-.117a1 1 0 0 0-1.986 0l-.007.117L11 16l.007.117A1 1 0 0 0 12 17\" fill=\"currentColor\"><\/path><\/svg><\/div><\/button><\/div><\/div><div class=\"promotion-card\" style=\"background-image: url(https:\/\/spinwinera.org\/wp-content\/uploads\/2025\/12\/High-Roller-Bonus.webp);\"><h2 class=\"promotion-card__title\">Bono High Roller<\/h2><label class=\"promotion-card__offer\">50 % hasta 500 \u20ac<\/label><label class=\"promotion-card__description\"><\/label><div class=\"promotion-card__actions\"><button data-item=\"payments_link\" data-group=\"website_links\" class=\"goto btn btn-orange rounded-pill fw-bold px-4 m-button m-gradient-border m-button--primary m-button--large promotion-button promotion-card__action-btn\" aria-label=\"Registrarse\"><div class=\"m-button-content\"><span class=\"promotion-button__content\">Registrarse<\/span><\/div><\/button><button data-item=\"http:\/\/bonus_link\" data-group=\"website_links\" class=\"goto m-button m-gradient-border m-button--secondary m-button--medium promotion-card__info-btn\" aria-label=\"More information\"><div class=\"m-button-content\"><svg viewBox=\"0 0 24 24\" fill=\"none\" xmlns=\"http:\/\/www.w3.org\/2000\/svg\" class=\"m-icon m-icon-loadable\" name=\"Attention\" loading=\"false\" aria-hidden=\"true\"><path d=\"M12 22C6.477 22 2 17.522 2 12S6.477 2 12 2s10 4.478 10 10-4.477 10-10 10m-.002-13.004a.999.999 0 1 0 0-1.997.999.999 0 0 0 0 1.997M12 17a1 1 0 0 0 .993-.884L13 16l-.002-5.001-.007-.117a1 1 0 0 0-1.986 0l-.007.117L11 16l.007.117A1 1 0 0 0 12 17\" fill=\"currentColor\"><\/path><\/svg><\/div><\/button><\/div><\/div><\/div><div class=\"scrollable-content-wrap my-5\"><div class=\"scrollable-content-inner\"><h2>Promociones de Spinwinera<\/h2>\n<p>Al elegir una plataforma de juego online, muchos usuarios valoran las opciones promocionales disponibles.El programa de bonos de Spinwinera ofrece distintos tipos de recompensas adaptadas a diferentes estilos de juego y presupuestos.Las promociones actuales incluyen:<\/p>\n<ul>\n<li>Paquete de bienvenida de hasta 1.500 \u20ac y 250 tiradas gratis distribuidas entre los tres primeros dep\u00f3sitos.<\/li>\n<li>Cashback semanal de hasta el 25 % sobre las p\u00e9rdidas netas.<\/li>\n<li>Bono de recarga dominical del 25 % hasta 100 \u20ac.<\/li>\n<li>Rakeback del 17 % en apuestas de juegos seleccionados.<\/li>\n<li>Bono High Roller del 50 % hasta 500 \u20ac.<\/li>\n<li>Programa VIP con recompensas por niveles, tasas de cashback aumentadas y asistencia personalizada.<\/li>\n<\/ul>\n<h2>Recompensas por Competencias en Spinwinera<\/h2>\n<p>Spinwinera organiza torneos donde los jugadores compiten por botes predeterminados, que pueden ir desde miles hasta millones de euros.<\/p>\n<p>Los eventos suelen incluir tragamonedas y juegos con crupieres en vivo, y las clasificaciones se basan en el rendimiento del jugador en los juegos designados<\/p>\n<table>\n<tbody>\n<tr>\n<td>Torneo<\/td>\n<td>Bote de premios<\/td>\n<td>Detalles<\/td>\n<\/tr>\n<tr>\n<td>Daily Bronze Tournament<\/td>\n<td>\u20ac2,500<\/td>\n<td>Juega a las tragaperras populares seleccionadas, gana puntos por tus victorias y comparte premios diarios en efectivo con los mejores jugadores.<\/td>\n<\/tr>\n<tr>\n<td>Spinoleague<\/td>\n<td>\u20ac12,000,000<\/td>\n<td>Compite en tragamonedas de Pragmatic Play como Sweet Bonanza, Gates of Olympus y Big Bass Bonanza; cada giro cuenta.<\/td>\n<\/tr>\n<tr>\n<td>BGaming Drops Frenzy<\/td>\n<td>A partir de 660 000 \u20ac<\/td>\n<td>Promoci\u00f3n din\u00e1mica en la que se reparten premios en efectivo aleatorios durante el juego en tragamonedas BGaming espec\u00edficas; el bote de premios crece con la participaci\u00f3n.<\/td>\n<\/tr>\n<tr>\n<td>Torneo en vivo<\/td>\n<td>\u20ac10,000<\/td>\n<td>Evento semanal con juegos con crupier en vivo jugados en tiempo real para ganar premios en efectivo.<\/td>\n<\/tr>\n<\/tbody>\n<\/table>\n<h2>Detalles del Bono de Bienvenida del Casino<\/h2>\n<p>Spinwinera Casino ofrece un paquete de bienvenida de hasta 1.500 \u20ac y 250 tiradas gratis para nuevos usuarios registrados.<br \/>\nEl bono se distribuye en los tres primeros dep\u00f3sitos de la siguiente manera:<\/p>\n<ul>\n<li>Primer dep\u00f3sito: 100 % hasta 500 \u20ac + 150 tiradas gratis<\/li>\n<li>Segundo dep\u00f3sito: 55 % hasta 500 \u20ac + 100 tiradas gratis<\/li>\n<li>Tercer dep\u00f3sito: 100 % hasta 500 \u20ac<\/li>\n<\/ul>\n<p>El dep\u00f3sito m\u00ednimo para participar es de 20 \u20ac.La oferta de bienvenida es v\u00e1lida durante 7 d\u00edas tras su activaci\u00f3n.Las tiradas gratis se entregan en bloques de 50 por d\u00eda.Se aplica un requisito de apuesta de 35x al bono.Los t\u00e9rminos y condiciones completos est\u00e1n disponibles en la p\u00e1gina de promociones.<\/p>\n<h2>T\u00e9rminos y Condiciones de los Bonos<\/h2>\n<p>Cada bono de Spinwinera est\u00e1 sujeto a t\u00e9rminos y condiciones espec\u00edficos, que pueden variar respecto a otras plataformas.La mayor\u00eda de las promociones tienen una validez de 7 a 14 d\u00edas y requieren un requisito de apuesta de 35x.El dep\u00f3sito m\u00ednimo para activar la mayor\u00eda de los bonos es de 20 \u20ac.Solo puede haber un bono de dep\u00f3sito activo a la vez; el bono actual debe completarse o cancelarse antes de activar uno nuevo.Los bonos y recompensas de torneos funcionan de manera independiente y no se ven afectados por esta regla.<\/p>\n<h2>FAQ<\/h2>\n<h3>\u00bfC\u00f3mo puedo reclamar el bono de bienvenida en Spinwinera Casino?<\/h3>\n<p>Para reclamar el bono de bienvenida de Spinwinera, simplemente completa el proceso de registro.<\/p>\n<p>El paquete de bienvenida, valorado en hasta 1.500 \u20ac + 250 tiradas gratis, se acreditar\u00e1 autom\u00e1ticamente en tu cuenta.<\/p>\n<p>No necesitas ning\u00fan c\u00f3digo promocional.<\/p>\n<p>Solo aseg\u00farate de que cada dep\u00f3sito sea de al menos 20 \u20ac para activar el bono.<\/p>\n<h3>\u00bfHay un l\u00edmite de tiempo para usar los bonos en Spinwinera Casino?<\/h3>\n<p>S\u00ed. Los bonos de Spinwinera tienen un periodo de validez.<\/p>\n<p>Generalmente, las promociones expiran entre 7 y 14 d\u00edas despu\u00e9s de su activaci\u00f3n.<\/p>\n<p>El periodo exacto y las condiciones espec\u00edficas se indican en los t\u00e9rminos y condiciones de cada oferta.<\/p>\n<p>Es importante usar tu bono dentro de este plazo para evitar perderlo.<\/p>\n<\/div><\/div><\/p>\n","protected":false},"excerpt":{"rendered":"<p>Programas de Spinwinera Bonus Spinwinera ofrece un completo programa de bonificaciones que incluye un paquete de bienvenida de hasta 1.500 \u20ac y 250 tiradas gratis, distribuidas entre los tres primeros dep\u00f3sitos de los nuevos usuarios. Adem\u00e1s, la plataforma cuenta con otras promociones adicionales, como cashback, rakeback, torneos y diversas ofertas continuas. Los detalles y las [&hellip;]<\/p>\n","protected":false},"author":1,"featured_media":0,"parent":0,"menu_order":0,"comment_status":"closed","ping_status":"closed","template":"template-builder.php","meta":{"_acf_changed":false,"inline_featured_image":false,"footnotes":""},"class_list":["post-1441","page","type-page","status-publish","hentry"],"acf":[],"yoast_head":"<!-- This site is optimized with the Yoast SEO plugin v27.3 - https:\/\/yoast.com\/product\/yoast-seo-wordpress\/ -->\n<title>Spinwinera Casino Bonos | Ofertas de bienvenida y promociones<\/title>\n<meta name=\"description\" content=\"Descubre los bonos de Spinwinera Casino: ofertas de bienvenida, recompensas por dep\u00f3sito, promociones continuas y emocionantes torneos. Consulta aqu\u00ed todas las condiciones de los bonos y c\u00f3mo reclamarlos.\" \/>\n<meta name=\"robots\" content=\"index, follow, max-snippet:-1, max-image-preview:large, max-video-preview:-1\" \/>\n<link rel=\"canonical\" href=\"https:\/\/spinwinera.org\/es\/bonificacion\/\" \/>\n<meta property=\"og:locale\" content=\"es_ES\" \/>\n<meta property=\"og:type\" content=\"article\" \/>\n<meta property=\"og:title\" content=\"Spinwinera Casino Bonos | Ofertas de bienvenida y promociones\" \/>\n<meta property=\"og:description\" content=\"Descubre los bonos de Spinwinera Casino: ofertas de bienvenida, recompensas por dep\u00f3sito, promociones continuas y emocionantes torneos. Consulta aqu\u00ed todas las condiciones de los bonos y c\u00f3mo reclamarlos.\" \/>\n<meta property=\"og:url\" content=\"https:\/\/spinwinera.org\/es\/bonificacion\/\" \/>\n<meta property=\"og:site_name\" content=\"spinwinera\" \/>\n<meta property=\"article:modified_time\" content=\"2025-12-29T15:22:23+00:00\" \/>\n<meta name=\"twitter:card\" content=\"summary_large_image\" \/>\n<meta name=\"twitter:label1\" content=\"Est. reading time\" \/>\n\t<meta name=\"twitter:data1\" content=\"1 minuto\" \/>\n<script type=\"application\/ld+json\" class=\"yoast-schema-graph\">{\"@context\":\"https:\\\/\\\/schema.org\",\"@graph\":[{\"@type\":\"WebPage\",\"@id\":\"https:\\\/\\\/spinwinera.org\\\/es\\\/bonificacion\\\/\",\"url\":\"https:\\\/\\\/spinwinera.org\\\/es\\\/bonificacion\\\/\",\"name\":\"Spinwinera Casino Bonos | Ofertas de bienvenida y promociones\",\"isPartOf\":{\"@id\":\"https:\\\/\\\/spinwinera.org\\\/es\\\/#website\"},\"datePublished\":\"2025-12-29T12:04:44+00:00\",\"dateModified\":\"2025-12-29T15:22:23+00:00\",\"description\":\"Descubre los bonos de Spinwinera Casino: ofertas de bienvenida, recompensas por dep\u00f3sito, promociones continuas y emocionantes torneos. Consulta aqu\u00ed todas las condiciones de los bonos y c\u00f3mo reclamarlos.\",\"breadcrumb\":{\"@id\":\"https:\\\/\\\/spinwinera.org\\\/es\\\/bonificacion\\\/#breadcrumb\"},\"inLanguage\":\"es\",\"potentialAction\":[{\"@type\":\"ReadAction\",\"target\":[\"https:\\\/\\\/spinwinera.org\\\/es\\\/bonificacion\\\/\"]}]},{\"@type\":\"BreadcrumbList\",\"@id\":\"https:\\\/\\\/spinwinera.org\\\/es\\\/bonificacion\\\/#breadcrumb\",\"itemListElement\":[{\"@type\":\"ListItem\",\"position\":1,\"name\":\"Spinwinera\",\"item\":\"https:\\\/\\\/spinwinera.org\\\/es\\\/\"},{\"@type\":\"ListItem\",\"position\":2,\"name\":\"Bonificaci\u00f3n\"}]},{\"@type\":\"WebSite\",\"@id\":\"https:\\\/\\\/spinwinera.org\\\/es\\\/#website\",\"url\":\"https:\\\/\\\/spinwinera.org\\\/es\\\/\",\"name\":\"Spinwinera\",\"description\":\"\",\"publisher\":{\"@id\":\"https:\\\/\\\/spinwinera.org\\\/es\\\/#organization\"},\"potentialAction\":[{\"@type\":\"SearchAction\",\"target\":{\"@type\":\"EntryPoint\",\"urlTemplate\":\"https:\\\/\\\/spinwinera.org\\\/es\\\/?s={search_term_string}\"},\"query-input\":{\"@type\":\"PropertyValueSpecification\",\"valueRequired\":true,\"valueName\":\"search_term_string\"}}],\"inLanguage\":\"es\"},{\"@type\":\"Organization\",\"@id\":\"https:\\\/\\\/spinwinera.org\\\/es\\\/#organization\",\"name\":\"Spinwinera\",\"url\":\"https:\\\/\\\/spinwinera.org\\\/es\\\/\",\"logo\":{\"@type\":\"ImageObject\",\"inLanguage\":\"es\",\"@id\":\"https:\\\/\\\/spinwinera.org\\\/es\\\/#\\\/schema\\\/logo\\\/image\\\/\",\"url\":\"https:\\\/\\\/spinwinera.org\\\/wp-content\\\/uploads\\\/2025\\\/12\\\/Spinwinera-logo-Mobile.png\",\"contentUrl\":\"https:\\\/\\\/spinwinera.org\\\/wp-content\\\/uploads\\\/2025\\\/12\\\/Spinwinera-logo-Mobile.png\",\"width\":87,\"height\":34,\"caption\":\"Spinwinera\"},\"image\":{\"@id\":\"https:\\\/\\\/spinwinera.org\\\/es\\\/#\\\/schema\\\/logo\\\/image\\\/\"}}]}<\/script>\n<!-- \/ Yoast SEO plugin. -->","yoast_head_json":{"title":"Spinwinera Casino Bonos | Ofertas de bienvenida y promociones","description":"Descubre los bonos de Spinwinera Casino: ofertas de bienvenida, recompensas por dep\u00f3sito, promociones continuas y emocionantes torneos. Consulta aqu\u00ed todas las condiciones de los bonos y c\u00f3mo reclamarlos.","robots":{"index":"index","follow":"follow","max-snippet":"max-snippet:-1","max-image-preview":"max-image-preview:large","max-video-preview":"max-video-preview:-1"},"canonical":"https:\/\/spinwinera.org\/es\/bonificacion\/","og_locale":"es_ES","og_type":"article","og_title":"Spinwinera Casino Bonos | Ofertas de bienvenida y promociones","og_description":"Descubre los bonos de Spinwinera Casino: ofertas de bienvenida, recompensas por dep\u00f3sito, promociones continuas y emocionantes torneos. Consulta aqu\u00ed todas las condiciones de los bonos y c\u00f3mo reclamarlos.","og_url":"https:\/\/spinwinera.org\/es\/bonificacion\/","og_site_name":"spinwinera","article_modified_time":"2025-12-29T15:22:23+00:00","twitter_card":"summary_large_image","twitter_misc":{"Est. reading time":"1 minuto"},"schema":{"@context":"https:\/\/schema.org","@graph":[{"@type":"WebPage","@id":"https:\/\/spinwinera.org\/es\/bonificacion\/","url":"https:\/\/spinwinera.org\/es\/bonificacion\/","name":"Spinwinera Casino Bonos | Ofertas de bienvenida y promociones","isPartOf":{"@id":"https:\/\/spinwinera.org\/es\/#website"},"datePublished":"2025-12-29T12:04:44+00:00","dateModified":"2025-12-29T15:22:23+00:00","description":"Descubre los bonos de Spinwinera Casino: ofertas de bienvenida, recompensas por dep\u00f3sito, promociones continuas y emocionantes torneos. Consulta aqu\u00ed todas las condiciones de los bonos y c\u00f3mo reclamarlos.","breadcrumb":{"@id":"https:\/\/spinwinera.org\/es\/bonificacion\/#breadcrumb"},"inLanguage":"es","potentialAction":[{"@type":"ReadAction","target":["https:\/\/spinwinera.org\/es\/bonificacion\/"]}]},{"@type":"BreadcrumbList","@id":"https:\/\/spinwinera.org\/es\/bonificacion\/#breadcrumb","itemListElement":[{"@type":"ListItem","position":1,"name":"Spinwinera","item":"https:\/\/spinwinera.org\/es\/"},{"@type":"ListItem","position":2,"name":"Bonificaci\u00f3n"}]},{"@type":"WebSite","@id":"https:\/\/spinwinera.org\/es\/#website","url":"https:\/\/spinwinera.org\/es\/","name":"Spinwinera","description":"","publisher":{"@id":"https:\/\/spinwinera.org\/es\/#organization"},"potentialAction":[{"@type":"SearchAction","target":{"@type":"EntryPoint","urlTemplate":"https:\/\/spinwinera.org\/es\/?s={search_term_string}"},"query-input":{"@type":"PropertyValueSpecification","valueRequired":true,"valueName":"search_term_string"}}],"inLanguage":"es"},{"@type":"Organization","@id":"https:\/\/spinwinera.org\/es\/#organization","name":"Spinwinera","url":"https:\/\/spinwinera.org\/es\/","logo":{"@type":"ImageObject","inLanguage":"es","@id":"https:\/\/spinwinera.org\/es\/#\/schema\/logo\/image\/","url":"https:\/\/spinwinera.org\/wp-content\/uploads\/2025\/12\/Spinwinera-logo-Mobile.png","contentUrl":"https:\/\/spinwinera.org\/wp-content\/uploads\/2025\/12\/Spinwinera-logo-Mobile.png","width":87,"height":34,"caption":"Spinwinera"},"image":{"@id":"https:\/\/spinwinera.org\/es\/#\/schema\/logo\/image\/"}}]}},"_links":{"self":[{"href":"https:\/\/spinwinera.org\/es\/wp-json\/wp\/v2\/pages\/1441","targetHints":{"allow":["GET"]}}],"collection":[{"href":"https:\/\/spinwinera.org\/es\/wp-json\/wp\/v2\/pages"}],"about":[{"href":"https:\/\/spinwinera.org\/es\/wp-json\/wp\/v2\/types\/page"}],"author":[{"embeddable":true,"href":"https:\/\/spinwinera.org\/es\/wp-json\/wp\/v2\/users\/1"}],"replies":[{"embeddable":true,"href":"https:\/\/spinwinera.org\/es\/wp-json\/wp\/v2\/comments?post=1441"}],"version-history":[{"count":2,"href":"https:\/\/spinwinera.org\/es\/wp-json\/wp\/v2\/pages\/1441\/revisions"}],"predecessor-version":[{"id":1796,"href":"https:\/\/spinwinera.org\/es\/wp-json\/wp\/v2\/pages\/1441\/revisions\/1796"}],"wp:attachment":[{"href":"https:\/\/spinwinera.org\/es\/wp-json\/wp\/v2\/media?parent=1441"}],"curies":[{"name":"wp","href":"https:\/\/api.w.org\/{rel}","templated":true}]}}