{"id":1420,"date":"2025-12-29T11:21:22","date_gmt":"2025-12-29T11:21:22","guid":{"rendered":"https:\/\/spinwinera.org\/app\/"},"modified":"2025-12-29T13:25:03","modified_gmt":"2025-12-29T13:25:03","slug":"app","status":"publish","type":"page","link":"https:\/\/spinwinera.org\/fr\/app\/","title":{"rendered":"App"},"content":{"rendered":"<h1>Spinwinera sur les appareils mobiles<\/h1>\n<p>Spinwinera app pour Android et iOS permet d\u2019acc\u00e9der au catalogue de jeux et aux fonctionnalit\u00e9s du compte directement depuis les appareils mobiles.Le service fonctionne sur les smartphones et tablettes modernes, en s\u2019adaptant \u00e0 diff\u00e9rents formats d\u2019\u00e9cran.La version mobile propose les m\u00eames fonctionnalit\u00e9s que le site de bureau.Le casino fonctionne sous la forme d\u2019une application web progressive (PWA), ce qui signifie que les utilisateurs n\u2019ont pas besoin d\u2019installer de fichiers externes pour y acc\u00e9der.<\/p>\n<div class=\"banner-wrap\" aria-label=\"Banner\"><img src=\"https:\/\/spinwinera.org\/wp-content\/uploads\/2025\/12\/Spinwinera-bonus-desktop.webp\" class=\"w-100 d-none d-lg-block img-pc main-banner-img\" alt=\"Spinwinera bonus desktop\" fetchpriority=\"high\" decoding=\"async\"><img src=\"https:\/\/spinwinera.org\/wp-content\/uploads\/2025\/12\/Spinwinera-bonus-mobile.webp\" class=\"w-100 d-none d-md-block d-lg-none main-banner-img\" alt=\"Spinwinera bonus mobile\" fetchpriority=\"high\" decoding=\"async\"><img src=\"https:\/\/spinwinera.org\/wp-content\/uploads\/2025\/12\/Spinwinera-bonus-mobile.webp\" class=\"w-100 d-md-none\" alt=\"Spinwinera bonus mobile\" fetchpriority=\"high\" decoding=\"async\"><div class=\"banner-description\">\n<div class=\"banner-title\">Bonus de bienvenue<\/div>\n<p class=\"banner-header-title\">1500 \u20ac<\/p>\n<div class=\"banner-header-AdditionalText\">+ 250 Tours gratuits<\/div>\n<button data-item=\"homepage_banner_link\" class=\"goto m-button m-gradient-border m-button--primary m-button--large banner-button btn-orange\">\n            <div class=\"m-button-content\">\n                <span>Inscrivez-vous d\u00e8s maintenant<\/span>\n                <span><\/span>\n            <\/div>\n        <\/button>\n<\/div>\n<div class=\"WelcomePack\">\n<p><img loading=\"lazy\" decoding=\"async\" class=\"alignnone size-full wp-image-1338\" src=\"https:\/\/spinwinera.org\/wp-content\/uploads\/2025\/12\/welcome-crown.svg\" alt=\"crown\" width=\"25\" height=\"26\" \/><\/p>\n<div class=\"WelcomePack-Info\">Cashback hebdomadaire jusqu&rsquo;\u00e0 25 %<\/div>\n<p><img loading=\"lazy\" decoding=\"async\" class=\"alignnone size-full wp-image-1338\" src=\"https:\/\/spinwinera.org\/wp-content\/uploads\/2025\/12\/welcome-crown.svg\" alt=\"crown\" width=\"25\" height=\"26\" \/><\/p>\n<\/div>\n<\/div>\n<h2>Spinwinera Casino sur les appareils mobiles<\/h2>\n<p>La plupart des plateformes en ligne modernes proposent un acc\u00e8s mobile, et Spinwinera Casino dispose d\u2019une version mobile compatible avec les appareils Android et iOS.<br \/>\nL\u2019interface est optimis\u00e9e pour les petits \u00e9crans et con\u00e7ue pour une navigation simple et fluide.<\/p>\n<p>La plateforme mobile permet d\u2019acc\u00e9der \u00e0 l\u2019int\u00e9gralit\u00e9 du catalogue de plus de 6 000 jeux, aux moyens de paiement, aux programmes de bonus et au service client.<br \/>\nLa transmission des donn\u00e9es est prot\u00e9g\u00e9e par un chiffrement SSL, garantissant la s\u00e9curit\u00e9 des informations personnelles et financi\u00e8res.<\/p>\n<p>Vous trouverez ci-dessous les principaux aspects de l\u2019exp\u00e9rience mobile de Spinwinera, compar\u00e9s \u00e0 la version de bureau.<\/p>\n<table>\n<tbody>\n<tr>\n<td>Fonctionnalit\u00e9<\/td>\n<td>Logiciel mobile<\/td>\n<td>PC version<\/td>\n<\/tr>\n<tr>\n<td>Accessibilit\u00e9<\/td>\n<td>Vous pouvez jouer n&rsquo;importe o\u00f9, n&rsquo;importe quand depuis votre smartphone ou votre tablette.<\/td>\n<td>Il n\u00e9cessite un ordinateur de bureau ou un ordinateur portable.<\/td>\n<\/tr>\n<tr>\n<td>Notifications<\/td>\n<td>Les utilisateurs re\u00e7oivent des notifications push pour les bonus, les tournois et les tours gratuits.<\/td>\n<td>Il n&rsquo;y a pas de notifications en temps r\u00e9el \u00e0 moins que vous ne vous connectiez.<\/td>\n<\/tr>\n<tr>\n<td>S\u00e9curit\u00e9<\/td>\n<td>Vous pouvez utiliser une connexion biom\u00e9trique (Face ID \/ empreinte digitale) pour plus de s\u00e9curit\u00e9.<\/td>\n<td>Il repose uniquement sur une connexion par mot de passe.<\/td>\n<\/tr>\n<tr>\n<td>Acc\u00e8s hors ligne<\/td>\n<td>Certains jeux ou certaines actions sur votre compte fonctionnent m\u00eame sans connexion Internet compl\u00e8te.<\/td>\n<td>Cette version n\u00e9cessite une connexion stable en permanence.<\/td>\n<\/tr>\n<\/tbody>\n<\/table>\n<p><div class=\"scrollable-content-wrap my-5\"><div class=\"scrollable-content-inner\"><h2>Application Spinwinera pour appareils Android<\/h2>\n<p>La version mobile de Spinwinera permet d\u2019acc\u00e9der \u00e0 la plateforme depuis diff\u00e9rents endroits et appareils.Pour les utilisateurs Android, une application web progressive (PWA) est disponible. Elle fonctionne sur les smartphones et tablettes modernes sans n\u00e9cessiter l\u2019installation de fichiers APK externes provenant de sources inconnues.<\/p>\n<p>L\u2019interface mobile reprend la structure et les fonctionnalit\u00e9s du site de bureau, tout en \u00e9tant adapt\u00e9e \u00e0 la navigation tactile et aux \u00e9crans plus petits.Pour ajouter l\u2019ic\u00f4ne de l\u2019application Spinwinera sur un appareil Android, suivez ces \u00e9tapes :<\/p>\n<ol>\n<li>Rendez-vous sur le site officiel.<\/li>\n<li>Faites d\u00e9filer jusqu\u2019au bas de la page et s\u00e9lectionnez l\u2019option \u00ab Application Casino\u00bb.<\/li>\n<li>Confirmez la demande d\u2019installation.<\/li>\n<li>L\u2019ic\u00f4ne de Spinwinera appara\u00eetra sur l\u2019\u00e9cran d\u2019accueil de votre appareil.<\/li>\n<\/ol>\n<p>Les utilisateurs qui ne souhaitent pas installer l\u2019application peuvent acc\u00e9der \u00e0 la plateforme via n\u2019importe quel navigateur mobile.De plus, la plupart des navigateurs permettent d\u2019ajouter un raccourci sur l\u2019\u00e9cran d\u2019accueil pour un acc\u00e8s plus rapide.<\/p>\n<p><img loading=\"lazy\" decoding=\"async\" src=\"https:\/\/spinwinera.org\/wp-content\/uploads\/2025\/12\/Spinwinera-Android-App.webp\" alt=\"Spinwinera Android App\" width=\"1248\" height=\"536\" \/><\/p>\n<\/div><\/div><div style=\"clear: both\"><\/div><div class=\"d-flex justify-content-center\"><button data-item=\"decouvrez_link\" data-group=\"website_links\" class=\"goto fw-bold rounded-pill btn btn-orange\" aria-label=\"T\u00e9l\u00e9chargez l&#039;application Spinwinera\" >T\u00e9l\u00e9chargez l&#039;application Spinwinera<\/button><\/div><div class=\"scrollable-content-wrap my-5\"><div class=\"scrollable-content-inner\"><h2>Application Spinwinera pour appareils iOS<\/h2>\n<p>La plateforme mobile Spinwinera est disponible pour iOS et fonctionne sur tous les mod\u00e8les r\u00e9cents d\u2019iPhone et d\u2019iPad.L\u2019interface s\u2019adapte automatiquement aux diff\u00e9rents formats d\u2019\u00e9cran et offre les m\u00eames fonctionnalit\u00e9s principales que la version de bureau, y compris l\u2019acc\u00e8s aux machines \u00e0 sous, jeux de table et jeux avec croupiers en direct.L\u2019installation sur iOS s\u2019effectue de la m\u00eame mani\u00e8re que sur Android.<\/p>\n<p>Spinwinera est \u00e9galement accessible via tout navigateur mobile.La version web conserve la m\u00eame structure et les m\u00eames fonctionnalit\u00e9s que le site de bureau, tout en \u00e9tant optimis\u00e9e pour la navigation tactile.<\/p>\n<p>Pour un acc\u00e8s plus rapide, les utilisateurs peuvent ajouter un raccourci sur l\u2019\u00e9cran d\u2019accueil en suivant les \u00e9tapes ci-dessous :<\/p>\n<ol>\n<li>Ouvrez l\u2019application Raccourcis sur votre appareil.<\/li>\n<li>Appuyez sur l\u2019ic\u00f4ne \u201c+\u201d pour cr\u00e9er un nouveau raccourci.<\/li>\n<li>S\u00e9lectionnez Ajouter une action, puis saisissez l\u2019adresse du site Spinwinera.<\/li>\n<li>Touchez la fl\u00e8che vers le bas \u00e0 c\u00f4t\u00e9 du nom du raccourci et choisissez Ajouter \u00e0 l\u2019\u00e9cran d\u2019accueil.<\/li>\n<li>(Optionnel) Renommez le raccourci, puis confirmez en appuyant sur Ajouter.<\/li>\n<\/ol>\n<p><img loading=\"lazy\" decoding=\"async\" src=\"https:\/\/spinwinera.org\/wp-content\/uploads\/2025\/12\/Spinwinera-iOS-App.webp\" alt=\"Spinwinera iOS App\" width=\"1248\" height=\"536\" \/><\/p>\n<\/div><\/div><div style=\"clear: both\"><\/div><div class=\"d-flex justify-content-center\"><button data-item=\"decouvrez_link\" data-group=\"website_links\" class=\"goto fw-bold rounded-pill btn btn-orange\" aria-label=\"T\u00e9l\u00e9charger Spinwinera\" >T\u00e9l\u00e9charger Spinwinera<\/button><\/div><div class=\"scrollable-content-wrap my-5\"><div class=\"scrollable-content-inner\"><h2>Acc\u00e8s \u00e0 Spinwinera sur les appareils Windows et macOS<\/h2>\n<p>Le casino en ligne Spinwinera est \u00e9galement disponible pour les utilisateurs d\u2019ordinateurs de bureau qui pr\u00e9f\u00e8rent jouer depuis un PC ou un Mac.La plateforme est accessible via n\u2019importe quel navigateur web moderne \u2014 il suffit d\u2019entrer l\u2019adresse du site officiel pour commencer \u00e0 jouer.<\/p>\n<p>Pour un acc\u00e8s plus rapide, vous pouvez ajouter un raccourci sur votre bureau ou votre \u00e9cran d\u2019accueil en utilisant l\u2019option \u00ab Ajouter \u00e0 l\u2019\u00e9cran d\u2019accueil \u00bb dans le menu de votre navigateur.<\/p>\n<p>En cas de besoin, l\u2019assistance client\u00e8le est disponible 24h\/24 et 7j\/7 via le chat en direct ou par e-mail, afin de vous accompagner \u00e0 tout moment.<\/p>\n<p><img loading=\"lazy\" decoding=\"async\" src=\"https:\/\/spinwinera.org\/wp-content\/uploads\/2025\/12\/Spinwinera-PC.webp\" alt=\"Spinwinera desktop\" width=\"1248\" height=\"536\" \/><\/p>\n<\/div><\/div><div style=\"clear: both\"><\/div><div class=\"d-flex justify-content-center\"><button data-item=\"decouvrez_link\" data-group=\"website_links\" class=\"goto fw-bold rounded-pill btn btn-orange\" aria-label=\"T\u00e9l\u00e9chargez l&#039;application Spinwinera\" >T\u00e9l\u00e9chargez l&#039;application Spinwinera<\/button><\/div><div class=\"scrollable-content-wrap my-5\"><div class=\"scrollable-content-inner\"><h2>FAQ<\/h2>\n<h3>Le service client est-il disponible dans l\u2019application Spinwinera Casino ?<\/h3>\n<p>Oui. La version mobile de Spinwinera offre les m\u00eames fonctionnalit\u00e9s que la plateforme de bureau, y compris l\u2019acc\u00e8s au service client via le chat en direct. L\u2019assistance est \u00e9galement disponible par e-mail, depuis n\u2019importe quel appareil. Les services de support fonctionnent 24 heures sur 24 et 7 jours sur 7.<\/p>\n<h3>Ai-je besoin d\u2019un compte pour utiliser l\u2019application Spinwinera ?<\/h3>\n<p>Oui. Un compte utilisateur est n\u00e9cessaire pour utiliser l\u2019application Spinwinera et acc\u00e9der \u00e0 ses fonctionnalit\u00e9s, telles que les jeux, les paiements et le support client. L\u2019inscription ne prend que quelques minutes et n\u00e9cessite la saisie d\u2019informations de base. Une fois l\u2019inscription termin\u00e9e, toutes les fonctions de la plateforme sont disponibles dans l\u2019application.<\/p>\n<h3>Puis-je effectuer des d\u00e9p\u00f4ts et des retraits directement dans l\u2019application?<\/h3>\n<p>Oui. Les d\u00e9p\u00f4ts et retraits peuvent \u00eatre effectu\u00e9s directement depuis l\u2019application Spinwinera, en utilisant les m\u00eames m\u00e9thodes de paiement que sur la version de bureau. Une v\u00e9rification d\u2019identit\u00e9 peut \u00eatre demand\u00e9e avant le traitement du premier retrait. Toutes les transactions suivent les proc\u00e9dures standard et les politiques de s\u00e9curit\u00e9 de la plateforme.<\/p>\n<\/div><\/div><\/p>\n","protected":false},"excerpt":{"rendered":"<p>Spinwinera sur les appareils mobiles Spinwinera app pour Android et iOS permet d\u2019acc\u00e9der au catalogue de jeux et aux fonctionnalit\u00e9s du compte directement depuis les appareils mobiles.Le service fonctionne sur les smartphones et tablettes modernes, en s\u2019adaptant \u00e0 diff\u00e9rents formats d\u2019\u00e9cran.La version mobile propose les m\u00eames fonctionnalit\u00e9s que le site de bureau.Le casino fonctionne sous [&hellip;]<\/p>\n","protected":false},"author":1,"featured_media":0,"parent":0,"menu_order":0,"comment_status":"closed","ping_status":"closed","template":"template-builder.php","meta":{"_acf_changed":false,"inline_featured_image":false,"footnotes":""},"class_list":["post-1420","page","type-page","status-publish","hentry"],"acf":[],"yoast_head":"<!-- This site is optimized with the Yoast SEO plugin v27.3 - https:\/\/yoast.com\/product\/yoast-seo-wordpress\/ -->\n<title>Spinwinera mobile Casino | Application Android et iOS<\/title>\n<meta name=\"description\" content=\"L&#039;application Spinwinera offre une exp\u00e9rience de jeu fluide sur les plateformes Android, iOS, Windows et macOS, avec des comptes synchronis\u00e9s, des mises \u00e0 jour fr\u00e9quentes et un service client int\u00e9gr\u00e9 pour un gameplay ininterrompu.\" \/>\n<meta name=\"robots\" content=\"index, follow, max-snippet:-1, max-image-preview:large, max-video-preview:-1\" \/>\n<link rel=\"canonical\" href=\"https:\/\/spinwinera.org\/fr\/app\/\" \/>\n<meta property=\"og:locale\" content=\"fr_FR\" \/>\n<meta property=\"og:type\" content=\"article\" \/>\n<meta property=\"og:title\" content=\"Spinwinera mobile Casino | Application Android et iOS\" \/>\n<meta property=\"og:description\" content=\"L&#039;application Spinwinera offre une exp\u00e9rience de jeu fluide sur les plateformes Android, iOS, Windows et macOS, avec des comptes synchronis\u00e9s, des mises \u00e0 jour fr\u00e9quentes et un service client int\u00e9gr\u00e9 pour un gameplay ininterrompu.\" \/>\n<meta property=\"og:url\" content=\"https:\/\/spinwinera.org\/fr\/app\/\" \/>\n<meta property=\"og:site_name\" content=\"spinwinera\" \/>\n<meta property=\"article:modified_time\" content=\"2025-12-29T13:25:03+00:00\" \/>\n<meta name=\"twitter:card\" content=\"summary_large_image\" \/>\n<meta name=\"twitter:label1\" content=\"Dur\u00e9e de lecture estim\u00e9e\" \/>\n\t<meta name=\"twitter:data1\" content=\"2 minutes\" \/>\n<script type=\"application\/ld+json\" class=\"yoast-schema-graph\">{\"@context\":\"https:\\\/\\\/schema.org\",\"@graph\":[{\"@type\":\"WebPage\",\"@id\":\"https:\\\/\\\/spinwinera.org\\\/fr\\\/app\\\/\",\"url\":\"https:\\\/\\\/spinwinera.org\\\/fr\\\/app\\\/\",\"name\":\"Spinwinera mobile Casino | Application Android et iOS\",\"isPartOf\":{\"@id\":\"https:\\\/\\\/spinwinera.org\\\/fr\\\/#website\"},\"datePublished\":\"2025-12-29T11:21:22+00:00\",\"dateModified\":\"2025-12-29T13:25:03+00:00\",\"description\":\"L'application Spinwinera offre une exp\u00e9rience de jeu fluide sur les plateformes Android, iOS, Windows et macOS, avec des comptes synchronis\u00e9s, des mises \u00e0 jour fr\u00e9quentes et un service client int\u00e9gr\u00e9 pour un gameplay ininterrompu.\",\"breadcrumb\":{\"@id\":\"https:\\\/\\\/spinwinera.org\\\/fr\\\/app\\\/#breadcrumb\"},\"inLanguage\":\"fr-FR\",\"potentialAction\":[{\"@type\":\"ReadAction\",\"target\":[\"https:\\\/\\\/spinwinera.org\\\/fr\\\/app\\\/\"]}]},{\"@type\":\"BreadcrumbList\",\"@id\":\"https:\\\/\\\/spinwinera.org\\\/fr\\\/app\\\/#breadcrumb\",\"itemListElement\":[{\"@type\":\"ListItem\",\"position\":1,\"name\":\"Spinwinera\",\"item\":\"https:\\\/\\\/spinwinera.org\\\/fr\\\/\"},{\"@type\":\"ListItem\",\"position\":2,\"name\":\"App\"}]},{\"@type\":\"WebSite\",\"@id\":\"https:\\\/\\\/spinwinera.org\\\/fr\\\/#website\",\"url\":\"https:\\\/\\\/spinwinera.org\\\/fr\\\/\",\"name\":\"Spinwinera\",\"description\":\"\",\"publisher\":{\"@id\":\"https:\\\/\\\/spinwinera.org\\\/fr\\\/#organization\"},\"potentialAction\":[{\"@type\":\"SearchAction\",\"target\":{\"@type\":\"EntryPoint\",\"urlTemplate\":\"https:\\\/\\\/spinwinera.org\\\/fr\\\/?s={search_term_string}\"},\"query-input\":{\"@type\":\"PropertyValueSpecification\",\"valueRequired\":true,\"valueName\":\"search_term_string\"}}],\"inLanguage\":\"fr-FR\"},{\"@type\":\"Organization\",\"@id\":\"https:\\\/\\\/spinwinera.org\\\/fr\\\/#organization\",\"name\":\"Spinwinera\",\"url\":\"https:\\\/\\\/spinwinera.org\\\/fr\\\/\",\"logo\":{\"@type\":\"ImageObject\",\"inLanguage\":\"fr-FR\",\"@id\":\"https:\\\/\\\/spinwinera.org\\\/fr\\\/#\\\/schema\\\/logo\\\/image\\\/\",\"url\":\"https:\\\/\\\/spinwinera.org\\\/wp-content\\\/uploads\\\/2025\\\/12\\\/Spinwinera-logo-Mobile.png\",\"contentUrl\":\"https:\\\/\\\/spinwinera.org\\\/wp-content\\\/uploads\\\/2025\\\/12\\\/Spinwinera-logo-Mobile.png\",\"width\":87,\"height\":34,\"caption\":\"Spinwinera\"},\"image\":{\"@id\":\"https:\\\/\\\/spinwinera.org\\\/fr\\\/#\\\/schema\\\/logo\\\/image\\\/\"}}]}<\/script>\n<!-- \/ Yoast SEO plugin. -->","yoast_head_json":{"title":"Spinwinera mobile Casino | Application Android et iOS","description":"L'application Spinwinera offre une exp\u00e9rience de jeu fluide sur les plateformes Android, iOS, Windows et macOS, avec des comptes synchronis\u00e9s, des mises \u00e0 jour fr\u00e9quentes et un service client int\u00e9gr\u00e9 pour un gameplay ininterrompu.","robots":{"index":"index","follow":"follow","max-snippet":"max-snippet:-1","max-image-preview":"max-image-preview:large","max-video-preview":"max-video-preview:-1"},"canonical":"https:\/\/spinwinera.org\/fr\/app\/","og_locale":"fr_FR","og_type":"article","og_title":"Spinwinera mobile Casino | Application Android et iOS","og_description":"L'application Spinwinera offre une exp\u00e9rience de jeu fluide sur les plateformes Android, iOS, Windows et macOS, avec des comptes synchronis\u00e9s, des mises \u00e0 jour fr\u00e9quentes et un service client int\u00e9gr\u00e9 pour un gameplay ininterrompu.","og_url":"https:\/\/spinwinera.org\/fr\/app\/","og_site_name":"spinwinera","article_modified_time":"2025-12-29T13:25:03+00:00","twitter_card":"summary_large_image","twitter_misc":{"Dur\u00e9e de lecture estim\u00e9e":"2 minutes"},"schema":{"@context":"https:\/\/schema.org","@graph":[{"@type":"WebPage","@id":"https:\/\/spinwinera.org\/fr\/app\/","url":"https:\/\/spinwinera.org\/fr\/app\/","name":"Spinwinera mobile Casino | Application Android et iOS","isPartOf":{"@id":"https:\/\/spinwinera.org\/fr\/#website"},"datePublished":"2025-12-29T11:21:22+00:00","dateModified":"2025-12-29T13:25:03+00:00","description":"L'application Spinwinera offre une exp\u00e9rience de jeu fluide sur les plateformes Android, iOS, Windows et macOS, avec des comptes synchronis\u00e9s, des mises \u00e0 jour fr\u00e9quentes et un service client int\u00e9gr\u00e9 pour un gameplay ininterrompu.","breadcrumb":{"@id":"https:\/\/spinwinera.org\/fr\/app\/#breadcrumb"},"inLanguage":"fr-FR","potentialAction":[{"@type":"ReadAction","target":["https:\/\/spinwinera.org\/fr\/app\/"]}]},{"@type":"BreadcrumbList","@id":"https:\/\/spinwinera.org\/fr\/app\/#breadcrumb","itemListElement":[{"@type":"ListItem","position":1,"name":"Spinwinera","item":"https:\/\/spinwinera.org\/fr\/"},{"@type":"ListItem","position":2,"name":"App"}]},{"@type":"WebSite","@id":"https:\/\/spinwinera.org\/fr\/#website","url":"https:\/\/spinwinera.org\/fr\/","name":"Spinwinera","description":"","publisher":{"@id":"https:\/\/spinwinera.org\/fr\/#organization"},"potentialAction":[{"@type":"SearchAction","target":{"@type":"EntryPoint","urlTemplate":"https:\/\/spinwinera.org\/fr\/?s={search_term_string}"},"query-input":{"@type":"PropertyValueSpecification","valueRequired":true,"valueName":"search_term_string"}}],"inLanguage":"fr-FR"},{"@type":"Organization","@id":"https:\/\/spinwinera.org\/fr\/#organization","name":"Spinwinera","url":"https:\/\/spinwinera.org\/fr\/","logo":{"@type":"ImageObject","inLanguage":"fr-FR","@id":"https:\/\/spinwinera.org\/fr\/#\/schema\/logo\/image\/","url":"https:\/\/spinwinera.org\/wp-content\/uploads\/2025\/12\/Spinwinera-logo-Mobile.png","contentUrl":"https:\/\/spinwinera.org\/wp-content\/uploads\/2025\/12\/Spinwinera-logo-Mobile.png","width":87,"height":34,"caption":"Spinwinera"},"image":{"@id":"https:\/\/spinwinera.org\/fr\/#\/schema\/logo\/image\/"}}]}},"_links":{"self":[{"href":"https:\/\/spinwinera.org\/fr\/wp-json\/wp\/v2\/pages\/1420","targetHints":{"allow":["GET"]}}],"collection":[{"href":"https:\/\/spinwinera.org\/fr\/wp-json\/wp\/v2\/pages"}],"about":[{"href":"https:\/\/spinwinera.org\/fr\/wp-json\/wp\/v2\/types\/page"}],"author":[{"embeddable":true,"href":"https:\/\/spinwinera.org\/fr\/wp-json\/wp\/v2\/users\/1"}],"replies":[{"embeddable":true,"href":"https:\/\/spinwinera.org\/fr\/wp-json\/wp\/v2\/comments?post=1420"}],"version-history":[{"count":2,"href":"https:\/\/spinwinera.org\/fr\/wp-json\/wp\/v2\/pages\/1420\/revisions"}],"predecessor-version":[{"id":1563,"href":"https:\/\/spinwinera.org\/fr\/wp-json\/wp\/v2\/pages\/1420\/revisions\/1563"}],"wp:attachment":[{"href":"https:\/\/spinwinera.org\/fr\/wp-json\/wp\/v2\/media?parent=1420"}],"curies":[{"name":"wp","href":"https:\/\/api.w.org\/{rel}","templated":true}]}}