{"id":1465,"date":"2025-12-29T11:25:00","date_gmt":"2025-12-29T11:25:00","guid":{"rendered":"https:\/\/spinwinera.org\/login-and-registration\/"},"modified":"2025-12-29T14:36:52","modified_gmt":"2025-12-29T14:36:52","slug":"accesso-e-registrazione","status":"publish","type":"page","link":"https:\/\/spinwinera.org\/it\/accesso-e-registrazione\/","title":{"rendered":"Accesso e registrazione"},"content":{"rendered":"<h1>Accesso, Registrazione e Gestione dell\u2019Account su Spinwinera<\/h1>\n<p>Per accedere ai giochi e alle altre funzionalit\u00e0 della piattaforma, gli utenti devono completare la procedura su Spinwinera login. La registrazione \u00e8 disponibile solo per persone di et\u00e0 pari o superiore a 18 anni. \u00c8 consentita una sola registrazione per utente: la creazione di pi\u00f9 account non \u00e8 permessa secondo i termini e le condizioni della piattaforma.<\/p>\n<p>La procedura di accesso richiede l\u2019inserimento delle credenziali registrate (email e password) per entrare nel profilo personale e usufruire dei servizi disponibili.<\/p>\n<p><div class=\"banner-wrap\" aria-label=\"Banner\"><img src=\"https:\/\/spinwinera.org\/wp-content\/uploads\/2025\/12\/Spinwinera-bonus-desktop.webp\" class=\"w-100 d-none d-lg-block img-pc main-banner-img\" alt=\"Spinwinera bonus desktop\" fetchpriority=\"high\" decoding=\"async\"><img src=\"https:\/\/spinwinera.org\/wp-content\/uploads\/2025\/12\/Spinwinera-bonus-mobile.webp\" class=\"w-100 d-none d-md-block d-lg-none main-banner-img\" alt=\"Spinwinera bonus mobile\" fetchpriority=\"high\" decoding=\"async\"><img src=\"https:\/\/spinwinera.org\/wp-content\/uploads\/2025\/12\/Spinwinera-bonus-mobile.webp\" class=\"w-100 d-md-none\" alt=\"Spinwinera bonus mobile\" fetchpriority=\"high\" decoding=\"async\"><div class=\"banner-description\">\n<div class=\"banner-title\">Bonus di benvenuto<\/div>\n<p class=\"banner-header-title\">1500 \u20ac<\/p>\n<div class=\"banner-header-AdditionalText\">+ 250 Giri gratuiti<\/div>\n<button data-item=\"homepage_banner_link\" class=\"goto m-button m-gradient-border m-button--primary m-button--large banner-button btn-orange\">\n            <div class=\"m-button-content\">\n                <span>Iscriviti ora<\/span>\n                <span><\/span>\n            <\/div>\n        <\/button>\n<\/div>\n<div class=\"WelcomePack\">\n<p><img loading=\"lazy\" decoding=\"async\" class=\"alignnone size-full wp-image-1338\" src=\"https:\/\/spinwinera.org\/wp-content\/uploads\/2025\/12\/welcome-crown.svg\" alt=\"crown\" width=\"25\" height=\"26\" \/><\/p>\n<div class=\"WelcomePack-Info\">Cashback settimanale fino al 25%<\/div>\n<p><img loading=\"lazy\" decoding=\"async\" class=\"alignnone size-full wp-image-1338\" src=\"https:\/\/spinwinera.org\/wp-content\/uploads\/2025\/12\/welcome-crown.svg\" alt=\"crown\" width=\"25\" height=\"26\" \/><\/p>\n<\/div>\n<\/div><div class=\"scrollable-content-wrap my-5\"><div class=\"scrollable-content-inner\"><h2>Registrazione al Casin\u00f2 Spinwinera<\/h2>\n<p>Creare un account su Spinwinera Casino richiede solo pochi minuti e consente di accedere a tutte le funzionalit\u00e0 della piattaforma. Dopo la registrazione, gli utenti possono effettuare depositi, partecipare alle promozioni disponibili, giocare a oltre 6.000 titoli e inviare richieste di prelievo.<\/p>\n<p>Per iniziare, apri il sito web in un browser moderno su computer o dispositivo mobile e seleziona il pulsante \u201cRegistrati\u201d nell\u2019angolo in alto a destra della homepage. I nuovi utenti devono inserire un indirizzo email e creare una password di almeno sei caratteri. \u00c8 inoltre necessario confermare di avere pi\u00f9 di 18 anni e accettare i termini e le condizioni della piattaforma.<\/p>\n<p>Successivamente, occorre completare il modulo di registrazione con i dati personali, tra cui nome, indirizzo e recapiti di contatto. Una volta completati tutti i passaggi, il sistema effettuer\u00e0 automaticamente l\u2019accesso all\u2019account. Da l\u00ec sar\u00e0 possibile effettuare il primo deposito oppure accedere ai giochi in modalit\u00e0 demo.<\/p>\n<p>Per gli accessi futuri, sar\u00e0 sufficiente utilizzare la pagina di login di Spinwinera.<\/p>\n<h2>Accesso e Gestione dell\u2019Account Spinwinera<\/h2>\n<p>Completare la procedura di login su Spinwinera consente di accedere a tutte le funzioni della piattaforma, tra cui una libreria di oltre 6.000 giochi, i metodi di pagamento disponibili e il servizio di assistenza multilingue.<\/p>\n<p>Per accedere, gli utenti devono inserire l\u2019indirizzo email e la password scelti durante la registrazione.<\/p>\n<p>All\u2019interno della sezione personale dell\u2019account, \u00e8 possibile:<\/p>\n<ul>\n<li>gestire depositi e prelievi;<\/li>\n<li>consultare le informazioni sui bonus attivi;<\/li>\n<li>aggiornare i dati personali.<\/li>\n<\/ul>\n<p>Questi strumenti sono progettati per facilitare la gestione del proprio account e garantire un\u2019esperienza d\u2019uso completa e fluida sulla piattaforma.<\/p>\n<table>\n<tbody>\n<tr>\n<td>Funzione<\/td>\n<td>Dettagli<\/td>\n<\/tr>\n<tr>\n<td>Cronologia delle transazioni<\/td>\n<td>Qui \u00e8 disponibile la cronologia completa dei depositi, dei prelievi e delle scommesse.<\/td>\n<\/tr>\n<tr>\n<td>Verifica dell&#8217;identit\u00e0 (KYC)<\/td>\n<td>Nel tuo account personale, dovrai caricare i documenti di identit\u00e0 per verificare il tuo account e abilitare i prelievi.<\/td>\n<\/tr>\n<tr>\n<td>Strumenti per il gioco responsabile<\/td>\n<td>\u00c8 possibile impostare limiti sui depositi, sulle perdite o sulla durata delle sessioni. Inoltre, se necessario, \u00e8 possibile attivare l&#8217;autoesclusione.<\/td>\n<\/tr>\n<tr>\n<td>Gestione dei dati personali<\/td>\n<td>Gli utenti hanno la possibilit\u00e0 di aggiornare in modo sicuro le informazioni personali quali indirizzo e-mail, indirizzo postale o password.<\/td>\n<\/tr>\n<tr>\n<td>Impostazioni di sicurezza<\/td>\n<td>Hai la possibilit\u00e0 di abilitare l&#8217;autenticazione a due fattori o l&#8217;accesso biometrico per una protezione aggiuntiva.<\/td>\n<\/tr>\n<\/tbody>\n<\/table>\n<h3>Hai dimenticato la password?<\/h3>\n<p>Se hai dimenticato la password del tuo account Spinwinera, puoi reimpostarla facilmente tramite l\u2019opzione di recupero standard disponibile nella pagina di accesso.<\/p>\n<p>Segui questi semplici passaggi:<\/p>\n<ol>\n<li>Clicca sul link \u201cHai dimenticato la password?\u201d nella pagina di login.<\/li>\n<li>Inserisci l\u2019indirizzo email associato al tuo account.<\/li>\n<li>Riceverai un\u2019email con un link per reimpostare la password.<\/li>\n<\/ol>\n<p>Cliccando sul link, potrai creare una nuova password e ripristinare l\u2019accesso al tuo account in pochi minuti.<\/p>\n<h3>Procedura di Verifica dell\u2019Account su Spinwinera Casino<\/h3>\n<p>Spinwinera richiede la verifica dell\u2019account per rispettare gli standard di sicurezza e prevenzione delle frodi. Secondo le regole della piattaforma, \u00e8 consentito un solo account per persona.<\/p>\n<p>La verifica deve essere completata prima di effettuare il primo prelievo. Il processo consiste nell\u2019invio di copie chiare o foto dei documenti personali. La revisione dei documenti avviene generalmente entro 48 ore, e l\u2019utente riceve una notifica al termine della procedura.<\/p>\n<p>I documenti solitamente richiesti includono:<\/p>\n<ul>\n<li>Un passaporto, carta d\u2019identit\u00e0 o patente di guida in corso di validit\u00e0.<\/li>\n<li>Una bolletta o un estratto conto bancario emesso negli ultimi 6 mesi, come prova di residenza.<\/li>\n<li>Uno screenshot o un documento ufficiale che confermi la titolarit\u00e0 del metodo di pagamento utilizzato.<\/li>\n<\/ul>\n<h2>FAQ<\/h2>\n<h3>Come posso verificare il mio account?<\/h3>\n<p>La verifica dell\u2019account Spinwinera deve essere completata prima di inviare la prima richiesta di prelievo. La procedura prevede il caricamento dei documenti personali necessari a confermare la tua identit\u00e0, l\u2019indirizzo di residenza e la titolarit\u00e0 del metodo di pagamento utilizzato. I documenti standard richiesti includono:<\/p>\n<ul>\n<li>Passaporto o patente di guida<\/li>\n<li>Una bolletta recente o un estratto conto bancario (emesso negli ultimi 6 mesi)<\/li>\n<li>Una prova del metodo di pagamento utilizzato per il deposito Il periodo di revisione dura generalmente fino a 48 ore.<\/li>\n<\/ul>\n<h3>Posso cambiare la mia password o l\u2019indirizzo email?<\/h3>\n<p>S\u00ec, puoi aggiornare la tua password o l\u2019indirizzo email in qualsiasi momento. Ti basta accedere alle impostazioni del tuo account, dove puoi gestire e modificare in modo semplice e sicuro i tuoi dati personali e le informazioni di pagamento.<\/p>\n<h3>Cosa devo fare se il mio account \u00e8 bloccato?<\/h3>\n<p>Se il tuo account Spinwinera \u00e8 stato bloccato, controlla la tua email per verificare se hai ricevuto un messaggio con la spiegazione e le istruzioni da seguire.<\/p>\n<p>Se non hai ricevuto alcuna comunicazione, contatta il nostro team di assistenza clienti tramite chat dal vivo o email. I nostri operatori ti aiuteranno a risolvere il problema e a ripristinare l\u2019accesso al tuo account.<\/p>\n<h3>Come posso chiudere o sospendere temporaneamente il mio account?<\/h3>\n<p>Per chiudere o sospendere temporaneamente il tuo account Spinwinera, contatta il servizio di assistenza clienti tramite chat dal vivo o email. I nostri specialisti discuteranno con te le motivazioni e ti guideranno in tutti i passaggi necessari.<\/p>\n<p>L\u2019assistenza \u00e8 disponibile 24 ore su 24, 7 giorni su 7, per offrirti supporto rapido e professionale.<\/p>\n<\/div><\/div><\/p>\n","protected":false},"excerpt":{"rendered":"<p>Accesso, Registrazione e Gestione dell\u2019Account su Spinwinera Per accedere ai giochi e alle altre funzionalit\u00e0 della piattaforma, gli utenti devono completare la procedura su Spinwinera login. La registrazione \u00e8 disponibile solo per persone di et\u00e0 pari o superiore a 18 anni. \u00c8 consentita una sola registrazione per utente: la creazione di pi\u00f9 account non \u00e8 [&hellip;]<\/p>\n","protected":false},"author":1,"featured_media":0,"parent":0,"menu_order":0,"comment_status":"closed","ping_status":"closed","template":"template-builder.php","meta":{"_acf_changed":false,"inline_featured_image":false,"footnotes":""},"class_list":["post-1465","page","type-page","status-publish","hentry"],"acf":[],"yoast_head":"<!-- This site is optimized with the Yoast SEO plugin v27.3 - https:\/\/yoast.com\/product\/yoast-seo-wordpress\/ -->\n<title>Spinwinera login - Registrazione e accesso all&#039;account<\/title>\n<meta name=\"description\" content=\"Registra, gestisci e verifica facilmente il tuo account Spinwinera Casino. Crea, recupera o chiudi rapidamente il tuo account con accesso sicuro tramite Spinwinera Login.\" \/>\n<meta name=\"robots\" content=\"index, follow, max-snippet:-1, max-image-preview:large, max-video-preview:-1\" \/>\n<link rel=\"canonical\" href=\"https:\/\/spinwinera.org\/it\/accesso-e-registrazione\/\" \/>\n<meta property=\"og:locale\" content=\"it_IT\" \/>\n<meta property=\"og:type\" content=\"article\" \/>\n<meta property=\"og:title\" content=\"Spinwinera login - Registrazione e accesso all&#039;account\" \/>\n<meta property=\"og:description\" content=\"Registra, gestisci e verifica facilmente il tuo account Spinwinera Casino. Crea, recupera o chiudi rapidamente il tuo account con accesso sicuro tramite Spinwinera Login.\" \/>\n<meta property=\"og:url\" content=\"https:\/\/spinwinera.org\/it\/accesso-e-registrazione\/\" \/>\n<meta property=\"og:site_name\" content=\"spinwinera\" \/>\n<meta property=\"article:modified_time\" content=\"2025-12-29T14:36:52+00:00\" \/>\n<meta name=\"twitter:card\" content=\"summary_large_image\" \/>\n<meta name=\"twitter:label1\" content=\"Est. reading time\" \/>\n\t<meta name=\"twitter:data1\" content=\"1 minuto\" \/>\n<script type=\"application\/ld+json\" class=\"yoast-schema-graph\">{\"@context\":\"https:\\\/\\\/schema.org\",\"@graph\":[{\"@type\":\"WebPage\",\"@id\":\"https:\\\/\\\/spinwinera.org\\\/it\\\/accesso-e-registrazione\\\/\",\"url\":\"https:\\\/\\\/spinwinera.org\\\/it\\\/accesso-e-registrazione\\\/\",\"name\":\"Spinwinera login - Registrazione e accesso all'account\",\"isPartOf\":{\"@id\":\"https:\\\/\\\/spinwinera.org\\\/it\\\/#website\"},\"datePublished\":\"2025-12-29T11:25:00+00:00\",\"dateModified\":\"2025-12-29T14:36:52+00:00\",\"description\":\"Registra, gestisci e verifica facilmente il tuo account Spinwinera Casino. Crea, recupera o chiudi rapidamente il tuo account con accesso sicuro tramite Spinwinera Login.\",\"breadcrumb\":{\"@id\":\"https:\\\/\\\/spinwinera.org\\\/it\\\/accesso-e-registrazione\\\/#breadcrumb\"},\"inLanguage\":\"it-IT\",\"potentialAction\":[{\"@type\":\"ReadAction\",\"target\":[\"https:\\\/\\\/spinwinera.org\\\/it\\\/accesso-e-registrazione\\\/\"]}]},{\"@type\":\"BreadcrumbList\",\"@id\":\"https:\\\/\\\/spinwinera.org\\\/it\\\/accesso-e-registrazione\\\/#breadcrumb\",\"itemListElement\":[{\"@type\":\"ListItem\",\"position\":1,\"name\":\"Spinwinera\",\"item\":\"https:\\\/\\\/spinwinera.org\\\/it\\\/\"},{\"@type\":\"ListItem\",\"position\":2,\"name\":\"Accesso e registrazione\"}]},{\"@type\":\"WebSite\",\"@id\":\"https:\\\/\\\/spinwinera.org\\\/it\\\/#website\",\"url\":\"https:\\\/\\\/spinwinera.org\\\/it\\\/\",\"name\":\"Spinwinera\",\"description\":\"\",\"publisher\":{\"@id\":\"https:\\\/\\\/spinwinera.org\\\/it\\\/#organization\"},\"potentialAction\":[{\"@type\":\"SearchAction\",\"target\":{\"@type\":\"EntryPoint\",\"urlTemplate\":\"https:\\\/\\\/spinwinera.org\\\/it\\\/?s={search_term_string}\"},\"query-input\":{\"@type\":\"PropertyValueSpecification\",\"valueRequired\":true,\"valueName\":\"search_term_string\"}}],\"inLanguage\":\"it-IT\"},{\"@type\":\"Organization\",\"@id\":\"https:\\\/\\\/spinwinera.org\\\/it\\\/#organization\",\"name\":\"Spinwinera\",\"url\":\"https:\\\/\\\/spinwinera.org\\\/it\\\/\",\"logo\":{\"@type\":\"ImageObject\",\"inLanguage\":\"it-IT\",\"@id\":\"https:\\\/\\\/spinwinera.org\\\/it\\\/#\\\/schema\\\/logo\\\/image\\\/\",\"url\":\"https:\\\/\\\/spinwinera.org\\\/wp-content\\\/uploads\\\/2025\\\/12\\\/Spinwinera-logo-Mobile.png\",\"contentUrl\":\"https:\\\/\\\/spinwinera.org\\\/wp-content\\\/uploads\\\/2025\\\/12\\\/Spinwinera-logo-Mobile.png\",\"width\":87,\"height\":34,\"caption\":\"Spinwinera\"},\"image\":{\"@id\":\"https:\\\/\\\/spinwinera.org\\\/it\\\/#\\\/schema\\\/logo\\\/image\\\/\"}}]}<\/script>\n<!-- \/ Yoast SEO plugin. -->","yoast_head_json":{"title":"Spinwinera login - Registrazione e accesso all'account","description":"Registra, gestisci e verifica facilmente il tuo account Spinwinera Casino. Crea, recupera o chiudi rapidamente il tuo account con accesso sicuro tramite Spinwinera Login.","robots":{"index":"index","follow":"follow","max-snippet":"max-snippet:-1","max-image-preview":"max-image-preview:large","max-video-preview":"max-video-preview:-1"},"canonical":"https:\/\/spinwinera.org\/it\/accesso-e-registrazione\/","og_locale":"it_IT","og_type":"article","og_title":"Spinwinera login - Registrazione e accesso all'account","og_description":"Registra, gestisci e verifica facilmente il tuo account Spinwinera Casino. Crea, recupera o chiudi rapidamente il tuo account con accesso sicuro tramite Spinwinera Login.","og_url":"https:\/\/spinwinera.org\/it\/accesso-e-registrazione\/","og_site_name":"spinwinera","article_modified_time":"2025-12-29T14:36:52+00:00","twitter_card":"summary_large_image","twitter_misc":{"Est. reading time":"1 minuto"},"schema":{"@context":"https:\/\/schema.org","@graph":[{"@type":"WebPage","@id":"https:\/\/spinwinera.org\/it\/accesso-e-registrazione\/","url":"https:\/\/spinwinera.org\/it\/accesso-e-registrazione\/","name":"Spinwinera login - Registrazione e accesso all'account","isPartOf":{"@id":"https:\/\/spinwinera.org\/it\/#website"},"datePublished":"2025-12-29T11:25:00+00:00","dateModified":"2025-12-29T14:36:52+00:00","description":"Registra, gestisci e verifica facilmente il tuo account Spinwinera Casino. Crea, recupera o chiudi rapidamente il tuo account con accesso sicuro tramite Spinwinera Login.","breadcrumb":{"@id":"https:\/\/spinwinera.org\/it\/accesso-e-registrazione\/#breadcrumb"},"inLanguage":"it-IT","potentialAction":[{"@type":"ReadAction","target":["https:\/\/spinwinera.org\/it\/accesso-e-registrazione\/"]}]},{"@type":"BreadcrumbList","@id":"https:\/\/spinwinera.org\/it\/accesso-e-registrazione\/#breadcrumb","itemListElement":[{"@type":"ListItem","position":1,"name":"Spinwinera","item":"https:\/\/spinwinera.org\/it\/"},{"@type":"ListItem","position":2,"name":"Accesso e registrazione"}]},{"@type":"WebSite","@id":"https:\/\/spinwinera.org\/it\/#website","url":"https:\/\/spinwinera.org\/it\/","name":"Spinwinera","description":"","publisher":{"@id":"https:\/\/spinwinera.org\/it\/#organization"},"potentialAction":[{"@type":"SearchAction","target":{"@type":"EntryPoint","urlTemplate":"https:\/\/spinwinera.org\/it\/?s={search_term_string}"},"query-input":{"@type":"PropertyValueSpecification","valueRequired":true,"valueName":"search_term_string"}}],"inLanguage":"it-IT"},{"@type":"Organization","@id":"https:\/\/spinwinera.org\/it\/#organization","name":"Spinwinera","url":"https:\/\/spinwinera.org\/it\/","logo":{"@type":"ImageObject","inLanguage":"it-IT","@id":"https:\/\/spinwinera.org\/it\/#\/schema\/logo\/image\/","url":"https:\/\/spinwinera.org\/wp-content\/uploads\/2025\/12\/Spinwinera-logo-Mobile.png","contentUrl":"https:\/\/spinwinera.org\/wp-content\/uploads\/2025\/12\/Spinwinera-logo-Mobile.png","width":87,"height":34,"caption":"Spinwinera"},"image":{"@id":"https:\/\/spinwinera.org\/it\/#\/schema\/logo\/image\/"}}]}},"_links":{"self":[{"href":"https:\/\/spinwinera.org\/it\/wp-json\/wp\/v2\/pages\/1465","targetHints":{"allow":["GET"]}}],"collection":[{"href":"https:\/\/spinwinera.org\/it\/wp-json\/wp\/v2\/pages"}],"about":[{"href":"https:\/\/spinwinera.org\/it\/wp-json\/wp\/v2\/types\/page"}],"author":[{"embeddable":true,"href":"https:\/\/spinwinera.org\/it\/wp-json\/wp\/v2\/users\/1"}],"replies":[{"embeddable":true,"href":"https:\/\/spinwinera.org\/it\/wp-json\/wp\/v2\/comments?post=1465"}],"version-history":[{"count":2,"href":"https:\/\/spinwinera.org\/it\/wp-json\/wp\/v2\/pages\/1465\/revisions"}],"predecessor-version":[{"id":1718,"href":"https:\/\/spinwinera.org\/it\/wp-json\/wp\/v2\/pages\/1465\/revisions\/1718"}],"wp:attachment":[{"href":"https:\/\/spinwinera.org\/it\/wp-json\/wp\/v2\/media?parent=1465"}],"curies":[{"name":"wp","href":"https:\/\/api.w.org\/{rel}","templated":true}]}}