{"id":1427,"date":"2025-12-29T11:21:22","date_gmt":"2025-12-29T11:21:22","guid":{"rendered":"https:\/\/spinwinera.org\/app\/"},"modified":"2025-12-29T14:57:01","modified_gmt":"2025-12-29T14:57:01","slug":"aplikacja","status":"publish","type":"page","link":"https:\/\/spinwinera.org\/pl\/aplikacja\/","title":{"rendered":"Aplikacja"},"content":{"rendered":"<h1>Spinwinera na urz\u0105dzeniach mobilnych<\/h1>\n<p>Spinwinera app na systemy Android i iOS zapewnia pe\u0142ny dost\u0119p do katalogu gier oraz funkcji konta na urz\u0105dzeniach mobilnych. Serwis dzia\u0142a p\u0142ynnie na nowoczesnych smartfonach i tabletach, automatycznie dopasowuj\u0105c si\u0119 do r\u00f3\u017cnych rozmiar\u00f3w ekranu.<\/p>\n<p>Mobilna wersja oferuje te same funkcje, co wersja na komputery stacjonarne. Kasyno dzia\u0142a jako progresywna aplikacja internetowa (PWA), co oznacza, \u017ce u\u017cytkownicy nie musz\u0105 instalowa\u0107 \u017cadnych plik\u00f3w zewn\u0119trznych, aby z niej korzysta\u0107.<\/p>\n<div class=\"banner-wrap\" aria-label=\"Banner\"><img src=\"https:\/\/spinwinera.org\/wp-content\/uploads\/2025\/12\/Spinwinera-bonus-desktop.webp\" class=\"w-100 d-none d-lg-block img-pc main-banner-img\" alt=\"Spinwinera bonus desktop\" fetchpriority=\"high\" decoding=\"async\"><img src=\"https:\/\/spinwinera.org\/wp-content\/uploads\/2025\/12\/Spinwinera-bonus-mobile.webp\" class=\"w-100 d-none d-md-block d-lg-none main-banner-img\" alt=\"Spinwinera bonus mobile\" fetchpriority=\"high\" decoding=\"async\"><img src=\"https:\/\/spinwinera.org\/wp-content\/uploads\/2025\/12\/Spinwinera-bonus-mobile.webp\" class=\"w-100 d-md-none\" alt=\"Spinwinera bonus mobile\" fetchpriority=\"high\" decoding=\"async\"><div class=\"banner-description\">\n<div class=\"banner-title\">Bonusy powitalne<\/div>\n<p class=\"banner-header-title\">1500 \u20ac<\/p>\n<div class=\"banner-header-AdditionalText\">+ 250 Darmowe spiny<\/div>\n<button data-item=\"homepage_banner_link\" class=\"goto m-button m-gradient-border m-button--primary m-button--large banner-button btn-orange\">\n            <div class=\"m-button-content\">\n                <span>Zarejestruj si\u0119 teraz<\/span>\n                <span><\/span>\n            <\/div>\n        <\/button>\n<\/div>\n<div class=\"WelcomePack\">\n<p><img loading=\"lazy\" decoding=\"async\" class=\"alignnone size-full wp-image-1338\" src=\"https:\/\/spinwinera.org\/wp-content\/uploads\/2025\/12\/welcome-crown.svg\" alt=\"crown\" width=\"25\" height=\"26\" \/><\/p>\n<div class=\"WelcomePack-Info\">Cotygodniowy zwrot got\u00f3wki do 25%<\/div>\n<p><img loading=\"lazy\" decoding=\"async\" class=\"alignnone size-full wp-image-1338\" src=\"https:\/\/spinwinera.org\/wp-content\/uploads\/2025\/12\/welcome-crown.svg\" alt=\"crown\" width=\"25\" height=\"26\" \/><\/p>\n<\/div>\n<\/div>\n<h2>Kasyno Spinwinera na urz\u0105dzeniach mobilnych<\/h2>\n<p>Podobnie jak wi\u0119kszo\u015b\u0107 nowoczesnych platform hazardowych online, Spinwinera Casino oferuje w pe\u0142ni funkcjonaln\u0105 wersj\u0119 mobiln\u0105, zgodn\u0105 z urz\u0105dzeniami Android i iOS.<br \/>\nInterfejs zosta\u0142 zoptymalizowany pod mniejsze ekrany i zaprojektowany tak, aby zapewni\u0107 intuicyjn\u0105 i wygodn\u0105 nawigacj\u0119.<\/p>\n<p>Mobilna wersja platformy umo\u017cliwia dost\u0119p do:<\/p>\n<ul>\n<li>pe\u0142nego katalogu gier (ponad 6 000 tytu\u0142\u00f3w),<\/li>\n<li>wszystkich metod p\u0142atno\u015bci,<\/li>\n<li>program\u00f3w bonusowych,<\/li>\n<li>oraz ca\u0142odobowego wsparcia klienta.<\/li>\n<\/ul>\n<p>Przesy\u0142anie danych chronione jest szyfrowaniem SSL, co gwarantuje bezpiecze\u0144stwo podczas gry i dokonywania transakcji.<\/p>\n<p>Poni\u017cej przedstawiono najwa\u017cniejsze aspekty korzystania z wersji mobilnej Spinwinera w por\u00f3wnaniu z wersj\u0105 komputerow\u0105.<\/p>\n<table>\n<tbody>\n<tr>\n<td>Funkcja<\/td>\n<td>Oprogramowanie mobilne<\/td>\n<td>Wersja na komputery PC<\/td>\n<\/tr>\n<tr>\n<td>Dost\u0119pno\u015b\u0107<\/td>\n<td>Mo\u017cesz gra\u0107 w dowolnym miejscu i czasie na smartfonie lub tablecie.<\/td>\n<td>Wymaga komputera stacjonarnego lub laptopa.<\/td>\n<\/tr>\n<tr>\n<td>Powiadomienia<\/td>\n<td>U\u017cytkownicy otrzymuj\u0105 powiadomienia push dotycz\u0105ce bonus\u00f3w, turniej\u00f3w i darmowych spin\u00f3w.<\/td>\n<td>Nie ma powiadomie\u0144 w czasie rzeczywistym, chyba \u017ce si\u0119 zalogujesz.<\/td>\n<\/tr>\n<tr>\n<td>Bezpiecze\u0144stwo<\/td>\n<td>Dla wi\u0119kszego bezpiecze\u0144stwa mo\u017cesz korzysta\u0107 z logowania biometrycznego (Face ID \/ odcisk palca).<\/td>\n<td>Wymaga jedynie logowania za pomoc\u0105 has\u0142a.<\/td>\n<\/tr>\n<tr>\n<td>Dost\u0119p offline<\/td>\n<td>Niekt\u00f3re gry lub dzia\u0142ania zwi\u0105zane z kontem dzia\u0142aj\u0105 nawet bez pe\u0142nego po\u0142\u0105czenia z Internetem.<\/td>\n<td>Ta wersja wymaga sta\u0142ego po\u0142\u0105czenia internetowego.<\/td>\n<\/tr>\n<\/tbody>\n<\/table>\n<p><div class=\"scrollable-content-wrap my-5\"><div class=\"scrollable-content-inner\"><h2>Aplikacja Spinwinera dla urz\u0105dze\u0144 z systemem Android<\/h2>\n<p>Mobilna wersja Spinwinera umo\u017cliwia dost\u0119p do platformy z dowolnego miejsca i urz\u0105dzenia.<br \/>\nDla u\u017cytkownik\u00f3w systemu Android dost\u0119pna jest progresywna aplikacja internetowa (PWA), kt\u00f3ra dzia\u0142a na nowoczesnych smartfonach i tabletach bez konieczno\u015bci instalowania zewn\u0119trznych plik\u00f3w APK z nieznanych \u017ar\u00f3de\u0142.<\/p>\n<p>Interfejs mobilny odwzorowuje struktur\u0119 i funkcje wersji komputerowej, dostosowuj\u0105c si\u0119 do obs\u0142ugi dotykowej i mniejszych ekran\u00f3w.<br \/>\nAby doda\u0107 ikon\u0119 aplikacji Spinwinera na urz\u0105dzeniu z systemem Android, wykonaj poni\u017csze kroki:<\/p>\n<ol>\n<li>Odwied\u017a oficjaln\u0105 stron\u0119 internetow\u0105.<\/li>\n<li>Przewi\u0144 do stopki i wybierz opcj\u0119 \u201eAplikacja kasyna\u201d.<\/li>\n<li>Potwierd\u017a monit o instalacj\u0119.<\/li>\n<li>Ikona Spinwinera pojawi si\u0119 na ekranie g\u0142\u00f3wnym urz\u0105dzenia.<\/li>\n<\/ol>\n<p>U\u017cytkownicy, kt\u00f3rzy nie chc\u0105 instalowa\u0107 aplikacji, mog\u0105 uzyska\u0107 dost\u0119p do platformy poprzez dowoln\u0105 przegl\u0105dark\u0119 mobiln\u0105. Wiele przegl\u0105darek umo\u017cliwia r\u00f3wnie\u017c dodanie skr\u00f3tu na ekran g\u0142\u00f3wny, co pozwala na szybsze uruchamianie kasyna.<\/p>\n<p><img loading=\"lazy\" decoding=\"async\" src=\"https:\/\/spinwinera.org\/wp-content\/uploads\/2025\/12\/Spinwinera-Android-App.webp\" alt=\"Spinwinera Android App\" width=\"1248\" height=\"536\" \/><\/p>\n<\/div><\/div><div style=\"clear: both\"><\/div><div class=\"d-flex justify-content-center\"><button data-item=\"decouvrez_link\" data-group=\"website_links\" class=\"goto fw-bold rounded-pill btn btn-orange\" aria-label=\"Pobierz aplikacj\u0119 Spinwinera\" >Pobierz aplikacj\u0119 Spinwinera<\/button><\/div><div class=\"scrollable-content-wrap my-5\"><div class=\"scrollable-content-inner\"><h2>Aplikacja Spinwinera dla urz\u0105dze\u0144 z systemem iOS<\/h2>\n<p>Mobilna wersja Spinwinera jest r\u00f3wnie\u017c dost\u0119pna na urz\u0105dzeniach z systemem iOS i dzia\u0142a na wszystkich obecnych modelach iPhone\u2019\u00f3w i iPad\u00f3w.<br \/>\nInterfejs automatycznie dopasowuje si\u0119 do r\u00f3\u017cnych format\u00f3w ekranu i oferuje te same funkcje, co wersja komputerowa \u2014 w tym dost\u0119p do slot\u00f3w, gier sto\u0142owych oraz gier z krupierami na \u017cywo.<\/p>\n<p>Instalacja aplikacji na iOS przebiega w taki sam spos\u00f3b jak na Androidzie.<br \/>\nMo\u017cesz r\u00f3wnie\u017c korzysta\u0107 z wersji przegl\u0105darkowej, kt\u00f3ra zachowuje t\u0119 sam\u0105 struktur\u0119 i funkcjonalno\u015b\u0107 co strona desktopowa i zosta\u0142a w pe\u0142ni zoptymalizowana pod sterowanie dotykowe.<\/p>\n<p>Aby doda\u0107 skr\u00f3t do kasyna Spinwinera na ekran g\u0142\u00f3wny:<\/p>\n<ol>\n<li>Otw\u00f3rz aplikacj\u0119 Skr\u00f3ty (Shortcuts) na urz\u0105dzeniu.<\/li>\n<li>Naci\u015bnij ikon\u0119 \u201e+\u201d, aby utworzy\u0107 nowy skr\u00f3t.<\/li>\n<li>Wybierz Dodaj akcj\u0119 i wpisz adres strony internetowej Spinwinera.<\/li>\n<li>Kliknij strza\u0142k\u0119 obok nazwy skr\u00f3tu i wybierz Dodaj do ekranu pocz\u0105tkowego.<\/li>\n<li>Opcjonalnie zmie\u0144 nazw\u0119 skr\u00f3tu i potwierd\u017a, naciskaj\u0105c Dodaj.<\/li>\n<\/ol>\n<p><img loading=\"lazy\" decoding=\"async\" src=\"https:\/\/spinwinera.org\/wp-content\/uploads\/2025\/12\/Spinwinera-iOS-App.webp\" alt=\"Spinwinera iOS App\" width=\"1248\" height=\"536\" \/><\/p>\n<\/div><\/div><div style=\"clear: both\"><\/div><div class=\"d-flex justify-content-center\"><button data-item=\"decouvrez_link\" data-group=\"website_links\" class=\"goto fw-bold rounded-pill btn btn-orange\" aria-label=\"Pobierz Spinwinera\" >Pobierz Spinwinera<\/button><\/div><div class=\"scrollable-content-wrap my-5\"><div class=\"scrollable-content-inner\"><h2>Dost\u0119p do Spinwinera na urz\u0105dzeniach z systemem Windows i macOS<\/h2>\n<p>Kasyno Spinwinera jest r\u00f3wnie\u017c dost\u0119pne dla u\u017cytkownik\u00f3w komputer\u00f3w, kt\u00f3rzy wol\u0105 gra\u0107 na wi\u0119kszym ekranie.<br \/>\nPlatform\u0119 mo\u017cna uruchomi\u0107 w dowolnej nowoczesnej przegl\u0105darce internetowej, wpisuj\u0105c adres strony kasyna.<\/p>\n<p>Dla wygodniejszego dost\u0119pu mo\u017cna doda\u0107 skr\u00f3t na pulpicie lub ekranie g\u0142\u00f3wnym poprzez opcj\u0119 w menu przegl\u0105darki \u201eDodaj do ekranu g\u0142\u00f3wnego\u201d.<\/p>\n<p>W razie potrzeby, pomoc techniczna jest dost\u0119pna 24 godziny na dob\u0119, 7 dni w tygodniu \u2014 zar\u00f3wno przez czat na \u017cywo, jak i e-mail.<\/p>\n<p><img loading=\"lazy\" decoding=\"async\" src=\"https:\/\/spinwinera.org\/wp-content\/uploads\/2025\/12\/Spinwinera-PC.webp\" alt=\"Spinwinera desktop\" width=\"1248\" height=\"536\" \/><\/p>\n<\/div><\/div><div style=\"clear: both\"><\/div><div class=\"d-flex justify-content-center\"><button data-item=\"decouvrez_link\" data-group=\"website_links\" class=\"goto fw-bold rounded-pill btn btn-orange\" aria-label=\"Pobierz aplikacj\u0119 Spinwinera\" >Pobierz aplikacj\u0119 Spinwinera<\/button><\/div><div class=\"scrollable-content-wrap my-5\"><div class=\"scrollable-content-inner\"><h2>FAQ<\/h2>\n<h3>Czy w aplikacji Spinwinera dost\u0119pna jest obs\u0142uga klienta?<\/h3>\n<p>Mobilna wersja Spinwinera zapewnia dost\u0119p do tych samych funkcji, co platforma komputerowa, w tym obs\u0142ugi klienta przez czat na \u017cywo.Pomoc mo\u017cna r\u00f3wnie\u017c uzyska\u0107 za po\u015brednictwem poczty e-mail z dowolnego urz\u0105dzenia.Us\u0142ugi wsparcia dzia\u0142aj\u0105 ca\u0142odobowo, 7 dni w tygodniu, aby zapewni\u0107 szybkie i profesjonalne rozwi\u0105zanie ka\u017cdego problemu.<\/p>\n<h3>Czy musz\u0119 posiada\u0107 konto, aby korzysta\u0107 z aplikacji Spinwinera?<\/h3>\n<p>Tak, do korzystania z aplikacji Spinwinera wymagane jest posiadanie konta.Rejestracja jest szybka i zajmuje zaledwie kilka minut \u2014 wystarczy poda\u0107 podstawowe dane u\u017cytkownika.Po zako\u0144czeniu procesu rejestracji uzyskujesz pe\u0142ny dost\u0119p do wszystkich funkcji platformy, w tym do gier, metod p\u0142atno\u015bci oraz obs\u0142ugi klienta.<\/p>\n<h3>Czy mog\u0119 dokonywa\u0107 wp\u0142at i wyp\u0142at bezpo\u015brednio w aplikacji?<\/h3>\n<p>Tak, wp\u0142aty i wyp\u0142aty mo\u017cna realizowa\u0107 bezpo\u015brednio w aplikacji Spinwinera, korzystaj\u0105c z tych samych metod p\u0142atno\u015bci, kt\u00f3re s\u0105 dost\u0119pne w wersji komputerowej.<\/p>\n<p>Przed przetworzeniem pierwszej wyp\u0142aty mo\u017ce by\u0107 wymagana weryfikacja to\u017csamo\u015bci.<\/p>\n<p>Wszystkie transakcje s\u0105 realizowane zgodnie ze standardowymi zasadami platformy, z zachowaniem pe\u0142nego bezpiecze\u0144stwa i ochrony danych u\u017cytkownika.<\/p>\n<\/div><\/div><\/p>\n","protected":false},"excerpt":{"rendered":"<p>Spinwinera na urz\u0105dzeniach mobilnych Spinwinera app na systemy Android i iOS zapewnia pe\u0142ny dost\u0119p do katalogu gier oraz funkcji konta na urz\u0105dzeniach mobilnych. Serwis dzia\u0142a p\u0142ynnie na nowoczesnych smartfonach i tabletach, automatycznie dopasowuj\u0105c si\u0119 do r\u00f3\u017cnych rozmiar\u00f3w ekranu. Mobilna wersja oferuje te same funkcje, co wersja na komputery stacjonarne. Kasyno dzia\u0142a jako progresywna aplikacja internetowa [&hellip;]<\/p>\n","protected":false},"author":1,"featured_media":0,"parent":0,"menu_order":0,"comment_status":"closed","ping_status":"closed","template":"template-builder.php","meta":{"_acf_changed":false,"inline_featured_image":false,"footnotes":""},"class_list":["post-1427","page","type-page","status-publish","hentry"],"acf":[],"yoast_head":"<!-- This site is optimized with the Yoast SEO plugin v27.3 - https:\/\/yoast.com\/product\/yoast-seo-wordpress\/ -->\n<title>Spinwinera mobilne Kasyno | Aplikacja na Androida i iOS<\/title>\n<meta name=\"description\" content=\"Aplikacja Spinwinera oferuje p\u0142ynn\u0105 rozgrywk\u0119 kasynow\u0105 na platformach Android, iOS, Windows i macOS, zapewniaj\u0105c zsynchronizowane konta, cz\u0119ste aktualizacje i zintegrowan\u0105 obs\u0142ug\u0119 klienta, co pozwala na nieprzerwan\u0105 rozgrywk\u0119.\" \/>\n<meta name=\"robots\" content=\"index, follow, max-snippet:-1, max-image-preview:large, max-video-preview:-1\" \/>\n<link rel=\"canonical\" href=\"https:\/\/spinwinera.org\/pl\/aplikacja\/\" \/>\n<meta property=\"og:locale\" content=\"pl_PL\" \/>\n<meta property=\"og:type\" content=\"article\" \/>\n<meta property=\"og:title\" content=\"Spinwinera mobilne Kasyno | Aplikacja na Androida i iOS\" \/>\n<meta property=\"og:description\" content=\"Aplikacja Spinwinera oferuje p\u0142ynn\u0105 rozgrywk\u0119 kasynow\u0105 na platformach Android, iOS, Windows i macOS, zapewniaj\u0105c zsynchronizowane konta, cz\u0119ste aktualizacje i zintegrowan\u0105 obs\u0142ug\u0119 klienta, co pozwala na nieprzerwan\u0105 rozgrywk\u0119.\" \/>\n<meta property=\"og:url\" content=\"https:\/\/spinwinera.org\/pl\/aplikacja\/\" \/>\n<meta property=\"og:site_name\" content=\"spinwinera\" \/>\n<meta property=\"article:modified_time\" content=\"2025-12-29T14:57:01+00:00\" \/>\n<meta name=\"twitter:card\" content=\"summary_large_image\" \/>\n<meta name=\"twitter:label1\" content=\"Est. reading time\" \/>\n\t<meta name=\"twitter:data1\" content=\"2 minuty\" \/>\n<script type=\"application\/ld+json\" class=\"yoast-schema-graph\">{\"@context\":\"https:\\\/\\\/schema.org\",\"@graph\":[{\"@type\":\"WebPage\",\"@id\":\"https:\\\/\\\/spinwinera.org\\\/pl\\\/aplikacja\\\/\",\"url\":\"https:\\\/\\\/spinwinera.org\\\/pl\\\/aplikacja\\\/\",\"name\":\"Spinwinera mobilne Kasyno | Aplikacja na Androida i iOS\",\"isPartOf\":{\"@id\":\"https:\\\/\\\/spinwinera.org\\\/pl\\\/#website\"},\"datePublished\":\"2025-12-29T11:21:22+00:00\",\"dateModified\":\"2025-12-29T14:57:01+00:00\",\"description\":\"Aplikacja Spinwinera oferuje p\u0142ynn\u0105 rozgrywk\u0119 kasynow\u0105 na platformach Android, iOS, Windows i macOS, zapewniaj\u0105c zsynchronizowane konta, cz\u0119ste aktualizacje i zintegrowan\u0105 obs\u0142ug\u0119 klienta, co pozwala na nieprzerwan\u0105 rozgrywk\u0119.\",\"breadcrumb\":{\"@id\":\"https:\\\/\\\/spinwinera.org\\\/pl\\\/aplikacja\\\/#breadcrumb\"},\"inLanguage\":\"pl-PL\",\"potentialAction\":[{\"@type\":\"ReadAction\",\"target\":[\"https:\\\/\\\/spinwinera.org\\\/pl\\\/aplikacja\\\/\"]}]},{\"@type\":\"BreadcrumbList\",\"@id\":\"https:\\\/\\\/spinwinera.org\\\/pl\\\/aplikacja\\\/#breadcrumb\",\"itemListElement\":[{\"@type\":\"ListItem\",\"position\":1,\"name\":\"Spinwinera\",\"item\":\"https:\\\/\\\/spinwinera.org\\\/pl\\\/\"},{\"@type\":\"ListItem\",\"position\":2,\"name\":\"Aplikacja\"}]},{\"@type\":\"WebSite\",\"@id\":\"https:\\\/\\\/spinwinera.org\\\/pl\\\/#website\",\"url\":\"https:\\\/\\\/spinwinera.org\\\/pl\\\/\",\"name\":\"Spinwinera\",\"description\":\"\",\"publisher\":{\"@id\":\"https:\\\/\\\/spinwinera.org\\\/pl\\\/#organization\"},\"potentialAction\":[{\"@type\":\"SearchAction\",\"target\":{\"@type\":\"EntryPoint\",\"urlTemplate\":\"https:\\\/\\\/spinwinera.org\\\/pl\\\/?s={search_term_string}\"},\"query-input\":{\"@type\":\"PropertyValueSpecification\",\"valueRequired\":true,\"valueName\":\"search_term_string\"}}],\"inLanguage\":\"pl-PL\"},{\"@type\":\"Organization\",\"@id\":\"https:\\\/\\\/spinwinera.org\\\/pl\\\/#organization\",\"name\":\"Spinwinera\",\"url\":\"https:\\\/\\\/spinwinera.org\\\/pl\\\/\",\"logo\":{\"@type\":\"ImageObject\",\"inLanguage\":\"pl-PL\",\"@id\":\"https:\\\/\\\/spinwinera.org\\\/pl\\\/#\\\/schema\\\/logo\\\/image\\\/\",\"url\":\"https:\\\/\\\/spinwinera.org\\\/wp-content\\\/uploads\\\/2025\\\/12\\\/Spinwinera-logo-Mobile.png\",\"contentUrl\":\"https:\\\/\\\/spinwinera.org\\\/wp-content\\\/uploads\\\/2025\\\/12\\\/Spinwinera-logo-Mobile.png\",\"width\":87,\"height\":34,\"caption\":\"Spinwinera\"},\"image\":{\"@id\":\"https:\\\/\\\/spinwinera.org\\\/pl\\\/#\\\/schema\\\/logo\\\/image\\\/\"}}]}<\/script>\n<!-- \/ Yoast SEO plugin. -->","yoast_head_json":{"title":"Spinwinera mobilne Kasyno | Aplikacja na Androida i iOS","description":"Aplikacja Spinwinera oferuje p\u0142ynn\u0105 rozgrywk\u0119 kasynow\u0105 na platformach Android, iOS, Windows i macOS, zapewniaj\u0105c zsynchronizowane konta, cz\u0119ste aktualizacje i zintegrowan\u0105 obs\u0142ug\u0119 klienta, co pozwala na nieprzerwan\u0105 rozgrywk\u0119.","robots":{"index":"index","follow":"follow","max-snippet":"max-snippet:-1","max-image-preview":"max-image-preview:large","max-video-preview":"max-video-preview:-1"},"canonical":"https:\/\/spinwinera.org\/pl\/aplikacja\/","og_locale":"pl_PL","og_type":"article","og_title":"Spinwinera mobilne Kasyno | Aplikacja na Androida i iOS","og_description":"Aplikacja Spinwinera oferuje p\u0142ynn\u0105 rozgrywk\u0119 kasynow\u0105 na platformach Android, iOS, Windows i macOS, zapewniaj\u0105c zsynchronizowane konta, cz\u0119ste aktualizacje i zintegrowan\u0105 obs\u0142ug\u0119 klienta, co pozwala na nieprzerwan\u0105 rozgrywk\u0119.","og_url":"https:\/\/spinwinera.org\/pl\/aplikacja\/","og_site_name":"spinwinera","article_modified_time":"2025-12-29T14:57:01+00:00","twitter_card":"summary_large_image","twitter_misc":{"Est. reading time":"2 minuty"},"schema":{"@context":"https:\/\/schema.org","@graph":[{"@type":"WebPage","@id":"https:\/\/spinwinera.org\/pl\/aplikacja\/","url":"https:\/\/spinwinera.org\/pl\/aplikacja\/","name":"Spinwinera mobilne Kasyno | Aplikacja na Androida i iOS","isPartOf":{"@id":"https:\/\/spinwinera.org\/pl\/#website"},"datePublished":"2025-12-29T11:21:22+00:00","dateModified":"2025-12-29T14:57:01+00:00","description":"Aplikacja Spinwinera oferuje p\u0142ynn\u0105 rozgrywk\u0119 kasynow\u0105 na platformach Android, iOS, Windows i macOS, zapewniaj\u0105c zsynchronizowane konta, cz\u0119ste aktualizacje i zintegrowan\u0105 obs\u0142ug\u0119 klienta, co pozwala na nieprzerwan\u0105 rozgrywk\u0119.","breadcrumb":{"@id":"https:\/\/spinwinera.org\/pl\/aplikacja\/#breadcrumb"},"inLanguage":"pl-PL","potentialAction":[{"@type":"ReadAction","target":["https:\/\/spinwinera.org\/pl\/aplikacja\/"]}]},{"@type":"BreadcrumbList","@id":"https:\/\/spinwinera.org\/pl\/aplikacja\/#breadcrumb","itemListElement":[{"@type":"ListItem","position":1,"name":"Spinwinera","item":"https:\/\/spinwinera.org\/pl\/"},{"@type":"ListItem","position":2,"name":"Aplikacja"}]},{"@type":"WebSite","@id":"https:\/\/spinwinera.org\/pl\/#website","url":"https:\/\/spinwinera.org\/pl\/","name":"Spinwinera","description":"","publisher":{"@id":"https:\/\/spinwinera.org\/pl\/#organization"},"potentialAction":[{"@type":"SearchAction","target":{"@type":"EntryPoint","urlTemplate":"https:\/\/spinwinera.org\/pl\/?s={search_term_string}"},"query-input":{"@type":"PropertyValueSpecification","valueRequired":true,"valueName":"search_term_string"}}],"inLanguage":"pl-PL"},{"@type":"Organization","@id":"https:\/\/spinwinera.org\/pl\/#organization","name":"Spinwinera","url":"https:\/\/spinwinera.org\/pl\/","logo":{"@type":"ImageObject","inLanguage":"pl-PL","@id":"https:\/\/spinwinera.org\/pl\/#\/schema\/logo\/image\/","url":"https:\/\/spinwinera.org\/wp-content\/uploads\/2025\/12\/Spinwinera-logo-Mobile.png","contentUrl":"https:\/\/spinwinera.org\/wp-content\/uploads\/2025\/12\/Spinwinera-logo-Mobile.png","width":87,"height":34,"caption":"Spinwinera"},"image":{"@id":"https:\/\/spinwinera.org\/pl\/#\/schema\/logo\/image\/"}}]}},"_links":{"self":[{"href":"https:\/\/spinwinera.org\/pl\/wp-json\/wp\/v2\/pages\/1427","targetHints":{"allow":["GET"]}}],"collection":[{"href":"https:\/\/spinwinera.org\/pl\/wp-json\/wp\/v2\/pages"}],"about":[{"href":"https:\/\/spinwinera.org\/pl\/wp-json\/wp\/v2\/types\/page"}],"author":[{"embeddable":true,"href":"https:\/\/spinwinera.org\/pl\/wp-json\/wp\/v2\/users\/1"}],"replies":[{"embeddable":true,"href":"https:\/\/spinwinera.org\/pl\/wp-json\/wp\/v2\/comments?post=1427"}],"version-history":[{"count":2,"href":"https:\/\/spinwinera.org\/pl\/wp-json\/wp\/v2\/pages\/1427\/revisions"}],"predecessor-version":[{"id":1771,"href":"https:\/\/spinwinera.org\/pl\/wp-json\/wp\/v2\/pages\/1427\/revisions\/1771"}],"wp:attachment":[{"href":"https:\/\/spinwinera.org\/pl\/wp-json\/wp\/v2\/media?parent=1427"}],"curies":[{"name":"wp","href":"https:\/\/api.w.org\/{rel}","templated":true}]}}