{"id":1439,"date":"2025-12-29T12:04:44","date_gmt":"2025-12-29T12:04:44","guid":{"rendered":"https:\/\/spinwinera.org\/bonus\/"},"modified":"2025-12-29T15:01:45","modified_gmt":"2025-12-29T15:01:45","slug":"bonus","status":"publish","type":"page","link":"https:\/\/spinwinera.org\/pl\/bonus\/","title":{"rendered":"Bonus"},"content":{"rendered":"<h1>Programy Spinwinera bonus<\/h1>\n<p>Spinwinera oferuje rozbudowany program bonusowy, kt\u00f3ry obejmuje pakiet powitalny o warto\u015bci do 1 500 \u20ac oraz 250 darmowych spin\u00f3w, przyznawanych za pierwsze trzy depozyty nowych u\u017cytkownik\u00f3w.<\/p>\n<p>Dodatkowe promocje obejmuj\u0105 cashback, rakeback, turnieje oraz inne sta\u0142e oferty specjalne.<\/p>\n<p>Szczeg\u00f3\u0142y i warunki mo\u017cna znale\u017a\u0107 w sekcji promocji na stronie kasyna.<\/p>\n<p><div class=\"banner-wrap\" aria-label=\"Banner\"><img src=\"https:\/\/spinwinera.org\/wp-content\/uploads\/2025\/12\/Spinwinera-bonus-desktop.webp\" class=\"w-100 d-none d-lg-block img-pc main-banner-img\" alt=\"Spinwinera bonus desktop\" fetchpriority=\"high\" decoding=\"async\"><img src=\"https:\/\/spinwinera.org\/wp-content\/uploads\/2025\/12\/Spinwinera-bonus-mobile.webp\" class=\"w-100 d-none d-md-block d-lg-none main-banner-img\" alt=\"Spinwinera bonus mobile\" fetchpriority=\"high\" decoding=\"async\"><img src=\"https:\/\/spinwinera.org\/wp-content\/uploads\/2025\/12\/Spinwinera-bonus-mobile.webp\" class=\"w-100 d-md-none\" alt=\"Spinwinera bonus mobile\" fetchpriority=\"high\" decoding=\"async\"><div class=\"banner-description\">\n<div class=\"banner-title\">Bonusy powitalne<\/div>\n<p class=\"banner-header-title\">1500 \u20ac<\/p>\n<div class=\"banner-header-AdditionalText\">+ 250 Darmowe spiny<\/div>\n<button data-item=\"homepage_banner_link\" class=\"goto m-button m-gradient-border m-button--primary m-button--large banner-button btn-orange\">\n            <div class=\"m-button-content\">\n                <span>Zarejestruj si\u0119 teraz<\/span>\n                <span><\/span>\n            <\/div>\n        <\/button>\n<\/div>\n<div class=\"WelcomePack\">\n<p><img loading=\"lazy\" decoding=\"async\" class=\"alignnone size-full wp-image-1338\" src=\"https:\/\/spinwinera.org\/wp-content\/uploads\/2025\/12\/welcome-crown.svg\" alt=\"crown\" width=\"25\" height=\"26\" \/><\/p>\n<div class=\"WelcomePack-Info\">Cotygodniowy zwrot got\u00f3wki do 25%<\/div>\n<p><img loading=\"lazy\" decoding=\"async\" class=\"alignnone size-full wp-image-1338\" src=\"https:\/\/spinwinera.org\/wp-content\/uploads\/2025\/12\/welcome-crown.svg\" alt=\"crown\" width=\"25\" height=\"26\" \/><\/p>\n<\/div>\n<\/div><div class=\"promotions-wrap\"><div class=\"promotion-card\" style=\"background-image: url(https:\/\/spinwinera.org\/wp-content\/uploads\/2025\/12\/first-deposit.webp);\"><h2 class=\"promotion-card__title\">Pierwszy depozyt<\/h2><label class=\"promotion-card__offer\">100% do 500 \u20ac + 150 darmowych spin\u00f3w<\/label><label class=\"promotion-card__description\"><\/label><div class=\"promotion-card__actions\"><button data-item=\"payments_link\" data-group=\"website_links\" class=\"goto btn btn-orange rounded-pill fw-bold px-4 m-button m-gradient-border m-button--primary m-button--large promotion-button promotion-card__action-btn\" aria-label=\"Zarejestruj si\u0119\"><div class=\"m-button-content\"><span class=\"promotion-button__content\">Zarejestruj si\u0119<\/span><\/div><\/button><button data-item=\"http:\/\/bonus_link\" data-group=\"website_links\" class=\"goto m-button m-gradient-border m-button--secondary m-button--medium promotion-card__info-btn\" aria-label=\"More information\"><div class=\"m-button-content\"><svg viewBox=\"0 0 24 24\" fill=\"none\" xmlns=\"http:\/\/www.w3.org\/2000\/svg\" class=\"m-icon m-icon-loadable\" name=\"Attention\" loading=\"false\" aria-hidden=\"true\"><path d=\"M12 22C6.477 22 2 17.522 2 12S6.477 2 12 2s10 4.478 10 10-4.477 10-10 10m-.002-13.004a.999.999 0 1 0 0-1.997.999.999 0 0 0 0 1.997M12 17a1 1 0 0 0 .993-.884L13 16l-.002-5.001-.007-.117a1 1 0 0 0-1.986 0l-.007.117L11 16l.007.117A1 1 0 0 0 12 17\" fill=\"currentColor\"><\/path><\/svg><\/div><\/button><\/div><\/div><div class=\"promotion-card\" style=\"background-image: url(https:\/\/spinwinera.org\/wp-content\/uploads\/2025\/12\/second-deposit.webp);\"><h2 class=\"promotion-card__title\">Drugi depozyt<\/h2><label class=\"promotion-card__offer\">55% do 500 \u20ac + 100 darmowych spin\u00f3w<\/label><label class=\"promotion-card__description\"><\/label><div class=\"promotion-card__actions\"><button data-item=\"payments_link\" data-group=\"website_links\" class=\"goto btn btn-orange rounded-pill fw-bold px-4 m-button m-gradient-border m-button--primary m-button--large promotion-button promotion-card__action-btn\" aria-label=\"Zarejestruj si\u0119\"><div class=\"m-button-content\"><span class=\"promotion-button__content\">Zarejestruj si\u0119<\/span><\/div><\/button><button data-item=\"http:\/\/bonus_link\" data-group=\"website_links\" class=\"goto m-button m-gradient-border m-button--secondary m-button--medium promotion-card__info-btn\" aria-label=\"More information\"><div class=\"m-button-content\"><svg viewBox=\"0 0 24 24\" fill=\"none\" xmlns=\"http:\/\/www.w3.org\/2000\/svg\" class=\"m-icon m-icon-loadable\" name=\"Attention\" loading=\"false\" aria-hidden=\"true\"><path d=\"M12 22C6.477 22 2 17.522 2 12S6.477 2 12 2s10 4.478 10 10-4.477 10-10 10m-.002-13.004a.999.999 0 1 0 0-1.997.999.999 0 0 0 0 1.997M12 17a1 1 0 0 0 .993-.884L13 16l-.002-5.001-.007-.117a1 1 0 0 0-1.986 0l-.007.117L11 16l.007.117A1 1 0 0 0 12 17\" fill=\"currentColor\"><\/path><\/svg><\/div><\/button><\/div><\/div><div class=\"promotion-card\" style=\"background-image: url(https:\/\/spinwinera.org\/wp-content\/uploads\/2025\/12\/third-deposit.webp);\"><h2 class=\"promotion-card__title\">Trzeci depozyt<\/h2><label class=\"promotion-card__offer\">100% do 500 \u20ac<\/label><label class=\"promotion-card__description\"><\/label><div class=\"promotion-card__actions\"><button data-item=\"payments_link\" data-group=\"website_links\" class=\"goto btn btn-orange rounded-pill fw-bold px-4 m-button m-gradient-border m-button--primary m-button--large promotion-button promotion-card__action-btn\" aria-label=\"Zarejestruj si\u0119\"><div class=\"m-button-content\"><span class=\"promotion-button__content\">Zarejestruj si\u0119<\/span><\/div><\/button><button data-item=\"http:\/\/bonus_link\" data-group=\"website_links\" class=\"goto m-button m-gradient-border m-button--secondary m-button--medium promotion-card__info-btn\" aria-label=\"More information\"><div class=\"m-button-content\"><svg viewBox=\"0 0 24 24\" fill=\"none\" xmlns=\"http:\/\/www.w3.org\/2000\/svg\" class=\"m-icon m-icon-loadable\" name=\"Attention\" loading=\"false\" aria-hidden=\"true\"><path d=\"M12 22C6.477 22 2 17.522 2 12S6.477 2 12 2s10 4.478 10 10-4.477 10-10 10m-.002-13.004a.999.999 0 1 0 0-1.997.999.999 0 0 0 0 1.997M12 17a1 1 0 0 0 .993-.884L13 16l-.002-5.001-.007-.117a1 1 0 0 0-1.986 0l-.007.117L11 16l.007.117A1 1 0 0 0 12 17\" fill=\"currentColor\"><\/path><\/svg><\/div><\/button><\/div><\/div><div class=\"promotion-card\" style=\"background-image: url(https:\/\/spinwinera.org\/wp-content\/uploads\/2025\/12\/cashback.webp);\"><h2 class=\"promotion-card__title\">Cotygodniowy cashback<\/h2><label class=\"promotion-card__offer\">do 25%<\/label><label class=\"promotion-card__description\"><\/label><div class=\"promotion-card__actions\"><button data-item=\"payments_link\" data-group=\"website_links\" class=\"goto btn btn-orange rounded-pill fw-bold px-4 m-button m-gradient-border m-button--primary m-button--large promotion-button promotion-card__action-btn\" aria-label=\"Zarejestruj si\u0119\"><div class=\"m-button-content\"><span class=\"promotion-button__content\">Zarejestruj si\u0119<\/span><\/div><\/button><button data-item=\"http:\/\/bonus_link\" data-group=\"website_links\" class=\"goto m-button m-gradient-border m-button--secondary m-button--medium promotion-card__info-btn\" aria-label=\"More information\"><div class=\"m-button-content\"><svg viewBox=\"0 0 24 24\" fill=\"none\" xmlns=\"http:\/\/www.w3.org\/2000\/svg\" class=\"m-icon m-icon-loadable\" name=\"Attention\" loading=\"false\" aria-hidden=\"true\"><path d=\"M12 22C6.477 22 2 17.522 2 12S6.477 2 12 2s10 4.478 10 10-4.477 10-10 10m-.002-13.004a.999.999 0 1 0 0-1.997.999.999 0 0 0 0 1.997M12 17a1 1 0 0 0 .993-.884L13 16l-.002-5.001-.007-.117a1 1 0 0 0-1.986 0l-.007.117L11 16l.007.117A1 1 0 0 0 12 17\" fill=\"currentColor\"><\/path><\/svg><\/div><\/button><\/div><\/div><div class=\"promotion-card\" style=\"background-image: url(https:\/\/spinwinera.org\/wp-content\/uploads\/2025\/12\/sunday-reload.webp);\"><h2 class=\"promotion-card__title\">Niedzielny bonus do\u0142adowania<\/h2><label class=\"promotion-card__offer\">25% do 100 \u20ac<\/label><label class=\"promotion-card__description\"><\/label><div class=\"promotion-card__actions\"><button data-item=\"payments_link\" data-group=\"website_links\" class=\"goto btn btn-orange rounded-pill fw-bold px-4 m-button m-gradient-border m-button--primary m-button--large promotion-button promotion-card__action-btn\" aria-label=\"Zarejestruj si\u0119\"><div class=\"m-button-content\"><span class=\"promotion-button__content\">Zarejestruj si\u0119<\/span><\/div><\/button><button data-item=\"http:\/\/bonus_link\" data-group=\"website_links\" class=\"goto m-button m-gradient-border m-button--secondary m-button--medium promotion-card__info-btn\" aria-label=\"More information\"><div class=\"m-button-content\"><svg viewBox=\"0 0 24 24\" fill=\"none\" xmlns=\"http:\/\/www.w3.org\/2000\/svg\" class=\"m-icon m-icon-loadable\" name=\"Attention\" loading=\"false\" aria-hidden=\"true\"><path d=\"M12 22C6.477 22 2 17.522 2 12S6.477 2 12 2s10 4.478 10 10-4.477 10-10 10m-.002-13.004a.999.999 0 1 0 0-1.997.999.999 0 0 0 0 1.997M12 17a1 1 0 0 0 .993-.884L13 16l-.002-5.001-.007-.117a1 1 0 0 0-1.986 0l-.007.117L11 16l.007.117A1 1 0 0 0 12 17\" fill=\"currentColor\"><\/path><\/svg><\/div><\/button><\/div><\/div><div class=\"promotion-card\" style=\"background-image: url(https:\/\/spinwinera.org\/wp-content\/uploads\/2025\/12\/rakeback.webp);\"><h2 class=\"promotion-card__title\">Rakeback<\/h2><label class=\"promotion-card__offer\">do 17%<\/label><label class=\"promotion-card__description\"><\/label><div class=\"promotion-card__actions\"><button data-item=\"payments_link\" data-group=\"website_links\" class=\"goto btn btn-orange rounded-pill fw-bold px-4 m-button m-gradient-border m-button--primary m-button--large promotion-button promotion-card__action-btn\" aria-label=\"Zarejestruj si\u0119\"><div class=\"m-button-content\"><span class=\"promotion-button__content\">Zarejestruj si\u0119<\/span><\/div><\/button><button data-item=\"http:\/\/bonus_link\" data-group=\"website_links\" class=\"goto m-button m-gradient-border m-button--secondary m-button--medium promotion-card__info-btn\" aria-label=\"More information\"><div class=\"m-button-content\"><svg viewBox=\"0 0 24 24\" fill=\"none\" xmlns=\"http:\/\/www.w3.org\/2000\/svg\" class=\"m-icon m-icon-loadable\" name=\"Attention\" loading=\"false\" aria-hidden=\"true\"><path d=\"M12 22C6.477 22 2 17.522 2 12S6.477 2 12 2s10 4.478 10 10-4.477 10-10 10m-.002-13.004a.999.999 0 1 0 0-1.997.999.999 0 0 0 0 1.997M12 17a1 1 0 0 0 .993-.884L13 16l-.002-5.001-.007-.117a1 1 0 0 0-1.986 0l-.007.117L11 16l.007.117A1 1 0 0 0 12 17\" fill=\"currentColor\"><\/path><\/svg><\/div><\/button><\/div><\/div><div class=\"promotion-card\" style=\"background-image: url(https:\/\/spinwinera.org\/wp-content\/uploads\/2025\/12\/High-Roller-Bonus.webp);\"><h2 class=\"promotion-card__title\">Bonus High Roller<\/h2><label class=\"promotion-card__offer\">50% do 500 \u20ac<\/label><label class=\"promotion-card__description\"><\/label><div class=\"promotion-card__actions\"><button data-item=\"payments_link\" data-group=\"website_links\" class=\"goto btn btn-orange rounded-pill fw-bold px-4 m-button m-gradient-border m-button--primary m-button--large promotion-button promotion-card__action-btn\" aria-label=\"Zarejestruj si\u0119\"><div class=\"m-button-content\"><span class=\"promotion-button__content\">Zarejestruj si\u0119<\/span><\/div><\/button><button data-item=\"http:\/\/bonus_link\" data-group=\"website_links\" class=\"goto m-button m-gradient-border m-button--secondary m-button--medium promotion-card__info-btn\" aria-label=\"More information\"><div class=\"m-button-content\"><svg viewBox=\"0 0 24 24\" fill=\"none\" xmlns=\"http:\/\/www.w3.org\/2000\/svg\" class=\"m-icon m-icon-loadable\" name=\"Attention\" loading=\"false\" aria-hidden=\"true\"><path d=\"M12 22C6.477 22 2 17.522 2 12S6.477 2 12 2s10 4.478 10 10-4.477 10-10 10m-.002-13.004a.999.999 0 1 0 0-1.997.999.999 0 0 0 0 1.997M12 17a1 1 0 0 0 .993-.884L13 16l-.002-5.001-.007-.117a1 1 0 0 0-1.986 0l-.007.117L11 16l.007.117A1 1 0 0 0 12 17\" fill=\"currentColor\"><\/path><\/svg><\/div><\/button><\/div><\/div><\/div><div class=\"scrollable-content-wrap my-5\"><div class=\"scrollable-content-inner\"><h2>Promocje Spinwinera<\/h2>\n<p>Wybieraj\u0105c platform\u0119 hazardow\u0105 online, wielu graczy zwraca uwag\u0119 na dost\u0119pne oferty promocyjne.<br \/>\nProgram bonusowy Spinwinera obejmuje r\u00f3\u017cne rodzaje premii dopasowanych do odmiennych styl\u00f3w gry i bud\u017cet\u00f3w.<br \/>\nAktualne promocje to:<\/p>\n<ul>\n<li>Pakiet powitalny do 1 500 \u20ac i 250 darmowych spin\u00f3w na pierwsze trzy depozyty<\/li>\n<li>Cotygodniowy cashback do 25% od poniesionych strat netto<\/li>\n<li>Niedzielny bonus do\u0142adowania 25% do 100 \u20ac<\/li>\n<li>Rakeback w wysoko\u015bci 17% od zak\u0142ad\u00f3w w wybranych grach<\/li>\n<li>Bonus High Roller 50% do 500 \u20ac<\/li>\n<li>Program VIP z nagrodami poziomowymi, wy\u017cszym cashbackiem i dedykowanym wsparciem<\/li>\n<\/ul>\n<h2>Nagrody turniejowe Spinwinera<\/h2>\n<p>Spinwinera organizuje turnieje, w kt\u00f3rych uczestnicy rywalizuj\u0105 o okre\u015blone pule nagr\u00f3d, si\u0119gaj\u0105ce od tysi\u0119cy do milion\u00f3w euro.<\/p>\n<p>Wydarzenia obejmuj\u0105 zazwyczaj automaty do gier oraz gry na \u017cywo, a rankingi oparte s\u0105 na wynikach graczy zgodnie z zasadami turnieju.<\/p>\n<table>\n<tbody>\n<tr>\n<td>Turniej<\/td>\n<td>Pula nagr\u00f3d<\/td>\n<td>Szczeg\u00f3\u0142y<\/td>\n<\/tr>\n<tr>\n<td>Daily Bronze Tournament<\/td>\n<td>\u20ac2,500<\/td>\n<td>Graj w wybrane popularne automaty, zdobywaj punkty za wygrane i dziel si\u0119 codziennymi nagrodami pieni\u0119\u017cnymi z najlepszymi graczami.<\/td>\n<\/tr>\n<tr>\n<td>Spinoleague<\/td>\n<td>\u20ac12,000,000<\/td>\n<td>Rywalizuj na automatach Pragmatic Play, takich jak Sweet Bonanza, Gates of Olympus i Big Bass Bonanza \u2013 liczy si\u0119 ka\u017cdy obr\u00f3t.<\/td>\n<\/tr>\n<tr>\n<td>BGaming Drops Frenzy<\/td>\n<td>Od \u20ac660 000<\/td>\n<td>Dynamiczna promocja, w kt\u00f3rej podczas gry na okre\u015blonych automatach BGaming losowo przyznawane s\u0105 nagrody pieni\u0119\u017cne; pula nagr\u00f3d ro\u015bnie wraz z udzia\u0142em graczy.<\/td>\n<\/tr>\n<tr>\n<td>Turniej na \u017cywo<\/td>\n<td>\u20ac10,000<\/td>\n<td>Cotygodniowe wydarzenie obejmuj\u0105ce gry z krupierem na \u017cywo rozgrywane w czasie rzeczywistym z nagrodami pieni\u0119\u017cnymi.<\/td>\n<\/tr>\n<\/tbody>\n<\/table>\n<h2>Szczeg\u00f3\u0142y bonusu powitalnego w kasynie<\/h2>\n<p>Spinwinera Casino oferuje pakiet powitalny o warto\u015bci do 1 500 \u20ac i 250 darmowych spin\u00f3w dla nowych graczy.<br \/>\nBonus jest przyznawany za pierwsze trzy depozyty:<\/p>\n<ul>\n<li>Pierwszy depozyt: 100% do 500 \u20ac + 150 darmowych spin\u00f3w<\/li>\n<li>Drugi depozyt: 55% do 500 \u20ac + 100 darmowych spin\u00f3w<\/li>\n<li>Trzeci depozyt: 100% do 500 \u20ac<\/li>\n<\/ul>\n<p>Minimalny depozyt wymagany do udzia\u0142u to 20 \u20ac.<br \/>\nOferta powitalna jest wa\u017cna przez 7 dni od momentu aktywacji.<br \/>\nDarmowe spiny przyznawane s\u0105 w pakietach po 50 dziennie.<br \/>\nNa bonus obowi\u0105zuje wym\u00f3g obrotu 35x.<br \/>\nPe\u0142ne warunki mo\u017cna znale\u017a\u0107 na stronie promocji.<\/p>\n<h2>Warunki bonus\u00f3w<\/h2>\n<p>Ka\u017cdy bonus Spinwinera podlega indywidualnym warunkom, kt\u00f3re mog\u0105 r\u00f3\u017cni\u0107 si\u0119 od ofert innych kasyn.Wi\u0119kszo\u015b\u0107 promocji jest wa\u017cna przez 7\u201314 dni i posiada wym\u00f3g obrotu 35x.Minimalny depozyt aktywuj\u0105cy wi\u0119kszo\u015b\u0107 bonus\u00f3w wynosi 20 \u20ac.W danym momencie mo\u017cna mie\u0107 aktywny tylko jeden bonus depozytowy \u2013 aby aktywowa\u0107 nowy, nale\u017cy zako\u0144czy\u0107 lub anulowa\u0107 poprzedni.Bonusy turniejowe i nagrody specjalne dzia\u0142aj\u0105 niezale\u017cnie i nie s\u0105 obj\u0119te tym ograniczeniem.<\/p>\n<h2>FAQ<\/h2>\n<h3>Jak mog\u0119 odebra\u0107 bonus powitalny w Spinwinera Casino?<\/h3>\n<p>Aby odebra\u0107 bonus powitalny Spinwinera, wystarczy uko\u0144czy\u0107 rejestracj\u0119.<\/p>\n<p>Pakiet powitalny o warto\u015bci do 1 500 \u20ac + 250 darmowych spin\u00f3w zostanie automatycznie dodany do Twojego konta.<\/p>\n<p>Nie jest wymagany \u017caden kod promocyjny.<\/p>\n<p>Upewnij si\u0119 jedynie, \u017ce ka\u017cdy depozyt wynosi co najmniej 20 \u20ac, aby aktywowa\u0107 bonus.<\/p>\n<h3>Czy bonusy w Spinwinera maj\u0105 ograniczenie czasowe?<\/h3>\n<p>Tak, bonusy Spinwinera maj\u0105 okre\u015blony czas wa\u017cno\u015bci.<\/p>\n<p>Zazwyczaj promocje wygasaj\u0105 po 7\u201314 dniach od ich aktywacji.<\/p>\n<p>Dok\u0142adny termin i warunki s\u0105 podane w regulaminie ka\u017cdej oferty.<\/p>\n<p>Wa\u017cne jest, aby wykorzysta\u0107 bonus w wyznaczonym czasie, aby go nie utraci\u0107.<\/p>\n<\/div><\/div><\/p>\n","protected":false},"excerpt":{"rendered":"<p>Programy Spinwinera bonus Spinwinera oferuje rozbudowany program bonusowy, kt\u00f3ry obejmuje pakiet powitalny o warto\u015bci do 1 500 \u20ac oraz 250 darmowych spin\u00f3w, przyznawanych za pierwsze trzy depozyty nowych u\u017cytkownik\u00f3w. Dodatkowe promocje obejmuj\u0105 cashback, rakeback, turnieje oraz inne sta\u0142e oferty specjalne. Szczeg\u00f3\u0142y i warunki mo\u017cna znale\u017a\u0107 w sekcji promocji na stronie kasyna.<\/p>\n","protected":false},"author":1,"featured_media":0,"parent":0,"menu_order":0,"comment_status":"closed","ping_status":"closed","template":"template-builder.php","meta":{"_acf_changed":false,"inline_featured_image":false,"footnotes":""},"class_list":["post-1439","page","type-page","status-publish","hentry"],"acf":[],"yoast_head":"<!-- This site is optimized with the Yoast SEO plugin v27.3 - https:\/\/yoast.com\/product\/yoast-seo-wordpress\/ -->\n<title>Spinwinera kasyna Bonusy | Oferty powitalne i promocje<\/title>\n<meta name=\"description\" content=\"Odkryj bonusy kasyna Spinwinera: oferty powitalne, nagrody za wp\u0142aty, bie\u017c\u0105ce promocje i ekscytuj\u0105ce turnieje. Sprawd\u017a wszystkie warunki bonus\u00f3w i spos\u00f3b ich uzyskania tutaj.\" \/>\n<meta name=\"robots\" content=\"index, follow, max-snippet:-1, max-image-preview:large, max-video-preview:-1\" \/>\n<link rel=\"canonical\" href=\"https:\/\/spinwinera.org\/pl\/bonus\/\" \/>\n<meta property=\"og:locale\" content=\"pl_PL\" \/>\n<meta property=\"og:type\" content=\"article\" \/>\n<meta property=\"og:title\" content=\"Spinwinera kasyna Bonusy | Oferty powitalne i promocje\" \/>\n<meta property=\"og:description\" content=\"Odkryj bonusy kasyna Spinwinera: oferty powitalne, nagrody za wp\u0142aty, bie\u017c\u0105ce promocje i ekscytuj\u0105ce turnieje. Sprawd\u017a wszystkie warunki bonus\u00f3w i spos\u00f3b ich uzyskania tutaj.\" \/>\n<meta property=\"og:url\" content=\"https:\/\/spinwinera.org\/pl\/bonus\/\" \/>\n<meta property=\"og:site_name\" content=\"spinwinera\" \/>\n<meta property=\"article:modified_time\" content=\"2025-12-29T15:01:45+00:00\" \/>\n<meta name=\"twitter:card\" content=\"summary_large_image\" \/>\n<meta name=\"twitter:label1\" content=\"Est. reading time\" \/>\n\t<meta name=\"twitter:data1\" content=\"1 minuta\" \/>\n<script type=\"application\/ld+json\" class=\"yoast-schema-graph\">{\"@context\":\"https:\\\/\\\/schema.org\",\"@graph\":[{\"@type\":\"WebPage\",\"@id\":\"https:\\\/\\\/spinwinera.org\\\/pl\\\/bonus\\\/\",\"url\":\"https:\\\/\\\/spinwinera.org\\\/pl\\\/bonus\\\/\",\"name\":\"Spinwinera kasyna Bonusy | Oferty powitalne i promocje\",\"isPartOf\":{\"@id\":\"https:\\\/\\\/spinwinera.org\\\/pl\\\/#website\"},\"datePublished\":\"2025-12-29T12:04:44+00:00\",\"dateModified\":\"2025-12-29T15:01:45+00:00\",\"description\":\"Odkryj bonusy kasyna Spinwinera: oferty powitalne, nagrody za wp\u0142aty, bie\u017c\u0105ce promocje i ekscytuj\u0105ce turnieje. Sprawd\u017a wszystkie warunki bonus\u00f3w i spos\u00f3b ich uzyskania tutaj.\",\"breadcrumb\":{\"@id\":\"https:\\\/\\\/spinwinera.org\\\/pl\\\/bonus\\\/#breadcrumb\"},\"inLanguage\":\"pl-PL\",\"potentialAction\":[{\"@type\":\"ReadAction\",\"target\":[\"https:\\\/\\\/spinwinera.org\\\/pl\\\/bonus\\\/\"]}]},{\"@type\":\"BreadcrumbList\",\"@id\":\"https:\\\/\\\/spinwinera.org\\\/pl\\\/bonus\\\/#breadcrumb\",\"itemListElement\":[{\"@type\":\"ListItem\",\"position\":1,\"name\":\"Spinwinera\",\"item\":\"https:\\\/\\\/spinwinera.org\\\/pl\\\/\"},{\"@type\":\"ListItem\",\"position\":2,\"name\":\"Bonus\"}]},{\"@type\":\"WebSite\",\"@id\":\"https:\\\/\\\/spinwinera.org\\\/pl\\\/#website\",\"url\":\"https:\\\/\\\/spinwinera.org\\\/pl\\\/\",\"name\":\"Spinwinera\",\"description\":\"\",\"publisher\":{\"@id\":\"https:\\\/\\\/spinwinera.org\\\/pl\\\/#organization\"},\"potentialAction\":[{\"@type\":\"SearchAction\",\"target\":{\"@type\":\"EntryPoint\",\"urlTemplate\":\"https:\\\/\\\/spinwinera.org\\\/pl\\\/?s={search_term_string}\"},\"query-input\":{\"@type\":\"PropertyValueSpecification\",\"valueRequired\":true,\"valueName\":\"search_term_string\"}}],\"inLanguage\":\"pl-PL\"},{\"@type\":\"Organization\",\"@id\":\"https:\\\/\\\/spinwinera.org\\\/pl\\\/#organization\",\"name\":\"Spinwinera\",\"url\":\"https:\\\/\\\/spinwinera.org\\\/pl\\\/\",\"logo\":{\"@type\":\"ImageObject\",\"inLanguage\":\"pl-PL\",\"@id\":\"https:\\\/\\\/spinwinera.org\\\/pl\\\/#\\\/schema\\\/logo\\\/image\\\/\",\"url\":\"https:\\\/\\\/spinwinera.org\\\/wp-content\\\/uploads\\\/2025\\\/12\\\/Spinwinera-logo-Mobile.png\",\"contentUrl\":\"https:\\\/\\\/spinwinera.org\\\/wp-content\\\/uploads\\\/2025\\\/12\\\/Spinwinera-logo-Mobile.png\",\"width\":87,\"height\":34,\"caption\":\"Spinwinera\"},\"image\":{\"@id\":\"https:\\\/\\\/spinwinera.org\\\/pl\\\/#\\\/schema\\\/logo\\\/image\\\/\"}}]}<\/script>\n<!-- \/ Yoast SEO plugin. -->","yoast_head_json":{"title":"Spinwinera kasyna Bonusy | Oferty powitalne i promocje","description":"Odkryj bonusy kasyna Spinwinera: oferty powitalne, nagrody za wp\u0142aty, bie\u017c\u0105ce promocje i ekscytuj\u0105ce turnieje. Sprawd\u017a wszystkie warunki bonus\u00f3w i spos\u00f3b ich uzyskania tutaj.","robots":{"index":"index","follow":"follow","max-snippet":"max-snippet:-1","max-image-preview":"max-image-preview:large","max-video-preview":"max-video-preview:-1"},"canonical":"https:\/\/spinwinera.org\/pl\/bonus\/","og_locale":"pl_PL","og_type":"article","og_title":"Spinwinera kasyna Bonusy | Oferty powitalne i promocje","og_description":"Odkryj bonusy kasyna Spinwinera: oferty powitalne, nagrody za wp\u0142aty, bie\u017c\u0105ce promocje i ekscytuj\u0105ce turnieje. Sprawd\u017a wszystkie warunki bonus\u00f3w i spos\u00f3b ich uzyskania tutaj.","og_url":"https:\/\/spinwinera.org\/pl\/bonus\/","og_site_name":"spinwinera","article_modified_time":"2025-12-29T15:01:45+00:00","twitter_card":"summary_large_image","twitter_misc":{"Est. reading time":"1 minuta"},"schema":{"@context":"https:\/\/schema.org","@graph":[{"@type":"WebPage","@id":"https:\/\/spinwinera.org\/pl\/bonus\/","url":"https:\/\/spinwinera.org\/pl\/bonus\/","name":"Spinwinera kasyna Bonusy | Oferty powitalne i promocje","isPartOf":{"@id":"https:\/\/spinwinera.org\/pl\/#website"},"datePublished":"2025-12-29T12:04:44+00:00","dateModified":"2025-12-29T15:01:45+00:00","description":"Odkryj bonusy kasyna Spinwinera: oferty powitalne, nagrody za wp\u0142aty, bie\u017c\u0105ce promocje i ekscytuj\u0105ce turnieje. Sprawd\u017a wszystkie warunki bonus\u00f3w i spos\u00f3b ich uzyskania tutaj.","breadcrumb":{"@id":"https:\/\/spinwinera.org\/pl\/bonus\/#breadcrumb"},"inLanguage":"pl-PL","potentialAction":[{"@type":"ReadAction","target":["https:\/\/spinwinera.org\/pl\/bonus\/"]}]},{"@type":"BreadcrumbList","@id":"https:\/\/spinwinera.org\/pl\/bonus\/#breadcrumb","itemListElement":[{"@type":"ListItem","position":1,"name":"Spinwinera","item":"https:\/\/spinwinera.org\/pl\/"},{"@type":"ListItem","position":2,"name":"Bonus"}]},{"@type":"WebSite","@id":"https:\/\/spinwinera.org\/pl\/#website","url":"https:\/\/spinwinera.org\/pl\/","name":"Spinwinera","description":"","publisher":{"@id":"https:\/\/spinwinera.org\/pl\/#organization"},"potentialAction":[{"@type":"SearchAction","target":{"@type":"EntryPoint","urlTemplate":"https:\/\/spinwinera.org\/pl\/?s={search_term_string}"},"query-input":{"@type":"PropertyValueSpecification","valueRequired":true,"valueName":"search_term_string"}}],"inLanguage":"pl-PL"},{"@type":"Organization","@id":"https:\/\/spinwinera.org\/pl\/#organization","name":"Spinwinera","url":"https:\/\/spinwinera.org\/pl\/","logo":{"@type":"ImageObject","inLanguage":"pl-PL","@id":"https:\/\/spinwinera.org\/pl\/#\/schema\/logo\/image\/","url":"https:\/\/spinwinera.org\/wp-content\/uploads\/2025\/12\/Spinwinera-logo-Mobile.png","contentUrl":"https:\/\/spinwinera.org\/wp-content\/uploads\/2025\/12\/Spinwinera-logo-Mobile.png","width":87,"height":34,"caption":"Spinwinera"},"image":{"@id":"https:\/\/spinwinera.org\/pl\/#\/schema\/logo\/image\/"}}]}},"_links":{"self":[{"href":"https:\/\/spinwinera.org\/pl\/wp-json\/wp\/v2\/pages\/1439","targetHints":{"allow":["GET"]}}],"collection":[{"href":"https:\/\/spinwinera.org\/pl\/wp-json\/wp\/v2\/pages"}],"about":[{"href":"https:\/\/spinwinera.org\/pl\/wp-json\/wp\/v2\/types\/page"}],"author":[{"embeddable":true,"href":"https:\/\/spinwinera.org\/pl\/wp-json\/wp\/v2\/users\/1"}],"replies":[{"embeddable":true,"href":"https:\/\/spinwinera.org\/pl\/wp-json\/wp\/v2\/comments?post=1439"}],"version-history":[{"count":2,"href":"https:\/\/spinwinera.org\/pl\/wp-json\/wp\/v2\/pages\/1439\/revisions"}],"predecessor-version":[{"id":1781,"href":"https:\/\/spinwinera.org\/pl\/wp-json\/wp\/v2\/pages\/1439\/revisions\/1781"}],"wp:attachment":[{"href":"https:\/\/spinwinera.org\/pl\/wp-json\/wp\/v2\/media?parent=1439"}],"curies":[{"name":"wp","href":"https:\/\/api.w.org\/{rel}","templated":true}]}}