{"id":1466,"date":"2025-12-29T11:25:00","date_gmt":"2025-12-29T11:25:00","guid":{"rendered":"https:\/\/spinwinera.org\/login-and-registration\/"},"modified":"2025-12-29T14:58:43","modified_gmt":"2025-12-29T14:58:43","slug":"logowanie-i-rejestracja","status":"publish","type":"page","link":"https:\/\/spinwinera.org\/pl\/logowanie-i-rejestracja\/","title":{"rendered":"Logowanie i rejestracja"},"content":{"rendered":"<h1>Spinwinera Login, Rejestracja i Zarz\u0105dzanie Kontem<\/h1>\n<p>Aby uzyska\u0107 dost\u0119p do gier oraz pozosta\u0142ych funkcji platformy, u\u017cytkownicy musz\u0105 przej\u015b\u0107 proces Spinwinera login.<\/p>\n<p>Rejestracja dost\u0119pna jest wy\u0142\u0105cznie dla os\u00f3b, kt\u00f3re uko\u0144czy\u0142y 18 lat.<\/p>\n<p>Zgodnie z regulaminem platformy, dozwolone jest posiadanie tylko jednego konta na osob\u0119 \u2014 tworzenie wielu kont jest zabronione.<\/p>\n<p>Proces logowania polega na wprowadzeniu zarejestrowanego adresu e-mail oraz has\u0142a, co umo\u017cliwia dost\u0119p do profilu u\u017cytkownika i wszystkich dost\u0119pnych us\u0142ug.<\/p>\n<p><div class=\"banner-wrap\" aria-label=\"Banner\"><img src=\"https:\/\/spinwinera.org\/wp-content\/uploads\/2025\/12\/Spinwinera-bonus-desktop.webp\" class=\"w-100 d-none d-lg-block img-pc main-banner-img\" alt=\"Spinwinera bonus desktop\" fetchpriority=\"high\" decoding=\"async\"><img src=\"https:\/\/spinwinera.org\/wp-content\/uploads\/2025\/12\/Spinwinera-bonus-mobile.webp\" class=\"w-100 d-none d-md-block d-lg-none main-banner-img\" alt=\"Spinwinera bonus mobile\" fetchpriority=\"high\" decoding=\"async\"><img src=\"https:\/\/spinwinera.org\/wp-content\/uploads\/2025\/12\/Spinwinera-bonus-mobile.webp\" class=\"w-100 d-md-none\" alt=\"Spinwinera bonus mobile\" fetchpriority=\"high\" decoding=\"async\"><div class=\"banner-description\">\n<div class=\"banner-title\">Bonusy powitalne<\/div>\n<p class=\"banner-header-title\">1500 \u20ac<\/p>\n<div class=\"banner-header-AdditionalText\">+ 250 Darmowe spiny<\/div>\n<button data-item=\"homepage_banner_link\" class=\"goto m-button m-gradient-border m-button--primary m-button--large banner-button btn-orange\">\n            <div class=\"m-button-content\">\n                <span>Zarejestruj si\u0119 teraz<\/span>\n                <span><\/span>\n            <\/div>\n        <\/button>\n<\/div>\n<div class=\"WelcomePack\">\n<p><img loading=\"lazy\" decoding=\"async\" class=\"alignnone size-full wp-image-1338\" src=\"https:\/\/spinwinera.org\/wp-content\/uploads\/2025\/12\/welcome-crown.svg\" alt=\"crown\" width=\"25\" height=\"26\" \/><\/p>\n<div class=\"WelcomePack-Info\">Cotygodniowy zwrot got\u00f3wki do 25%<\/div>\n<p><img loading=\"lazy\" decoding=\"async\" class=\"alignnone size-full wp-image-1338\" src=\"https:\/\/spinwinera.org\/wp-content\/uploads\/2025\/12\/welcome-crown.svg\" alt=\"crown\" width=\"25\" height=\"26\" \/><\/p>\n<\/div>\n<\/div><div class=\"scrollable-content-wrap my-5\"><div class=\"scrollable-content-inner\"><h2>Rejestracja w Kasynie Spinwinera<\/h2>\n<p>Za\u0142o\u017cenie konta w Spinwinera Casino zajmuje zaledwie kilka minut i zapewnia pe\u0142en dost\u0119p do funkcji platformy.Po zako\u0144czeniu rejestracji u\u017cytkownicy mog\u0105 dokonywa\u0107 wp\u0142at, korzysta\u0107 z promocji, gra\u0107 w ponad 6 000 gier oraz sk\u0142ada\u0107 wnioski o wyp\u0142at\u0119 \u015brodk\u00f3w.<\/p>\n<p>Aby rozpocz\u0105\u0107:<\/p>\n<ol>\n<li>Otw\u00f3rz stron\u0119 kasyna w dowolnej nowoczesnej przegl\u0105darce na komputerze lub urz\u0105dzeniu mobilnym.<\/li>\n<li>Kliknij przycisk \u201eZarejestruj si\u0119\u201d w prawym g\u00f3rnym rogu strony g\u0142\u00f3wnej.<\/li>\n<li>Wprowad\u017a adres e-mail oraz utw\u00f3rz has\u0142o o d\u0142ugo\u015bci co najmniej sze\u015bciu znak\u00f3w.<\/li>\n<li>Potwierd\u017a, \u017ce masz uko\u0144czone 18 lat i zaakceptuj regulamin platformy.<\/li>\n<\/ol>\n<p>Nast\u0119pnie nale\u017cy uzupe\u0142ni\u0107 formularz rejestracyjny, podaj\u0105c imi\u0119, nazwisko, adres oraz dane kontaktowe.Po wykonaniu wszystkich krok\u00f3w system automatycznie zaloguje u\u017cytkownika na konto, z kt\u00f3rego mo\u017cna dokona\u0107 pierwszej wp\u0142aty lub rozpocz\u0105\u0107 gr\u0119 w trybie demonstracyjnym.Podczas kolejnych wizyt dost\u0119p do konta uzyskuje si\u0119 poprzez stron\u0119 logowania Spinwinera.<\/p>\n<h2>Dost\u0119p i Zarz\u0105dzanie Kontem Spinwinera<\/h2>\n<p>Po zalogowaniu u\u017cytkownik uzyskuje dost\u0119p do wszystkich funkcji platformy, w tym:<\/p>\n<ul>\n<li>biblioteki gier zawieraj\u0105cej ponad 6 000 tytu\u0142\u00f3w,<\/li>\n<li>metod p\u0142atno\u015bci,<\/li>\n<li>wieloj\u0119zycznej obs\u0142ugi klienta.<\/li>\n<\/ul>\n<p>W sekcji \u201eMoje konto\u201d mo\u017cna:<\/p>\n<ul>\n<li>zarz\u0105dza\u0107 wp\u0142atami i wyp\u0142atami,<\/li>\n<li>sprawdza\u0107 informacje o bonusach,<\/li>\n<li>aktualizowa\u0107 dane osobowe.<\/li>\n<\/ul>\n<p>Te narz\u0119dzia zosta\u0142y zaprojektowane tak, aby u\u0142atwi\u0107 u\u017cytkownikom zarz\u0105dzanie kontem i korzystanie z platformy Spinwinera w spos\u00f3b wygodny i bezpieczny.<\/p>\n<table>\n<tbody>\n<tr>\n<td>Funkcja<\/td>\n<td>Szczeg\u00f3\u0142y<\/td>\n<\/tr>\n<tr>\n<td>Historia transakcji<\/td>\n<td>Pe\u0142na historia wp\u0142at, wyp\u0142at i zak\u0142ad\u00f3w jest dost\u0119pna tutaj.<\/td>\n<\/tr>\n<tr>\n<td>Weryfikacja to\u017csamo\u015bci (KYC)<\/td>\n<td>Na swoim koncie osobistym nale\u017cy przes\u0142a\u0107 dokumenty to\u017csamo\u015bci w celu weryfikacji konta i umo\u017cliwienia wyp\u0142at.<\/td>\n<\/tr>\n<tr>\n<td>Narz\u0119dzia odpowiedzialnej gry<\/td>\n<td>Mo\u017cesz ustawi\u0107 limity wp\u0142at, strat lub czasu sesji. Poza tym, w razie potrzeby, mo\u017cesz w\u0142\u0105czy\u0107 opcj\u0119 samowykluczenia.<\/td>\n<\/tr>\n<tr>\n<td>Zarz\u0105dzanie danymi osobowymi<\/td>\n<td>U\u017cytkownicy maj\u0105 mo\u017cliwo\u015b\u0107 bezpiecznej aktualizacji danych osobowych, takich jak adres e-mail, adres lub has\u0142o.<\/td>\n<\/tr>\n<tr>\n<td>Ustawienia zabezpiecze\u0144<\/td>\n<td>Mo\u017cesz w\u0142\u0105czy\u0107 uwierzytelnianie dwusk\u0142adnikowe lub logowanie biometryczne, aby zapewni\u0107 sobie dodatkow\u0105 ochron\u0119.<\/td>\n<\/tr>\n<\/tbody>\n<\/table>\n<h3>Zapomnia\u0142e\u015b Has\u0142a?<\/h3>\n<p>Je\u015bli zapomnia\u0142e\u015b has\u0142a do konta Spinwinera, mo\u017cesz je \u0142atwo zresetowa\u0107, korzystaj\u0105c ze standardowej opcji odzyskiwania dost\u0119pnej na stronie logowania.<\/p>\n<p>Wybierz link \u201eZapomnia\u0142e\u015b has\u0142a?\u201d, a nast\u0119pnie wprowad\u017a adres e-mail powi\u0105zany z Twoim kontem.<\/p>\n<p>Na podany adres zostanie wys\u0142any link do resetowania has\u0142a, kt\u00f3ry umo\u017cliwi utworzenie nowego has\u0142a i przywr\u00f3cenie dost\u0119pu do konta.<\/p>\n<h3>Proces Weryfikacji Konta w Kasynie Spinwinera<\/h3>\n<p>Kasyno Spinwinera wymaga przeprowadzenia weryfikacji konta, aby spe\u0142ni\u0107 wymogi dotycz\u0105ce bezpiecze\u0144stwa oraz przeciwdzia\u0142ania oszustwom.Zgodnie z zasadami platformy, ka\u017cdy u\u017cytkownik mo\u017ce posiada\u0107 tylko jedno konto.<\/p>\n<p>Weryfikacja musi zosta\u0107 uko\u0144czona przed z\u0142o\u017ceniem pierwszej pro\u015bby o wyp\u0142at\u0119 \u015brodk\u00f3w.Proces polega na przes\u0142aniu czytelnych kopii lub zdj\u0119\u0107 dokument\u00f3w to\u017csamo\u015bci, kt\u00f3re potwierdzaj\u0105 dane u\u017cytkownika.Zazwyczaj weryfikacja jest przeprowadzana w ci\u0105gu 48 godzin, a u\u017cytkownik otrzymuje powiadomienie po jej zako\u0144czeniu.<\/p>\n<p>Najcz\u0119\u015bciej wymagane dokumenty to:<\/p>\n<ul>\n<li>Wa\u017cny paszport, dow\u00f3d osobisty lub prawo jazdy,<\/li>\n<li>Rachunek za media lub wyci\u0105g bankowy wystawiony w ci\u0105gu ostatnich 6 miesi\u0119cy,<\/li>\n<li>Zrzut ekranu lub oficjalne potwierdzenie potwierdzaj\u0105ce w\u0142asno\u015b\u0107 wybranej metody p\u0142atno\u015bci.<\/li>\n<\/ul>\n<h2>FAQ<\/h2>\n<h3>Jak mog\u0119 zweryfikowa\u0107 swoje konto?<\/h3>\n<p>Weryfikacja konta Spinwinera musi zosta\u0107 uko\u0144czona przed z\u0142o\u017ceniem pierwszego wniosku o wyp\u0142at\u0119 \u015brodk\u00f3w.<br \/>\nProces ten wymaga przes\u0142ania dokument\u00f3w potwierdzaj\u0105cych to\u017csamo\u015b\u0107, adres zamieszkania oraz w\u0142asno\u015b\u0107 metody p\u0142atno\u015bci.<br \/>\nStandardowo wymagane dokumenty to:<\/p>\n<ul>\n<li>Paszport lub prawo jazdy,<\/li>\n<li>Rachunek za media lub wyci\u0105g bankowy z ostatnich 6 miesi\u0119cy,<\/li>\n<li>Potwierdzenie metody p\u0142atno\u015bci, np. zrzut ekranu lub dokument z banku.<\/li>\n<\/ul>\n<p>Weryfikacja trwa zazwyczaj do 48 godzin, po czym otrzymasz powiadomienie o jej zako\u0144czeniu.<\/p>\n<h3>Czy mog\u0119 zmieni\u0107 has\u0142o lub adres e-mail?<\/h3>\n<p>Tak, mo\u017cesz w ka\u017cdej chwili zmieni\u0107 swoje has\u0142o lub adres e-mail.<\/p>\n<p>Wystarczy przej\u015b\u0107 do ustawie\u0144 konta, gdzie mo\u017cesz \u0142atwo i bezpiecznie zarz\u0105dza\u0107 swoimi danymi osobowymi oraz informacjami o p\u0142atno\u015bciach.<\/p>\n<h3>Co zrobi\u0107, je\u015bli moje konto zosta\u0142o zablokowane?<\/h3>\n<p>Je\u015bli Twoje konto Spinwinera zosta\u0142o zablokowane, sprawd\u017a swoj\u0105 skrzynk\u0119 e-mail \u2014 znajdziesz tam wiadomo\u015b\u0107 z wyja\u015bnieniem przyczyny oraz instrukcjami dotycz\u0105cymi dalszych krok\u00f3w.<\/p>\n<p>Je\u015bli nie otrzyma\u0142e\u015b \u017cadnego e-maila, skontaktuj si\u0119 z zespo\u0142em obs\u0142ugi klienta poprzez czat na \u017cywo lub e-mail.<\/p>\n<p>Nasi specjali\u015bci pomog\u0105 Ci szybko rozwi\u0105za\u0107 problem i odzyska\u0107 dost\u0119p do konta.<\/p>\n<h3>Jak zamkn\u0105\u0107 lub tymczasowo zawiesi\u0107 konto?<\/h3>\n<p>Aby zamkn\u0105\u0107 lub tymczasowo zawiesi\u0107 konto Spinwinera, skontaktuj si\u0119 z naszym zespo\u0142em wsparcia poprzez czat na \u017cywo lub e-mail.<\/p>\n<p>Nasi konsultanci om\u00f3wi\u0105 z Tob\u0105 pow\u00f3d decyzji i przeprowadz\u0105 przez kolejne kroki.<\/p>\n<p>Wsparcie jest dost\u0119pne 24\/7, aby pom\u00f3c Ci profesjonalnie i bez zb\u0119dnej zw\u0142oki.<\/p>\n<\/div><\/div><\/p>\n","protected":false},"excerpt":{"rendered":"<p>Spinwinera Login, Rejestracja i Zarz\u0105dzanie Kontem Aby uzyska\u0107 dost\u0119p do gier oraz pozosta\u0142ych funkcji platformy, u\u017cytkownicy musz\u0105 przej\u015b\u0107 proces Spinwinera login. Rejestracja dost\u0119pna jest wy\u0142\u0105cznie dla os\u00f3b, kt\u00f3re uko\u0144czy\u0142y 18 lat. Zgodnie z regulaminem platformy, dozwolone jest posiadanie tylko jednego konta na osob\u0119 \u2014 tworzenie wielu kont jest zabronione. Proces logowania polega na wprowadzeniu zarejestrowanego [&hellip;]<\/p>\n","protected":false},"author":1,"featured_media":0,"parent":0,"menu_order":0,"comment_status":"closed","ping_status":"closed","template":"template-builder.php","meta":{"_acf_changed":false,"inline_featured_image":false,"footnotes":""},"class_list":["post-1466","page","type-page","status-publish","hentry"],"acf":[],"yoast_head":"<!-- This site is optimized with the Yoast SEO plugin v27.3 - https:\/\/yoast.com\/product\/yoast-seo-wordpress\/ -->\n<title>Spinwinera Logowanie \u2013 rejestracja i dost\u0119p do konta<\/title>\n<meta name=\"description\" content=\"Zarejestruj, zarz\u0105dzaj i weryfikuj swoje konto w kasynie Spinwinera w prosty spos\u00f3b. Szybko tw\u00f3rz, odzyskuj lub zamykaj swoje konto dzi\u0119ki bezpiecznemu dost\u0119powi poprzez Spinwinera Login.\" \/>\n<meta name=\"robots\" content=\"index, follow, max-snippet:-1, max-image-preview:large, max-video-preview:-1\" \/>\n<link rel=\"canonical\" href=\"https:\/\/spinwinera.org\/pl\/logowanie-i-rejestracja\/\" \/>\n<meta property=\"og:locale\" content=\"pl_PL\" \/>\n<meta property=\"og:type\" content=\"article\" \/>\n<meta property=\"og:title\" content=\"Spinwinera Logowanie \u2013 rejestracja i dost\u0119p do konta\" \/>\n<meta property=\"og:description\" content=\"Zarejestruj, zarz\u0105dzaj i weryfikuj swoje konto w kasynie Spinwinera w prosty spos\u00f3b. Szybko tw\u00f3rz, odzyskuj lub zamykaj swoje konto dzi\u0119ki bezpiecznemu dost\u0119powi poprzez Spinwinera Login.\" \/>\n<meta property=\"og:url\" content=\"https:\/\/spinwinera.org\/pl\/logowanie-i-rejestracja\/\" \/>\n<meta property=\"og:site_name\" content=\"spinwinera\" \/>\n<meta property=\"article:modified_time\" content=\"2025-12-29T14:58:43+00:00\" \/>\n<meta name=\"twitter:card\" content=\"summary_large_image\" \/>\n<meta name=\"twitter:label1\" content=\"Est. reading time\" \/>\n\t<meta name=\"twitter:data1\" content=\"1 minuta\" \/>\n<script type=\"application\/ld+json\" class=\"yoast-schema-graph\">{\"@context\":\"https:\\\/\\\/schema.org\",\"@graph\":[{\"@type\":\"WebPage\",\"@id\":\"https:\\\/\\\/spinwinera.org\\\/pl\\\/logowanie-i-rejestracja\\\/\",\"url\":\"https:\\\/\\\/spinwinera.org\\\/pl\\\/logowanie-i-rejestracja\\\/\",\"name\":\"Spinwinera Logowanie \u2013 rejestracja i dost\u0119p do konta\",\"isPartOf\":{\"@id\":\"https:\\\/\\\/spinwinera.org\\\/pl\\\/#website\"},\"datePublished\":\"2025-12-29T11:25:00+00:00\",\"dateModified\":\"2025-12-29T14:58:43+00:00\",\"description\":\"Zarejestruj, zarz\u0105dzaj i weryfikuj swoje konto w kasynie Spinwinera w prosty spos\u00f3b. Szybko tw\u00f3rz, odzyskuj lub zamykaj swoje konto dzi\u0119ki bezpiecznemu dost\u0119powi poprzez Spinwinera Login.\",\"breadcrumb\":{\"@id\":\"https:\\\/\\\/spinwinera.org\\\/pl\\\/logowanie-i-rejestracja\\\/#breadcrumb\"},\"inLanguage\":\"pl-PL\",\"potentialAction\":[{\"@type\":\"ReadAction\",\"target\":[\"https:\\\/\\\/spinwinera.org\\\/pl\\\/logowanie-i-rejestracja\\\/\"]}]},{\"@type\":\"BreadcrumbList\",\"@id\":\"https:\\\/\\\/spinwinera.org\\\/pl\\\/logowanie-i-rejestracja\\\/#breadcrumb\",\"itemListElement\":[{\"@type\":\"ListItem\",\"position\":1,\"name\":\"Spinwinera\",\"item\":\"https:\\\/\\\/spinwinera.org\\\/pl\\\/\"},{\"@type\":\"ListItem\",\"position\":2,\"name\":\"Logowanie i rejestracja\"}]},{\"@type\":\"WebSite\",\"@id\":\"https:\\\/\\\/spinwinera.org\\\/pl\\\/#website\",\"url\":\"https:\\\/\\\/spinwinera.org\\\/pl\\\/\",\"name\":\"Spinwinera\",\"description\":\"\",\"publisher\":{\"@id\":\"https:\\\/\\\/spinwinera.org\\\/pl\\\/#organization\"},\"potentialAction\":[{\"@type\":\"SearchAction\",\"target\":{\"@type\":\"EntryPoint\",\"urlTemplate\":\"https:\\\/\\\/spinwinera.org\\\/pl\\\/?s={search_term_string}\"},\"query-input\":{\"@type\":\"PropertyValueSpecification\",\"valueRequired\":true,\"valueName\":\"search_term_string\"}}],\"inLanguage\":\"pl-PL\"},{\"@type\":\"Organization\",\"@id\":\"https:\\\/\\\/spinwinera.org\\\/pl\\\/#organization\",\"name\":\"Spinwinera\",\"url\":\"https:\\\/\\\/spinwinera.org\\\/pl\\\/\",\"logo\":{\"@type\":\"ImageObject\",\"inLanguage\":\"pl-PL\",\"@id\":\"https:\\\/\\\/spinwinera.org\\\/pl\\\/#\\\/schema\\\/logo\\\/image\\\/\",\"url\":\"https:\\\/\\\/spinwinera.org\\\/wp-content\\\/uploads\\\/2025\\\/12\\\/Spinwinera-logo-Mobile.png\",\"contentUrl\":\"https:\\\/\\\/spinwinera.org\\\/wp-content\\\/uploads\\\/2025\\\/12\\\/Spinwinera-logo-Mobile.png\",\"width\":87,\"height\":34,\"caption\":\"Spinwinera\"},\"image\":{\"@id\":\"https:\\\/\\\/spinwinera.org\\\/pl\\\/#\\\/schema\\\/logo\\\/image\\\/\"}}]}<\/script>\n<!-- \/ Yoast SEO plugin. -->","yoast_head_json":{"title":"Spinwinera Logowanie \u2013 rejestracja i dost\u0119p do konta","description":"Zarejestruj, zarz\u0105dzaj i weryfikuj swoje konto w kasynie Spinwinera w prosty spos\u00f3b. Szybko tw\u00f3rz, odzyskuj lub zamykaj swoje konto dzi\u0119ki bezpiecznemu dost\u0119powi poprzez Spinwinera Login.","robots":{"index":"index","follow":"follow","max-snippet":"max-snippet:-1","max-image-preview":"max-image-preview:large","max-video-preview":"max-video-preview:-1"},"canonical":"https:\/\/spinwinera.org\/pl\/logowanie-i-rejestracja\/","og_locale":"pl_PL","og_type":"article","og_title":"Spinwinera Logowanie \u2013 rejestracja i dost\u0119p do konta","og_description":"Zarejestruj, zarz\u0105dzaj i weryfikuj swoje konto w kasynie Spinwinera w prosty spos\u00f3b. Szybko tw\u00f3rz, odzyskuj lub zamykaj swoje konto dzi\u0119ki bezpiecznemu dost\u0119powi poprzez Spinwinera Login.","og_url":"https:\/\/spinwinera.org\/pl\/logowanie-i-rejestracja\/","og_site_name":"spinwinera","article_modified_time":"2025-12-29T14:58:43+00:00","twitter_card":"summary_large_image","twitter_misc":{"Est. reading time":"1 minuta"},"schema":{"@context":"https:\/\/schema.org","@graph":[{"@type":"WebPage","@id":"https:\/\/spinwinera.org\/pl\/logowanie-i-rejestracja\/","url":"https:\/\/spinwinera.org\/pl\/logowanie-i-rejestracja\/","name":"Spinwinera Logowanie \u2013 rejestracja i dost\u0119p do konta","isPartOf":{"@id":"https:\/\/spinwinera.org\/pl\/#website"},"datePublished":"2025-12-29T11:25:00+00:00","dateModified":"2025-12-29T14:58:43+00:00","description":"Zarejestruj, zarz\u0105dzaj i weryfikuj swoje konto w kasynie Spinwinera w prosty spos\u00f3b. Szybko tw\u00f3rz, odzyskuj lub zamykaj swoje konto dzi\u0119ki bezpiecznemu dost\u0119powi poprzez Spinwinera Login.","breadcrumb":{"@id":"https:\/\/spinwinera.org\/pl\/logowanie-i-rejestracja\/#breadcrumb"},"inLanguage":"pl-PL","potentialAction":[{"@type":"ReadAction","target":["https:\/\/spinwinera.org\/pl\/logowanie-i-rejestracja\/"]}]},{"@type":"BreadcrumbList","@id":"https:\/\/spinwinera.org\/pl\/logowanie-i-rejestracja\/#breadcrumb","itemListElement":[{"@type":"ListItem","position":1,"name":"Spinwinera","item":"https:\/\/spinwinera.org\/pl\/"},{"@type":"ListItem","position":2,"name":"Logowanie i rejestracja"}]},{"@type":"WebSite","@id":"https:\/\/spinwinera.org\/pl\/#website","url":"https:\/\/spinwinera.org\/pl\/","name":"Spinwinera","description":"","publisher":{"@id":"https:\/\/spinwinera.org\/pl\/#organization"},"potentialAction":[{"@type":"SearchAction","target":{"@type":"EntryPoint","urlTemplate":"https:\/\/spinwinera.org\/pl\/?s={search_term_string}"},"query-input":{"@type":"PropertyValueSpecification","valueRequired":true,"valueName":"search_term_string"}}],"inLanguage":"pl-PL"},{"@type":"Organization","@id":"https:\/\/spinwinera.org\/pl\/#organization","name":"Spinwinera","url":"https:\/\/spinwinera.org\/pl\/","logo":{"@type":"ImageObject","inLanguage":"pl-PL","@id":"https:\/\/spinwinera.org\/pl\/#\/schema\/logo\/image\/","url":"https:\/\/spinwinera.org\/wp-content\/uploads\/2025\/12\/Spinwinera-logo-Mobile.png","contentUrl":"https:\/\/spinwinera.org\/wp-content\/uploads\/2025\/12\/Spinwinera-logo-Mobile.png","width":87,"height":34,"caption":"Spinwinera"},"image":{"@id":"https:\/\/spinwinera.org\/pl\/#\/schema\/logo\/image\/"}}]}},"_links":{"self":[{"href":"https:\/\/spinwinera.org\/pl\/wp-json\/wp\/v2\/pages\/1466","targetHints":{"allow":["GET"]}}],"collection":[{"href":"https:\/\/spinwinera.org\/pl\/wp-json\/wp\/v2\/pages"}],"about":[{"href":"https:\/\/spinwinera.org\/pl\/wp-json\/wp\/v2\/types\/page"}],"author":[{"embeddable":true,"href":"https:\/\/spinwinera.org\/pl\/wp-json\/wp\/v2\/users\/1"}],"replies":[{"embeddable":true,"href":"https:\/\/spinwinera.org\/pl\/wp-json\/wp\/v2\/comments?post=1466"}],"version-history":[{"count":2,"href":"https:\/\/spinwinera.org\/pl\/wp-json\/wp\/v2\/pages\/1466\/revisions"}],"predecessor-version":[{"id":1773,"href":"https:\/\/spinwinera.org\/pl\/wp-json\/wp\/v2\/pages\/1466\/revisions\/1773"}],"wp:attachment":[{"href":"https:\/\/spinwinera.org\/pl\/wp-json\/wp\/v2\/media?parent=1466"}],"curies":[{"name":"wp","href":"https:\/\/api.w.org\/{rel}","templated":true}]}}